{"id":1449,"date":"2017-03-06T08:52:01","date_gmt":"2017-03-06T07:52:01","guid":{"rendered":"https:\/\/bruksela.lodzkie.pl\/?page_id=1449"},"modified":"2018-11-02T10:27:52","modified_gmt":"2018-11-02T09:27:52","slug":"screen","status":"publish","type":"page","link":"https:\/\/bruksela.lodzkie.pl\/en\/nasze-projekty\/screen\/","title":{"rendered":"SCREEN"},"content":{"rendered":"<section><div class=\"container\"><div class=\"row\"><div class=\"wpb_column vc_column_container col-sm-12  col-xs-mobile-fullwidth\"><div class=\"vc-column-innner-wrapper\"><div class=\"wpd-innner-wrapper\"><div class=\"margin-ten no-margin-lr clearfix\"><h1 class=\"alt-font heading-style1 brando_heading_1501072378-2-48\">Project objective<\/h1><\/div><p>The objective of the \u201cEuropean Regions for Synergy in Circular Economy\u201d project is, at the first stage, examination of the potential and infrastructure, the possible connections between enterprises in various sectors (in particular with regard to smart specializations), and an analysis of available financial instruments \u2013within the framework of both structural funds and investment funds or preferential credits.<\/p>\n<p>At the second stage, the purpose will be the establishment of a new framework for optimum use of funds for research and innovations, for the development of a circular economy, and the establishment of a system of support for projects which scored highly in competitions announced under the Horizon 2020 Programme, but were not awarded financing due to limited funds<\/p>\n<p>According to its objectives, the SCREEN Project will contribute to:<\/p>\n<p>involvement of regional entities in joint undertakings aimed at the increase of synergy in the circular economy<br \/>\nestablishment of trans-national co-operation for the development<br \/>\nmaximization of investments by supporting enterprising initiatives.<\/p>\n<\/div><\/div><\/div><\/div><\/div><\/section><section><div class=\"container\"><div class=\"row\"><div class=\"wpb_column vc_column_container col-sm-12  col-xs-mobile-fullwidth\"><div class=\"vc-column-innner-wrapper\"><div class=\"wpd-innner-wrapper\"><div class=\"margin-ten no-margin-lr clearfix\"><h1 class=\"alt-font heading-style1 brando_heading_1501072378-2-48\">Activities within the project<\/h1><\/div><p>The activities under SCREEN will use developing branches of industry to encourage underdeveloped regions to support newly established, innovative entities and their expansion into international markets.<\/p>\n<p>The consortium consists of, inter alia, entities from France, Italy, Spain, Portugal, Greece and the Netherlands.<\/p>\n<\/div><\/div><\/div><\/div><\/div><\/section><section><div class=\"container\"><div class=\"row\"><div class=\"wpb_column vc_column_container col-sm-12  col-xs-mobile-fullwidth\"><div class=\"vc-column-innner-wrapper\"><div class=\"wpd-innner-wrapper\"><div class=\"margin-ten no-margin-lr clearfix\"><h1 class=\"alt-font heading-style1 brando_heading_1501072378-2-48\">Financing <\/h1><\/div><p>The project is financed from the funds of the Horizon 2020 Programme, under the Industrial Leadership theme; the project type is Coordination and Support Action.<\/p>\n<p>The value of the project amounts to: EUR 1,771,865.00<br \/>\nIncluding the value financed by the EU: EUR 1,742,747.50<br \/>\nBudget for the \u0141\u00f3d\u017a Region: EUR 101,000.00<\/p>\n<\/div><\/div><\/div><\/div><\/div><\/section><section><div class=\"container\"><div class=\"row\"><div class=\"wpb_column vc_column_container col-sm-12  col-xs-mobile-fullwidth\"><div class=\"vc-column-innner-wrapper\"><div class=\"wpd-innner-wrapper\"><div class=\"margin-ten no-margin-lr clearfix\"><h1 class=\"alt-font heading-style1 brando_heading_1501072378-2-48\">Period of project implementation<\/h1><\/div><p>November 2016 \u2013 October 2018<\/p>\n<\/div><\/div><\/div><\/div><\/div><\/section><section><div class=\"container\"><div class=\"row\"><div class=\"wpb_column vc_column_container col-sm-12  col-xs-mobile-fullwidth\"><div class=\"vc-column-innner-wrapper\"><div class=\"wpd-innner-wrapper\"><div class=\"margin-ten no-margin-lr clearfix\"><h1 class=\"alt-font heading-style1 brando_heading_1501072378-2-48\">Cooperation<\/h1><\/div><p>Our objective is to establish a regional network of experts in a closed-circuit economy, originating from both the academic environment and practitioners. We welcome entrepreneurs from the recycling and power sectors, representatives of communal authorities from the \u0141\u00f3d\u017a region and scientists.<\/p>\n<\/div><\/div><\/div><\/div><\/div><\/section><section><div class=\"container\"><div class=\"row\"><div class=\"wpb_column vc_column_container col-sm-12  col-xs-mobile-fullwidth\"><div class=\"vc-column-innner-wrapper\"><div class=\"wpd-innner-wrapper\"><div class=\"margin-ten no-margin-lr clearfix\"><h1 class=\"alt-font heading-style1 brando_heading_1501072378-2-48\">Project events<\/h1><\/div><p>24-25 November 2016 \u2013 Brussels \u2013 Kick-off Meeting<br \/>\n16-17 March 2017 \u2013 Rome \u2013 First project meeting<br \/>\n28-29 June 2017 \u2013 Milan \u2013 First international workshop<\/p>\n<p>Planned in the nearest future:<\/p>\n<p>21-22 November 2017 \u2013 London \u2013 Group workshop devoted to future initiatives from the Horizon 2020 Programme<\/p>\n<p><a href=\"https:\/\/www.screen-lab.eu\/\">www.screen-lab.eu<\/a><\/p>\n<\/div><\/div><\/div><\/div><\/div><\/section><div class=\"wpb_column vc_column_container col-sm-12  col-xs-mobile-fullwidth\"><div class=\"vc-column-innner-wrapper\"><div class=\"wpd-innner-wrapper\"><\/div><\/div><\/div>","protected":false},"excerpt":{"rendered":"<p>Project objectiveThe objective of the \u201cEuropean Regions for Synergy in Circular Economy\u201d project is, at the first stage, examination of the potential and infrastructure, the possible connections between enterprises in various sectors (in particular with regard to smart specializations), and an analysis of available financial instruments \u2013within the framework of both structural funds and investment [&hellip;]<\/p>\n","protected":false},"author":3,"featured_media":0,"parent":1435,"menu_order":0,"comment_status":"closed","ping_status":"closed","template":"","meta":{"_acf_changed":false,"footnotes":""},"class_list":["post-1449","page","type-page","status-publish","hentry"],"acf":[],"_links":{"self":[{"href":"https:\/\/bruksela.lodzkie.pl\/en\/wp-json\/wp\/v2\/pages\/1449","targetHints":{"allow":["GET"]}}],"collection":[{"href":"https:\/\/bruksela.lodzkie.pl\/en\/wp-json\/wp\/v2\/pages"}],"about":[{"href":"https:\/\/bruksela.lodzkie.pl\/en\/wp-json\/wp\/v2\/types\/page"}],"author":[{"embeddable":true,"href":"https:\/\/bruksela.lodzkie.pl\/en\/wp-json\/wp\/v2\/users\/3"}],"replies":[{"embeddable":true,"href":"https:\/\/bruksela.lodzkie.pl\/en\/wp-json\/wp\/v2\/comments?post=1449"}],"version-history":[{"count":5,"href":"https:\/\/bruksela.lodzkie.pl\/en\/wp-json\/wp\/v2\/pages\/1449\/revisions"}],"predecessor-version":[{"id":6117,"href":"https:\/\/bruksela.lodzkie.pl\/en\/wp-json\/wp\/v2\/pages\/1449\/revisions\/6117"}],"up":[{"embeddable":true,"href":"https:\/\/bruksela.lodzkie.pl\/en\/wp-json\/wp\/v2\/pages\/1435"}],"wp:attachment":[{"href":"https:\/\/bruksela.lodzkie.pl\/en\/wp-json\/wp\/v2\/media?parent=1449"}],"curies":[{"name":"wp","href":"https:\/\/api.w.org\/{rel}","templated":true}]}}