{"id":1481,"date":"2017-03-06T09:02:59","date_gmt":"2017-03-06T08:02:59","guid":{"rendered":"https:\/\/bruksela.lodzkie.pl\/?page_id=1481"},"modified":"2026-01-23T14:38:09","modified_gmt":"2026-01-23T13:38:09","slug":"kontakt","status":"publish","type":"page","link":"https:\/\/bruksela.lodzkie.pl\/en\/kontakt\/","title":{"rendered":"CONTACT"},"content":{"rendered":"<section ><div class=\"container\"><div class=\"row\"><section><div class=\"container\"><div class=\"row\"><div class=\"wpb_column vc_column_container col-sm-6  col-xs-mobile-fullwidth\"><div class=\"vc-column-innner-wrapper\"><div class=\"wpd-innner-wrapper\"><div class=\"margin-ten no-margin-lr clearfix\"><h3 class=\"alt-font  black-text heading-style1 brando_heading_1501578455-2-66\" style=\"font-weight:600 !important;;\">DANE KONTAKTOWE<\/h3><\/div><p style=\"text-align: left;\"><strong>Wydzia\u0142 Rozwoju Wsp\u00f3\u0142pracy Zagranicznej<br \/>\n<\/strong><strong>Urz\u0105d Marsza\u0142kowski Wojew\u00f3dztwa \u0141\u00f3dzkiego<br \/>\n<\/strong>telefon: (+48) 42 663 35 82, (+48) 42 663 32 98, (+48) 42 663 35 82<br \/>\nadres e-mail: <a href=\"mailto:rbwl@lodzkie.pl\">rbwl@lodzkie.pl<\/a><\/p>\n<p style=\"text-align: left;\">Zapraszamy do kontaktu z nami w \u0141odzi i Brukseli<\/p>\n<\/div><\/div><\/div><div class=\"wpb_column vc_column_container col-sm-6  col-xs-mobile-fullwidth\"><div class=\"vc-column-innner-wrapper\"><div class=\"wpd-innner-wrapper\"><div class=\"margin-ten no-margin-lr clearfix\"><h1 class=\"alt-font heading-style1 brando_heading_1501578455-2-66\"><\/h1><\/div><\/div><\/div><\/div><\/div><\/div><\/section><section><div class=\"container\"><div class=\"row\"><div class=\"wpb_column vc_column_container col-sm-6  col-xs-mobile-fullwidth\"><div class=\"vc-column-innner-wrapper\"><div class=\"wpd-innner-wrapper\"><div class=\"margin-ten no-margin-lr clearfix\"><h3 class=\"alt-font  black-text tytul-center heading-style1 margin-0auto brando_heading_1500640583-2-59\" style=\"font-weight:600 !important;;\">\u0141\u00d3D\u0179<\/h3><\/div><p>\u0141\u00f3d\u017a, al.Pi\u0142sudskiego 12, 90-051 \u0141\u00f3d\u017a<\/p>\n<p>tel: (+48) 42 663 35 82, (+48) 42 663 32 98, (+48) 42 663 35 82<\/p>\n<div class=\"wpgmp_map_container wpgmp-map-1\" rel=\"map1\"><div class=\"wpgmp_map \" style=\"width:100%; height:400px;\" id=\"map1\" ><\/div><\/div><script>jQuery(document).ready(function($) {var map1 = $(\"#map1\").maps({\"map_options\":{\"center_lat\":\"51.7600647\",\"center_lng\":\"19.46087220000004\",\"zoom\":15,\"map_type_id\":\"ROADMAP\",\"center_by_nearest\":false,\"center_circle_fillcolor\":\"\",\"center_circle_fillopacity\":\"\",\"center_circle_strokecolor\":\"\",\"center_circle_strokeopacity\":\"\",\"center_circle_radius\":\"\",\"show_center_circle\":false,\"show_center_marker\":false,\"center_marker_icon\":\"\",\"center_marker_infowindow\":\"\",\"center_circle_strokeweight\":\"\",\"draggable\":true,\"scroll_wheel\":true,\"display_45_imagery\":\"\",\"marker_default_icon\":\"\",\"infowindow_setting\":\"\",\"infowindow_geotags_setting\":\"\",\"infowindow_bounce_animation\":null,\"infowindow_drop_animation\":false,\"close_infowindow_on_map_click\":false,\"default_infowindow_open\":false,\"infowindow_open_event\":\"click\",\"infowindow_filter_only\":false,\"infowindow_click_change_zoom\":0,\"infowindow_click_change_center\":false,\"full_screen_control\":true,\"search_control\":true,\"zoom_control\":true,\"map_type_control\":true,\"street_view_control\":true,\"mobile_specific\":false,\"zoom_mobile\":0,\"draggable_mobile\":true,\"scroll_wheel_mobile\":true,\"full_screen_control_position\":null,\"search_control_position\":null,\"zoom_control_position\":null,\"map_type_control_position\":null,\"map_type_control_style\":null,\"street_view_control_position\":null,\"map_control\":true,\"map_control_settings\":null,\"screens\":null,\"map_infowindow_customisations\":false,\"infowindow_border_color\":\"rgba(0, 0, 0, 0.0980392)\",\"infowindow_bg_color\":\"#fff\",\"show_infowindow_header\":false,\"width\":\"100%\",\"height\":\"400\"},\"places\":[{\"id\":\"1\",\"title\":\"Urz\\u0105d Marsza\\u0142kowski Wojew\\u00f3dztwa \\u0141\\u00f3dzkiego\",\"address\":\"Aleja Marsza\\u0142ka J\\u00f3zefa Pi\\u0142sudskiego 8, \\u0141\\u00f3d\\u017a, Poland\",\"source\":\"manual\",\"content\":\"Urz\\u0105d Marsza\\u0142kowski Wojew\\u00f3dztwa \\u0141\\u00f3dzkiego\",\"location\":{\"icon\":\"\",\"lat\":\"51.7600647\",\"lng\":\"19.46087220000004\",\"city\":\"\\u0141\\u00f3d\\u017a\",\"state\":\"wojew\\u00f3dztwo \\u0142\\u00f3dzkie\",\"country\":\"Poland\",\"onclick_action\":\"marker\",\"redirect_custom_link\":\"\",\"marker_image\":\"\",\"open_new_tab\":\"yes\",\"postal_code\":\"\",\"draggable\":false,\"infowindow_default_open\":false,\"animation\":\"BOUNCE\",\"infowindow_disable\":true,\"zoom\":5,\"extra_fields\":{\"listorder\":0}},\"categories\":[],\"custom_filters\":[]},{\"id\":\"2\",\"title\":\"Pi\\u0142sudskiego 12\",\"address\":\"Pi\\u0142sudskiego 12, \\u0141\\u00f3d\\u017a, Poland\",\"source\":\"manual\",\"content\":\"Pi\\u0142sudskiego 12\",\"location\":{\"icon\":\"\",\"lat\":\"51.7601267\",\"lng\":\"19.46179010000003\",\"city\":\"\\u0141\\u00f3d\\u017a\",\"state\":\"wojew\\u00f3dztwo \\u0142\\u00f3dzkie\",\"country\":\"Poland\",\"onclick_action\":\"marker\",\"redirect_custom_link\":\"\",\"marker_image\":\"\",\"open_new_tab\":\"yes\",\"postal_code\":\"\",\"draggable\":false,\"infowindow_default_open\":false,\"animation\":\"BOUNCE\",\"infowindow_disable\":true,\"zoom\":5,\"extra_fields\":{\"listorder\":0}},\"categories\":[],\"custom_filters\":[]}],\"styles\":null,\"street_view\":null,\"routes\":null,\"marker_cluster\":null,\"overlay_setting\":null,\"panning_control\":null,\"map_tabs\":{\"category_tab\":null,\"direction_tab\":null,\"nearby_tab\":null,\"route_tab\":null},\"listing\":null,\"map_property\":{\"map_id\":\"1\"},\"shapes\":{\"drawing_editable\":false},\"filters\":{\"custom_filters\":[],\"filters_container\":\"[data-container=\\\"wpgmp-filters-container\\\"]\"}}).data(\"wpgmp_maps\");});<\/script>\n<\/div><\/div><\/div><div class=\"wpb_column vc_column_container col-sm-6  col-xs-mobile-fullwidth\"><div class=\"vc-column-innner-wrapper\"><div class=\"wpd-innner-wrapper\"><div class=\"margin-ten no-margin-lr clearfix\"><h3 class=\"alt-font  black-text tytul-center heading-style1 margin-0auto brando_heading_1500640583-2-59\" style=\"font-weight:700 !important;;\">BRUKSELA<\/h3><\/div><p>Bruksela, Rue du Luxembourg 3, 1000 Bruksela<\/p>\n<p>tel: (+32) 2 231 15 87, (+32) 2 725 12 47, (+32) 2\u00a0725 14 05<\/p>\n<div class=\"wpgmp_map_container wpgmp-map-2\" rel=\"map2\"><div class=\"wpgmp_map \" style=\"width:100%; height:400px;\" id=\"map2\" ><\/div><\/div><script>jQuery(document).ready(function($) {var map2 = $(\"#map2\").maps({\"map_options\":{\"center_lat\":\"50.8459832\",\"center_lng\":\"4.377654300000017\",\"zoom\":15,\"map_type_id\":\"ROADMAP\",\"center_by_nearest\":false,\"center_circle_fillcolor\":\"\",\"center_circle_fillopacity\":\"\",\"center_circle_strokecolor\":\"\",\"center_circle_strokeopacity\":\"\",\"center_circle_radius\":\"\",\"show_center_circle\":false,\"show_center_marker\":false,\"center_marker_icon\":\"\",\"center_marker_infowindow\":\"\",\"center_circle_strokeweight\":\"\",\"draggable\":true,\"scroll_wheel\":true,\"display_45_imagery\":\"\",\"marker_default_icon\":\"\",\"infowindow_setting\":\"\",\"infowindow_geotags_setting\":\"\",\"infowindow_bounce_animation\":null,\"infowindow_drop_animation\":false,\"close_infowindow_on_map_click\":false,\"default_infowindow_open\":false,\"infowindow_open_event\":\"click\",\"infowindow_filter_only\":false,\"infowindow_click_change_zoom\":0,\"infowindow_click_change_center\":false,\"full_screen_control\":true,\"search_control\":true,\"zoom_control\":true,\"map_type_control\":true,\"street_view_control\":true,\"mobile_specific\":false,\"zoom_mobile\":0,\"draggable_mobile\":true,\"scroll_wheel_mobile\":true,\"full_screen_control_position\":null,\"search_control_position\":null,\"zoom_control_position\":null,\"map_type_control_position\":null,\"map_type_control_style\":null,\"street_view_control_position\":null,\"map_control\":true,\"map_control_settings\":null,\"screens\":null,\"map_infowindow_customisations\":false,\"infowindow_border_color\":\"rgba(0, 0, 0, 0.0980392)\",\"infowindow_bg_color\":\"#fff\",\"show_infowindow_header\":false,\"width\":\"100%\",\"height\":\"400\"},\"places\":[{\"id\":\"3\",\"title\":\"BRUKSELA\",\"address\":\"Square Marie-Louise 2 1000 Brussels, Region Sto\\u0142eczny Brukseli, Belgium\",\"source\":\"manual\",\"content\":\"BRUKSELA\",\"location\":{\"icon\":\"\",\"lat\":\"50.8459832\",\"lng\":\"4.377654300000017\",\"city\":\"Brussel\",\"state\":\"Brussels Hoofdstedelijk Gewest\",\"country\":\"Belgium\",\"onclick_action\":\"marker\",\"redirect_custom_link\":\"\",\"marker_image\":\"\",\"open_new_tab\":\"yes\",\"postal_code\":\"1000\",\"draggable\":false,\"infowindow_default_open\":false,\"animation\":\"BOUNCE\",\"infowindow_disable\":true,\"zoom\":5,\"extra_fields\":{\"listorder\":0}},\"categories\":[],\"custom_filters\":[]}],\"styles\":null,\"street_view\":null,\"routes\":null,\"marker_cluster\":null,\"overlay_setting\":null,\"panning_control\":null,\"map_tabs\":{\"category_tab\":null,\"direction_tab\":null,\"nearby_tab\":null,\"route_tab\":null},\"listing\":null,\"map_property\":{\"map_id\":\"2\"},\"shapes\":{\"drawing_editable\":false},\"filters\":{\"custom_filters\":[],\"filters_container\":\"[data-container=\\\"wpgmp-filters-container\\\"]\"}}).data(\"wpgmp_maps\");});<\/script>\n<\/div><\/div><\/div><\/div><\/div><\/section><\/div><\/div><\/section>\n","protected":false},"excerpt":{"rendered":"<p>DANE KONTAKTOWEWydzia\u0142 Rozwoju Wsp\u00f3\u0142pracy Zagranicznej Urz\u0105d Marsza\u0142kowski Wojew\u00f3dztwa \u0141\u00f3dzkiego telefon: (+48) 42 663 35 82, (+48) 42 663 32 98, (+48) 42 663 35 82 adres e-mail: rbwl@lodzkie.pl Zapraszamy do kontaktu z nami w \u0141odzi i Brukseli \u0141\u00d3D\u0179\u0141\u00f3d\u017a, al.Pi\u0142sudskiego 12, 90-051 \u0141\u00f3d\u017a tel: (+48) 42 663 35 82, (+48) 42 663 32 98, (+48) 42 [&hellip;]<\/p>\n","protected":false},"author":3,"featured_media":0,"parent":0,"menu_order":0,"comment_status":"closed","ping_status":"closed","template":"","meta":{"_acf_changed":false,"footnotes":""},"class_list":["post-1481","page","type-page","status-publish","hentry"],"acf":[],"_links":{"self":[{"href":"https:\/\/bruksela.lodzkie.pl\/en\/wp-json\/wp\/v2\/pages\/1481","targetHints":{"allow":["GET"]}}],"collection":[{"href":"https:\/\/bruksela.lodzkie.pl\/en\/wp-json\/wp\/v2\/pages"}],"about":[{"href":"https:\/\/bruksela.lodzkie.pl\/en\/wp-json\/wp\/v2\/types\/page"}],"author":[{"embeddable":true,"href":"https:\/\/bruksela.lodzkie.pl\/en\/wp-json\/wp\/v2\/users\/3"}],"replies":[{"embeddable":true,"href":"https:\/\/bruksela.lodzkie.pl\/en\/wp-json\/wp\/v2\/comments?post=1481"}],"version-history":[{"count":16,"href":"https:\/\/bruksela.lodzkie.pl\/en\/wp-json\/wp\/v2\/pages\/1481\/revisions"}],"predecessor-version":[{"id":9239,"href":"https:\/\/bruksela.lodzkie.pl\/en\/wp-json\/wp\/v2\/pages\/1481\/revisions\/9239"}],"wp:attachment":[{"href":"https:\/\/bruksela.lodzkie.pl\/en\/wp-json\/wp\/v2\/media?parent=1481"}],"curies":[{"name":"wp","href":"https:\/\/api.w.org\/{rel}","templated":true}]}}