{"id":4547,"date":"2017-11-28T13:55:24","date_gmt":"2017-11-28T12:55:24","guid":{"rendered":"https:\/\/bruksela.lodzkie.pl\/?page_id=4547"},"modified":"2017-11-28T13:56:49","modified_gmt":"2017-11-28T12:56:49","slug":"konferencji-budownictwo-wobec-globalnych-wyzwan-gospodarki-o-obiegu-zamknietym","status":"publish","type":"page","link":"https:\/\/bruksela.lodzkie.pl\/en\/nasze-projekty\/konferencji-budownictwo-wobec-globalnych-wyzwan-gospodarki-o-obiegu-zamknietym\/","title":{"rendered":"Digital Strategies of European Cities for Integration of Immigrants"},"content":{"rendered":"<section><div class=\"container\"><div class=\"row\"><section><div class=\"container\"><div class=\"row\"><div class=\"wpb_column vc_column_container col-sm-12  col-xs-mobile-fullwidth\"><div class=\"vc-column-innner-wrapper\"><div class=\"wpd-innner-wrapper\"><div class=\"margin-ten no-margin-lr clearfix\"><h1 class=\"alt-font heading-style1 brando_heading_1501069500-2-91\">About the project<\/h1><\/div><p>The partners of the project, 15 regions from the EU area (15), civil society cities and organizations from eight countries are concerned about the future of the EU. Over the last two years, the number of people applying for asylum has increased to a million, which is not inconsiderable in the context of the coming years. The EU faces a challenge, because it may not be able to afford the consequences of the lack of integration of immigrants (including a large group of refugees). Therefore, successful countries may use the triple potential in the form of increase of democracy and GNP.<\/p>\n<p>The challenge consists of the EU\u2019s capacity to cope with the problem of assistance and integration of immigrants within the countries that accept them.<\/p>\n<p>The project concentrates on the area of policy, which has so far been little examined.<\/p>\n<p>Use of digital tools in the process of integration may affect immigrants. Cities will serve as centres for immigrants and innovation centres of digital management.<\/p>\n<p>The project will support cities participating in the development of this strategy of digital integration assuming a reduction of a digital gap and supporting the efforts of authorities aimed at integration. The development of co-operation within the thematic network, consisting of local and regional authorities and NGOs, will be ensured by constructing a network of virtual commitment and integration.<\/p>\n<\/div><\/div><\/div><\/div><\/div><\/section><section><div class=\"container\"><div class=\"row\"><div class=\"wpb_column vc_column_container col-sm-12  col-xs-mobile-fullwidth\"><div class=\"vc-column-innner-wrapper\"><div class=\"wpd-innner-wrapper\"><div class=\"margin-ten no-margin-lr clearfix\"><h1 class=\"alt-font heading-style1 brando_heading_1501069500-2-91\">Financing<\/h1><\/div><p>Project budget: EUR 132,500<br \/>\n\u0141\u00f3d\u017a Region budget: EUR 0.00<\/p>\n<\/div><\/div><\/div><\/div><\/div><\/section><section><div class=\"container\"><div class=\"row\"><div class=\"wpb_column vc_column_container col-sm-12  col-xs-mobile-fullwidth\"><div class=\"vc-column-innner-wrapper\"><div class=\"wpd-innner-wrapper\"><div class=\"margin-ten no-margin-lr clearfix\"><h1 class=\"alt-font heading-style1 brando_heading_1501069500-2-91\">Project events<\/h1><\/div><p>During the implementation of the project, six internationalization events are planned, using participation methods based on legal acts, including: kick- off meeting in Korydallos (GR) \u2013 Sep 2017 and five other events: Bucharest (RO) \u2013 Jan 2018 \u2013 active role of digital tools in the process of integration of immigrants, Castellon (ES) \u2013 May 2018 \u2013 digital strategies based on language and cultural barriers, Vasto (IT)- Sep 2018 \u2013 development of trust in integration by the cities, Radauti (RO) \u2013 Dec 2018 \u2013 increase by the cities of access to mobile networks and power infrastructure, final event in Korydallos (GR) \u2013 Mar 2019 \u2013 providing access to training, digital content and services for immigrants.<\/p>\n<\/div><\/div><\/div><\/div><\/div><\/section><\/div><\/div><\/section>","protected":false},"excerpt":{"rendered":"<p>About the projectThe partners of the project, 15 regions from the EU area (15), civil society cities and organizations from eight countries are concerned about the future of the EU. Over the last two years, the number of people applying for asylum has increased to a million, which is not inconsiderable in the context of [&hellip;]<\/p>\n","protected":false},"author":2,"featured_media":0,"parent":1435,"menu_order":0,"comment_status":"closed","ping_status":"closed","template":"","meta":{"_acf_changed":false,"footnotes":""},"class_list":["post-4547","page","type-page","status-publish","hentry"],"acf":[],"_links":{"self":[{"href":"https:\/\/bruksela.lodzkie.pl\/en\/wp-json\/wp\/v2\/pages\/4547","targetHints":{"allow":["GET"]}}],"collection":[{"href":"https:\/\/bruksela.lodzkie.pl\/en\/wp-json\/wp\/v2\/pages"}],"about":[{"href":"https:\/\/bruksela.lodzkie.pl\/en\/wp-json\/wp\/v2\/types\/page"}],"author":[{"embeddable":true,"href":"https:\/\/bruksela.lodzkie.pl\/en\/wp-json\/wp\/v2\/users\/2"}],"replies":[{"embeddable":true,"href":"https:\/\/bruksela.lodzkie.pl\/en\/wp-json\/wp\/v2\/comments?post=4547"}],"version-history":[{"count":0,"href":"https:\/\/bruksela.lodzkie.pl\/en\/wp-json\/wp\/v2\/pages\/4547\/revisions"}],"up":[{"embeddable":true,"href":"https:\/\/bruksela.lodzkie.pl\/en\/wp-json\/wp\/v2\/pages\/1435"}],"wp:attachment":[{"href":"https:\/\/bruksela.lodzkie.pl\/en\/wp-json\/wp\/v2\/media?parent=4547"}],"curies":[{"name":"wp","href":"https:\/\/api.w.org\/{rel}","templated":true}]}}