{"id":4772,"date":"2018-01-25T14:07:43","date_gmt":"2018-01-25T13:07:43","guid":{"rendered":"https:\/\/bruksela.lodzkie.pl\/?page_id=4772"},"modified":"2018-01-26T15:55:12","modified_gmt":"2018-01-26T14:55:12","slug":"wnetrza-alicja-galewska","status":"publish","type":"page","link":"https:\/\/bruksela.lodzkie.pl\/en\/wnetrza-alicja-galewska\/","title":{"rendered":"Targi B"},"content":{"rendered":"<img loading=\"lazy\" decoding=\"async\" class=\"aligncenter size-full wp-image-2221\" src=\"https:\/\/bruksela.lodzkie.pl\/wp-content\/uploads\/2017\/03\/partner-search.jpg\" alt=\"\" width=\"6396\" height=\"2442\" srcset=\"https:\/\/bruksela.lodzkie.pl\/wp-content\/uploads\/2017\/03\/partner-search.jpg 6396w, https:\/\/bruksela.lodzkie.pl\/wp-content\/uploads\/2017\/03\/partner-search-300x115.jpg 300w, https:\/\/bruksela.lodzkie.pl\/wp-content\/uploads\/2017\/03\/partner-search-768x293.jpg 768w, https:\/\/bruksela.lodzkie.pl\/wp-content\/uploads\/2017\/03\/partner-search-1024x391.jpg 1024w\" sizes=\"auto, (max-width: 6396px) 100vw, 6396px\" \/><span style=\"color: #003a72; font-size: 14pt;\">Poszukiwania partner\u00f3w dotycz\u0105 zar\u00f3wno tworzonych konsorcj\u00f3w projektowych, jak i ofert dotycz\u0105cych konkretnego og\u0142oszonego naboru wniosk\u00f3w. Zapytania otrzymywane\u00a0 w formie elektronicznej pracownicy Wydzia\u0142u Projekt\u00f3w Mi\u0119dzynarodowych, zale\u017cnie od ich specyfiki, kieruj\u0105 do przedstawicieli jednostek samorz\u0105du terytorialnego, przedsi\u0119biorc\u00f3w, uczelni wy\u017cszych i o\u015brodk\u00f3w naukowo-badawczych jak r\u00f3wnie\u017c do zarz\u0105d\u00f3w organizacji spo\u0142ecznych.<\/span>\r\n<span style=\"color: #003a72; font-size: 14pt;\"> Regionalne Biuro dysponuje szerok\u0105 sieci\u0105 sprawdzonych organizacji partnerskich, realizuj\u0105cych mi\u0119dzynarodowe projekty dotycz\u0105ce r\u00f3\u017cnych obszar\u00f3w tematycznych.<\/span>\r\n<ul>\r\n \t<li><span style=\"color: #003a72; font-size: 14pt;\">Chcesz zrealizowa\u0107 projekt i poszukujesz mi\u0119dzynarodowego konsorcjum zg\u0142o\u015b go za pomoc\u0105 dost\u0119pnego formularza, a my znajdziemy dla Ciebie najodpowiedniejszych partner\u00f3w projektowych. Szczeg\u00f3\u0142y w\u00a0sekcji\u00a0<strong><span style=\"text-decoration: underline;\">\u201eZnajd\u017a partnera do projektu\u201d<\/span><\/strong><\/span><\/li>\r\n \t<li><span style=\"color: #003a72; font-size: 14pt;\">Chcesz przedyskutowa\u0107 pomys\u0142 i zdecydowa\u0107 czy istnieje mo\u017cliwo\u015b\u0107 jego wsp\u00f3\u0142finansowania ze \u015brodk\u00f3w Unii Europejskiej zapraszamy na spotkanie. Szczeg\u00f3\u0142y w sekcji\u00a0<span style=\"text-decoration: underline;\"><strong>\u201eMam pomys\u0142 na projekt\u201d<\/strong><\/span>\u00a0<\/span><\/li>\r\n \t<li><span style=\"color: #003a72; font-size: 14pt;\">Chcesz otrzyma\u0107 oferty od zagranicznych podmiot\u00f3w \u2013 zapraszaj\u0105ce do udzia\u0142u w przygotowywanych projektach mi\u0119dzynarodowych szczeg\u00f3\u0142y znajdziesz\u00a0w sekcji\u00a0<span style=\"text-decoration: underline;\"><strong>\u201eDo\u0142\u0105cz do bazy zainteresowanych wsp\u00f3\u0142prac\u0105 mi\u0119dzynarodow\u0105\u201d<\/strong><\/span><\/span><\/li>\r\n<\/ul>\r\n<div id=\"accordions-2434\" class=\"accordions-2434 accordions\" data-accordions={&quot;lazyLoad&quot;:false,&quot;id&quot;:&quot;2434&quot;,&quot;event&quot;:&quot;click&quot;,&quot;collapsible&quot;:&quot;true&quot;,&quot;heightStyle&quot;:&quot;content&quot;,&quot;animateStyle&quot;:&quot;swing&quot;,&quot;animateDelay&quot;:1000,&quot;navigation&quot;:true,&quot;active&quot;:999,&quot;expandedOther&quot;:&quot;no&quot;}>\r\n                <div class=\"items\" >\r\n    \r\n            <div post_id=\"2434\" itemcount=\"0\"  header_id=\"header-0\" id=\"header-0\" style=\"\" class=\"accordions-head head0 border-none\" toggle-text=\"\" main-text=\"Znajd\u017a partnera do projektu\">\r\n                                    <span id=\"accordion-icons-0\" class=\"accordion-icons\">\r\n                        <span class=\"accordion-icon-active accordion-plus\"><i class=\"fa fa-chevron-up\"><\/i><\/span>\r\n                        <span class=\"accordion-icon-inactive accordion-minus\"><i class=\"fa fa-chevron-down\"><\/i><\/span>\r\n                    <\/span>\r\n                    <span id=\"header-text-0\" class=\"accordions-head-title\">Znajd\u017a partnera do projektu<\/span>\r\n                            <\/div>\r\n            <div class=\"accordion-content content0 \">\r\n                            <\/div>\r\n    <\/div>\r\n\r\n\r\n\r\n            <\/div><div id=\"accordions-2441\" class=\"accordions-2441 accordions\" data-accordions={&quot;lazyLoad&quot;:false,&quot;id&quot;:&quot;2441&quot;,&quot;event&quot;:&quot;click&quot;,&quot;collapsible&quot;:&quot;true&quot;,&quot;heightStyle&quot;:&quot;content&quot;,&quot;animateStyle&quot;:&quot;swing&quot;,&quot;animateDelay&quot;:1000,&quot;navigation&quot;:true,&quot;active&quot;:999,&quot;expandedOther&quot;:&quot;no&quot;}>\r\n                <div class=\"items\" >\r\n    \r\n            <div post_id=\"2441\" itemcount=\"0\"  header_id=\"header-0\" id=\"header-0\" style=\"\" class=\"accordions-head head0 border-none\" toggle-text=\"\" main-text=\"Mam pomys\u0142 na projekt\">\r\n                                    <span id=\"accordion-icons-0\" class=\"accordion-icons\">\r\n                        <span class=\"accordion-icon-active accordion-plus\"><i class=\"fa fa-chevron-up\"><\/i><\/span>\r\n                        <span class=\"accordion-icon-inactive accordion-minus\"><i class=\"fa fa-chevron-down\"><\/i><\/span>\r\n                    <\/span>\r\n                    <span id=\"header-text-0\" class=\"accordions-head-title\">Mam pomys\u0142 na projekt<\/span>\r\n                            <\/div>\r\n            <div class=\"accordion-content content0 \">\r\n                            <\/div>\r\n    <\/div>\r\n\r\n\r\n\r\n            <\/div><div id=\"accordions-2442\" class=\"accordions-2442 accordions\" data-accordions={&quot;lazyLoad&quot;:false,&quot;id&quot;:&quot;2442&quot;,&quot;event&quot;:&quot;click&quot;,&quot;collapsible&quot;:&quot;true&quot;,&quot;heightStyle&quot;:&quot;content&quot;,&quot;animateStyle&quot;:&quot;swing&quot;,&quot;animateDelay&quot;:1000,&quot;navigation&quot;:true,&quot;active&quot;:999,&quot;expandedOther&quot;:&quot;no&quot;}>\r\n                <div class=\"items\" >\r\n    \r\n            <div post_id=\"2442\" itemcount=\"0\"  header_id=\"header-0\" id=\"header-0\" style=\"\" class=\"accordions-head head0 border-none\" toggle-text=\"\" main-text=\"Do\u0142\u0105cz do bazy zainteresowanych wsp\u00f3\u0142prac\u0105 mi\u0119dzynarodw\u0105\">\r\n                                    <span id=\"accordion-icons-0\" class=\"accordion-icons\">\r\n                        <span class=\"accordion-icon-active accordion-plus\"><i class=\"fa fa-chevron-up\"><\/i><\/span>\r\n                        <span class=\"accordion-icon-inactive accordion-minus\"><i class=\"fa fa-chevron-down\"><\/i><\/span>\r\n                    <\/span>\r\n                    <span id=\"header-text-0\" class=\"accordions-head-title\">Do\u0142\u0105cz do bazy zainteresowanych wsp\u00f3\u0142prac\u0105 mi\u0119dzynarodw\u0105<\/span>\r\n                            <\/div>\r\n            <div class=\"accordion-content content0 \">\r\n                            <\/div>\r\n    <\/div>\r\n\r\n\r\n\r\n            <\/div><div id=\"accordions-2827\" class=\"accordions-2827 accordions\" data-accordions={&quot;lazyLoad&quot;:false,&quot;id&quot;:&quot;2827&quot;,&quot;event&quot;:&quot;click&quot;,&quot;collapsible&quot;:&quot;true&quot;,&quot;heightStyle&quot;:&quot;content&quot;,&quot;animateStyle&quot;:&quot;swing&quot;,&quot;animateDelay&quot;:1000,&quot;navigation&quot;:true,&quot;active&quot;:999,&quot;expandedOther&quot;:&quot;no&quot;}>\r\n                <div class=\"items\" >\r\n    \r\n            <div post_id=\"2827\" itemcount=\"0\"  header_id=\"header-0\" id=\"header-0\" style=\"\" class=\"accordions-head head0 border-none\" toggle-text=\"\" main-text=\"Spotkania informacyjne\">\r\n                                    <span id=\"accordion-icons-0\" class=\"accordion-icons\">\r\n                        <span class=\"accordion-icon-active accordion-plus\"><i class=\"fa fa-chevron-up\"><\/i><\/span>\r\n                        <span class=\"accordion-icon-inactive accordion-minus\"><i class=\"fa fa-chevron-down\"><\/i><\/span>\r\n                    <\/span>\r\n                    <span id=\"header-text-0\" class=\"accordions-head-title\">Spotkania informacyjne<\/span>\r\n                            <\/div>\r\n            <div class=\"accordion-content content0 \">\r\n                <p><span style=\"font-size: 14pt; color: #003a72;\">Jedn\u0105 z podejmowanych przez Biuro aktywno\u015bci jest tak\u017ce organizacja spotka\u0144 informacyjnych. Konsultanci b\u0119d\u0105 realizowa\u0107 otwarte spotkania informacyjne, powiedz\u0105 jakie s\u0105 cele i\u00a0priorytety r\u00f3\u017cnych projekt\u00f3w mi\u0119dzynarodowych, jak wygl\u0105da struktura poszczeg\u00f3lnych program\u00f3w, jako\u015bciowe kryteria oceny wniosk\u00f3w, zasady oraz cykl realizacji projekt\u00f3w, a tak\u017ce zasady finansowania dzia\u0142a\u0144. Ponadto przedstawi\u0105 techniczne kwestie zwi\u0105zane z wype\u0142nieniem wniosk\u00f3w, obs\u0142ug\u0105 systemu URF i\u00a0EU_LOGIN i formularzy mi\u0119dzynarodowych projekt\u00f3w.<\/span><\/p>\n            <\/div>\r\n    <\/div>\r\n\r\n\r\n\r\n            <\/div><div id=\"accordions-3108\" class=\"accordions-3108 accordions\" data-accordions={&quot;lazyLoad&quot;:true,&quot;id&quot;:&quot;3108&quot;,&quot;event&quot;:&quot;click&quot;,&quot;collapsible&quot;:&quot;true&quot;,&quot;heightStyle&quot;:&quot;content&quot;,&quot;animateStyle&quot;:&quot;swing&quot;,&quot;animateDelay&quot;:1000,&quot;navigation&quot;:true,&quot;active&quot;:999,&quot;expandedOther&quot;:&quot;no&quot;}>\r\n                <div id=\"accordions-lazy-3108\" class=\"accordions-lazy\" accordionsId=\"3108\">\r\n                    <\/div>\r\n\r\n    <div class=\"items\"  style=\"display:none\" >\r\n    \r\n            <div post_id=\"3108\" itemcount=\"0\"  header_id=\"header-0\" id=\"header-0\" style=\"\" class=\"accordions-head head0 border-none\" toggle-text=\"\" main-text=\"Programy Unii Europejskiej\">\r\n                                    <span id=\"header-text-0\" class=\"accordions-head-title\">Programy Unii Europejskiej<\/span>\r\n                            <\/div>\r\n            <div class=\"accordion-content content0 \">\r\n                <ul>\n<li><span style=\"font-size: 14pt;color: #003a72\"><a style=\"color: #003a72\" href=\"https:\/\/www.rpo.lodzkie.pl\">Regionalny Program Operacyjny Wojew\u00f3dztwa \u0141\u00f3dzkiego<\/a><\/span><\/li>\n<li><span style=\"font-size: 14pt\"><a style=\"color: #003a72\" href=\"https:\/\/ec.europa.eu\/programmes\/horizon2020\/en\">Horyzont 2020<\/a><\/span><\/li>\n<li><span style=\"font-size: 14pt\"><a style=\"color: #003a72\" href=\"https:\/\/erasmusplus.org.pl\/\">Erasmus+<\/a><\/span><\/li>\n<li><span style=\"font-size: 14pt\"><a style=\"color: #003a72\" href=\"https:\/\/www.interregeurope.eu\/\">Interreg Europa<\/a><\/span><\/li>\n<li><span style=\"font-size: 14pt\"><a href=\"https:\/\/europadlaobywateli.pl\/\"><span style=\"color: #003a72\">Europa obywateli<\/span><\/a><\/span><\/li>\n<li><span style=\"font-size: 14pt;color: #003a72\"><a style=\"color: #003a72\" href=\"https:\/\/ec.europa.eu\/growth\/smes\/cosme_pl\">COSME<\/a><\/span><\/li>\n<li><span style=\"font-size: 14pt\"><a href=\"https:\/\/kreatywna-europa.eu\/\"><span style=\"color: #003a72\">Kreatywna Europa<\/span><\/a><\/span><\/li>\n<li><span style=\"font-size: 14pt\"><a href=\"https:\/\/ec.europa.eu\/environment\/life\/funding\/background\/\"><span style=\"color: #003a72\">LIFE<\/span><\/a><\/span><\/li>\n<\/ul>\n<p>\u00a0<\/p>\n            <\/div>\r\n    <\/div>\r\n\r\n\r\n\r\n            <\/div>","protected":false},"excerpt":{"rendered":"<p>Poszukiwania partner\u00f3w dotycz\u0105 zar\u00f3wno tworzonych konsorcj\u00f3w projektowych, jak i ofert dotycz\u0105cych konkretnego og\u0142oszonego naboru wniosk\u00f3w. Zapytania otrzymywane\u00a0 w formie elektronicznej pracownicy Wydzia\u0142u Projekt\u00f3w Mi\u0119dzynarodowych, zale\u017cnie od ich specyfiki, kieruj\u0105 do przedstawicieli jednostek samorz\u0105du terytorialnego, przedsi\u0119biorc\u00f3w, uczelni wy\u017cszych i o\u015brodk\u00f3w naukowo-badawczych jak r\u00f3wnie\u017c do zarz\u0105d\u00f3w organizacji spo\u0142ecznych. Regionalne Biuro dysponuje szerok\u0105 sieci\u0105 sprawdzonych organizacji partnerskich, realizuj\u0105cych [&hellip;]<\/p>\n","protected":false},"author":2,"featured_media":0,"parent":0,"menu_order":0,"comment_status":"closed","ping_status":"closed","template":"","meta":{"_acf_changed":false,"footnotes":""},"class_list":["post-4772","page","type-page","status-publish","hentry"],"acf":[],"_links":{"self":[{"href":"https:\/\/bruksela.lodzkie.pl\/en\/wp-json\/wp\/v2\/pages\/4772","targetHints":{"allow":["GET"]}}],"collection":[{"href":"https:\/\/bruksela.lodzkie.pl\/en\/wp-json\/wp\/v2\/pages"}],"about":[{"href":"https:\/\/bruksela.lodzkie.pl\/en\/wp-json\/wp\/v2\/types\/page"}],"author":[{"embeddable":true,"href":"https:\/\/bruksela.lodzkie.pl\/en\/wp-json\/wp\/v2\/users\/2"}],"replies":[{"embeddable":true,"href":"https:\/\/bruksela.lodzkie.pl\/en\/wp-json\/wp\/v2\/comments?post=4772"}],"version-history":[{"count":0,"href":"https:\/\/bruksela.lodzkie.pl\/en\/wp-json\/wp\/v2\/pages\/4772\/revisions"}],"wp:attachment":[{"href":"https:\/\/bruksela.lodzkie.pl\/en\/wp-json\/wp\/v2\/media?parent=4772"}],"curies":[{"name":"wp","href":"https:\/\/api.w.org\/{rel}","templated":true}]}}