{"id":4970,"date":"2018-03-23T09:49:04","date_gmt":"2018-03-23T08:49:04","guid":{"rendered":"https:\/\/bruksela.lodzkie.pl\/?page_id=4970"},"modified":"2018-03-23T10:52:08","modified_gmt":"2018-03-23T09:52:08","slug":"relacja-z-miedzynarodowych-targow-spozywczych-tavola-2018","status":"publish","type":"page","link":"https:\/\/bruksela.lodzkie.pl\/en\/relacja-z-miedzynarodowych-targow-spozywczych-tavola-2018\/","title":{"rendered":"Targi Batibouw 2018"},"content":{"rendered":"<section><div class=\"container\"><div class=\"row\"><section><div class=\"container\"><div class=\"row\"><div class=\"wpb_column vc_column_container col-sm-2  col-xs-mobile-fullwidth\"><div class=\"vc-column-innner-wrapper\"><div class=\"wpd-innner-wrapper\"><\/div><\/div><\/div><div class=\"wpb_column vc_column_container col-sm-8  col-xs-mobile-fullwidth\"><div class=\"vc-column-innner-wrapper\"><div class=\"wpd-innner-wrapper\"><p><img loading=\"lazy\" decoding=\"async\" class=\"aligncenter size-full wp-image-4679\" src=\"https:\/\/bruksela.lodzkie.pl\/wp-content\/uploads\/2017\/03\/LOGOTYPY_KOL_EFRR_pl.png\" alt=\"\" width=\"1239\" height=\"236\" srcset=\"https:\/\/bruksela.lodzkie.pl\/wp-content\/uploads\/2017\/03\/LOGOTYPY_KOL_EFRR_pl.png 1239w, https:\/\/bruksela.lodzkie.pl\/wp-content\/uploads\/2017\/03\/LOGOTYPY_KOL_EFRR_pl-150x29.png 150w, https:\/\/bruksela.lodzkie.pl\/wp-content\/uploads\/2017\/03\/LOGOTYPY_KOL_EFRR_pl-600x114.png 600w, https:\/\/bruksela.lodzkie.pl\/wp-content\/uploads\/2017\/03\/LOGOTYPY_KOL_EFRR_pl-768x146.png 768w, https:\/\/bruksela.lodzkie.pl\/wp-content\/uploads\/2017\/03\/LOGOTYPY_KOL_EFRR_pl-1024x195.png 1024w, https:\/\/bruksela.lodzkie.pl\/wp-content\/uploads\/2017\/03\/LOGOTYPY_KOL_EFRR_pl-1200x229.png 1200w\" sizes=\"auto, (max-width: 1239px) 100vw, 1239px\" \/><\/p>\n<\/div><\/div><\/div><div class=\"wpb_column vc_column_container col-sm-2  col-xs-mobile-fullwidth\"><div class=\"vc-column-innner-wrapper\"><div class=\"wpd-innner-wrapper\"><\/div><\/div><\/div><\/div><\/div><\/section><section><div class=\"container\"><div class=\"row\"><div class=\"wpb_column vc_column_container col-sm-12  col-xs-mobile-fullwidth\"><div class=\"vc-column-innner-wrapper\"><div class=\"wpd-innner-wrapper\"><p><strong>Mi\u0119dzynarodowe Targi Budownictwa, Renowacji i Wyposa\u017cenia Wn\u0119trz \u2013 BATIBOUW 2018, Bruksela, 22.02-04.03.2018 r.<\/strong><\/p>\n<p>Po raz kolejny przedsi\u0119biorcy z wojew\u00f3dztwa \u0142\u00f3dzkiego zaprezentuj\u0105 swoje innowacyjne produkty na najwi\u0119kszych targach budowlanych w Belgii. BATIBOUW s\u0105 od lat obecne na mapie najwa\u017cniejszych europejskich imprez targowych. Jest to najwi\u0119ksze wydarzenie o tematyce budowlanej, jakie corocznie odbywa si\u0119 w Belgii. Na ogromnej powierzchni, jak\u0105 oferuj\u0105 tereny Brussels Expo, swoj\u0105 ofert\u0119 prezentuj\u0105 co roku setki firm z bran\u017cy budowlanej, co daje mo\u017cliwo\u015b\u0107 zapoznania si\u0119 z nowo\u015bciami produktowymi i dotarcia do potencjalnych partner\u00f3w biznesowych.<\/p>\n<p>W tym roku prezentacja opiera si\u0119 o koncept HousePLan i zak\u0142ada pokazanie materia\u0142\u00f3w budowlanych i instalacyjnych w formie zaprojektowanego w tym celu fragmentu budynku, do kt\u00f3rego budowy i wyposa\u017cenia u\u017cyte zostan\u0105 materia\u0142y budowlane i instalacyjne oferowane przez firmy z wojew\u00f3dztwa \u0142\u00f3dzkiego.<\/p>\n<p>Idea HousePLan zak\u0142ada sprzeda\u017c na terenie kraj\u00f3w Beneluksu gotowych dom\u00f3w pasywnych, zbudowanych w oparciu o technologie i materia\u0142y wytwarzane przez przedsi\u0119biorstwa z regionu \u0142\u00f3dzkiego.<\/p>\n<p>Na targach zaprezentuj\u0105 si\u0119 nast\u0119puj\u0105ce firmy:<\/p>\n<\/div><\/div><\/div><\/div><\/div><\/section><section><div class=\"container\"><div class=\"row\"><div class=\"wpb_column vc_column_container col-sm-2  col-xs-mobile-fullwidth\"><div class=\"vc-column-innner-wrapper\"><div class=\"wpd-innner-wrapper\"><p><a href=\"https:\/\/bruksela.lodzkie.pl\/izodom-polska-2000\/\" target=\"_blank\" rel=\"noopener\"><img loading=\"lazy\" decoding=\"async\" class=\"aligncenter size-full wp-image-4743\" src=\"https:\/\/bruksela.lodzkie.pl\/wp-content\/uploads\/2018\/01\/logo-izodom-2000-polska-color-01-1.png\" alt=\"\" width=\"400\" height=\"400\" srcset=\"https:\/\/bruksela.lodzkie.pl\/wp-content\/uploads\/2018\/01\/logo-izodom-2000-polska-color-01-1.png 400w, https:\/\/bruksela.lodzkie.pl\/wp-content\/uploads\/2018\/01\/logo-izodom-2000-polska-color-01-1-150x150.png 150w\" sizes=\"auto, (max-width: 400px) 100vw, 400px\" \/><\/a><\/p>\n<\/div><\/div><\/div><div class=\"wpb_column vc_column_container col-sm-2  col-xs-mobile-fullwidth\"><div class=\"vc-column-innner-wrapper\"><div class=\"wpd-innner-wrapper\"><p><a href=\"https:\/\/bruksela.lodzkie.pl\/deante\/\" target=\"_blank\" rel=\"noopener\"><img loading=\"lazy\" decoding=\"async\" class=\"aligncenter size-full wp-image-4738\" src=\"https:\/\/bruksela.lodzkie.pl\/wp-content\/uploads\/2018\/01\/deante_logo-2.png\" alt=\"\" width=\"300\" height=\"300\" srcset=\"https:\/\/bruksela.lodzkie.pl\/wp-content\/uploads\/2018\/01\/deante_logo-2.png 300w, https:\/\/bruksela.lodzkie.pl\/wp-content\/uploads\/2018\/01\/deante_logo-2-150x150.png 150w\" sizes=\"auto, (max-width: 300px) 100vw, 300px\" \/><\/a><\/p>\n<\/div><\/div><\/div><div class=\"wpb_column vc_column_container col-sm-2  col-xs-mobile-fullwidth\"><div class=\"vc-column-innner-wrapper\"><div class=\"wpd-innner-wrapper\"><p><a href=\"https:\/\/bruksela.lodzkie.pl\/skalar-bajurscy-s-j\/\" target=\"_blank\" rel=\"noopener\"><img loading=\"lazy\" decoding=\"async\" class=\"aligncenter size-full wp-image-4730\" src=\"https:\/\/bruksela.lodzkie.pl\/wp-content\/uploads\/2018\/01\/skalar.jpg\" alt=\"\" width=\"300\" height=\"300\" srcset=\"https:\/\/bruksela.lodzkie.pl\/wp-content\/uploads\/2018\/01\/skalar.jpg 300w, https:\/\/bruksela.lodzkie.pl\/wp-content\/uploads\/2018\/01\/skalar-150x150.jpg 150w\" sizes=\"auto, (max-width: 300px) 100vw, 300px\" \/><\/a><\/p>\n<\/div><\/div><\/div><div class=\"wpb_column vc_column_container col-sm-2  col-xs-mobile-fullwidth\"><div class=\"vc-column-innner-wrapper\"><div class=\"wpd-innner-wrapper\"><p><a href=\"https:\/\/bruksela.lodzkie.pl\/correstudio\/\" target=\"_blank\" rel=\"noopener\"><img loading=\"lazy\" decoding=\"async\" class=\"aligncenter size-full wp-image-4731\" src=\"https:\/\/bruksela.lodzkie.pl\/wp-content\/uploads\/2018\/01\/LENTITILE_LOGO.jpg\" alt=\"\" width=\"300\" height=\"300\" srcset=\"https:\/\/bruksela.lodzkie.pl\/wp-content\/uploads\/2018\/01\/LENTITILE_LOGO.jpg 300w, https:\/\/bruksela.lodzkie.pl\/wp-content\/uploads\/2018\/01\/LENTITILE_LOGO-150x150.jpg 150w\" sizes=\"auto, (max-width: 300px) 100vw, 300px\" \/><\/a><\/p>\n<\/div><\/div><\/div><div class=\"wpb_column vc_column_container col-sm-2  col-xs-mobile-fullwidth\"><div class=\"vc-column-innner-wrapper\"><div class=\"wpd-innner-wrapper\"><p><a href=\"https:\/\/bruksela.lodzkie.pl\/stan-mal\/\" target=\"_blank\" rel=\"noopener\"><img loading=\"lazy\" decoding=\"async\" class=\"aligncenter size-full wp-image-4757\" src=\"https:\/\/bruksela.lodzkie.pl\/wp-content\/uploads\/2018\/01\/logo-STAN-MAL-1.png\" alt=\"\" width=\"264\" height=\"300\" srcset=\"https:\/\/bruksela.lodzkie.pl\/wp-content\/uploads\/2018\/01\/logo-STAN-MAL-1.png 264w, https:\/\/bruksela.lodzkie.pl\/wp-content\/uploads\/2018\/01\/logo-STAN-MAL-1-132x150.png 132w\" sizes=\"auto, (max-width: 264px) 100vw, 264px\" \/><\/a><\/p>\n<\/div><\/div><\/div><div class=\"wpb_column vc_column_container col-sm-2  col-xs-mobile-fullwidth\"><div class=\"vc-column-innner-wrapper\"><div class=\"wpd-innner-wrapper\"><p><a href=\"https:\/\/bruksela.lodzkie.pl\/bzb-projekt\/\" target=\"_blank\" rel=\"noopener\"><img loading=\"lazy\" decoding=\"async\" class=\"aligncenter size-full wp-image-4733\" src=\"https:\/\/bruksela.lodzkie.pl\/wp-content\/uploads\/2018\/01\/BZB-Logo-EN.jpg\" alt=\"\" width=\"300\" height=\"300\" srcset=\"https:\/\/bruksela.lodzkie.pl\/wp-content\/uploads\/2018\/01\/BZB-Logo-EN.jpg 300w, https:\/\/bruksela.lodzkie.pl\/wp-content\/uploads\/2018\/01\/BZB-Logo-EN-150x150.jpg 150w\" sizes=\"auto, (max-width: 300px) 100vw, 300px\" \/><\/a><\/p>\n<\/div><\/div><\/div><\/div><\/div><\/section><section><div class=\"container\"><div class=\"row\"><div class=\"wpb_column vc_column_container col-sm-2  col-xs-mobile-fullwidth\"><div class=\"vc-column-innner-wrapper\"><div class=\"wpd-innner-wrapper\"><p><a href=\"https:\/\/bruksela.lodzkie.pl\/d44-architecture\/\" target=\"_blank\" rel=\"noopener\"><img loading=\"lazy\" decoding=\"async\" class=\"aligncenter size-full wp-image-4752\" src=\"https:\/\/bruksela.lodzkie.pl\/wp-content\/uploads\/2018\/01\/d44_logo_niebieskie_duze-1.png\" alt=\"\" width=\"300\" height=\"132\" srcset=\"https:\/\/bruksela.lodzkie.pl\/wp-content\/uploads\/2018\/01\/d44_logo_niebieskie_duze-1.png 300w, https:\/\/bruksela.lodzkie.pl\/wp-content\/uploads\/2018\/01\/d44_logo_niebieskie_duze-1-150x66.png 150w\" sizes=\"auto, (max-width: 300px) 100vw, 300px\" \/><\/a><\/p>\n<\/div><\/div><\/div><div class=\"wpb_column vc_column_container col-sm-2  col-xs-mobile-fullwidth\"><div class=\"vc-column-innner-wrapper\"><div class=\"wpd-innner-wrapper\"><p><a href=\"https:\/\/bruksela.lodzkie.pl\/lustan\/\" target=\"_blank\" rel=\"noopener\"><img loading=\"lazy\" decoding=\"async\" class=\"aligncenter size-full wp-image-4753\" src=\"https:\/\/bruksela.lodzkie.pl\/wp-content\/uploads\/2018\/01\/lustan_logotyp.png\" alt=\"\" width=\"300\" height=\"126\" srcset=\"https:\/\/bruksela.lodzkie.pl\/wp-content\/uploads\/2018\/01\/lustan_logotyp.png 300w, https:\/\/bruksela.lodzkie.pl\/wp-content\/uploads\/2018\/01\/lustan_logotyp-150x63.png 150w\" sizes=\"auto, (max-width: 300px) 100vw, 300px\" \/><\/a><\/p>\n<\/div><\/div><\/div><div class=\"wpb_column vc_column_container col-sm-2  col-xs-mobile-fullwidth\"><div class=\"vc-column-innner-wrapper\"><div class=\"wpd-innner-wrapper\"><p><a href=\"https:\/\/bruksela.lodzkie.pl\/wnetrza-alicja-galewska\/\" target=\"_blank\" rel=\"noopener\"><img loading=\"lazy\" decoding=\"async\" class=\"aligncenter size-full wp-image-4740\" src=\"https:\/\/bruksela.lodzkie.pl\/wp-content\/uploads\/2018\/01\/ZNAKW.png\" alt=\"\" width=\"300\" height=\"88\" srcset=\"https:\/\/bruksela.lodzkie.pl\/wp-content\/uploads\/2018\/01\/ZNAKW.png 300w, https:\/\/bruksela.lodzkie.pl\/wp-content\/uploads\/2018\/01\/ZNAKW-150x44.png 150w\" sizes=\"auto, (max-width: 300px) 100vw, 300px\" \/><\/a><\/p>\n<\/div><\/div><\/div><div class=\"wpb_column vc_column_container col-sm-2  col-xs-mobile-fullwidth\"><div class=\"vc-column-innner-wrapper\"><div class=\"wpd-innner-wrapper\"><\/div><\/div><\/div><div class=\"wpb_column vc_column_container col-sm-2  col-xs-mobile-fullwidth\"><div class=\"vc-column-innner-wrapper\"><div class=\"wpd-innner-wrapper\"><\/div><\/div><\/div><div class=\"wpb_column vc_column_container col-sm-2  col-xs-mobile-fullwidth\"><div class=\"vc-column-innner-wrapper\"><div class=\"wpd-innner-wrapper\"><\/div><\/div><\/div><\/div><\/div><\/section><\/div><\/div><\/section>","protected":false},"excerpt":{"rendered":"<p>Mi\u0119dzynarodowe Targi Budownictwa, Renowacji i Wyposa\u017cenia Wn\u0119trz \u2013 BATIBOUW 2018, Bruksela, 22.02-04.03.2018 r. Po raz kolejny przedsi\u0119biorcy z wojew\u00f3dztwa \u0142\u00f3dzkiego zaprezentuj\u0105 swoje innowacyjne produkty na najwi\u0119kszych targach budowlanych w Belgii. BATIBOUW s\u0105 od lat obecne na mapie najwa\u017cniejszych europejskich imprez targowych. Jest to najwi\u0119ksze wydarzenie o tematyce budowlanej, jakie corocznie odbywa si\u0119 w Belgii. Na [&hellip;]<\/p>\n","protected":false},"author":8,"featured_media":0,"parent":0,"menu_order":0,"comment_status":"closed","ping_status":"closed","template":"","meta":{"_acf_changed":false,"footnotes":""},"class_list":["post-4970","page","type-page","status-publish","hentry"],"acf":[],"_links":{"self":[{"href":"https:\/\/bruksela.lodzkie.pl\/en\/wp-json\/wp\/v2\/pages\/4970","targetHints":{"allow":["GET"]}}],"collection":[{"href":"https:\/\/bruksela.lodzkie.pl\/en\/wp-json\/wp\/v2\/pages"}],"about":[{"href":"https:\/\/bruksela.lodzkie.pl\/en\/wp-json\/wp\/v2\/types\/page"}],"author":[{"embeddable":true,"href":"https:\/\/bruksela.lodzkie.pl\/en\/wp-json\/wp\/v2\/users\/8"}],"replies":[{"embeddable":true,"href":"https:\/\/bruksela.lodzkie.pl\/en\/wp-json\/wp\/v2\/comments?post=4970"}],"version-history":[{"count":0,"href":"https:\/\/bruksela.lodzkie.pl\/en\/wp-json\/wp\/v2\/pages\/4970\/revisions"}],"wp:attachment":[{"href":"https:\/\/bruksela.lodzkie.pl\/en\/wp-json\/wp\/v2\/media?parent=4970"}],"curies":[{"name":"wp","href":"https:\/\/api.w.org\/{rel}","templated":true}]}}