{"id":5645,"date":"2018-08-27T16:16:34","date_gmt":"2018-08-27T14:16:34","guid":{"rendered":"https:\/\/bruksela.lodzkie.pl\/?page_id=5645"},"modified":"2018-08-28T10:05:35","modified_gmt":"2018-08-28T08:05:35","slug":"ziemia-lodzka-sierpien-2018","status":"publish","type":"page","link":"https:\/\/bruksela.lodzkie.pl\/en\/nasze-projekty\/ziemia-lodzka-sierpien-2018\/","title":{"rendered":"\u0141\u00f3d\u017a Region in Brussels \u2013 promoting \u0141\u00f3d\u017a business"},"content":{"rendered":"<section><div class=\"container\"><div class=\"row\"><section><div class=\"container\"><div class=\"row\"><div class=\"wpb_column vc_column_container col-sm-12  col-xs-mobile-fullwidth\"><div class=\"vc-column-innner-wrapper\"><div class=\"wpd-innner-wrapper\"><div class=\"margin-ten no-margin-lr clearfix\"><h1 class=\"alt-font heading-style1 brando_heading_1501065491-2-17\">Project objective<\/h1><\/div><p>Increase of international economic ranking of the \u0141\u00f3d\u017a Region through the building of a co-operation network with entities from other European regions and the establishment of a space in Brussels for meetings of pioneers and innovators from different fields and sectors.<\/p>\n<\/div><\/div><\/div><\/div><\/div><\/section><section><div class=\"container\"><div class=\"row\"><div class=\"wpb_column vc_column_container col-sm-12  col-xs-mobile-fullwidth\"><div class=\"vc-column-innner-wrapper\"><div class=\"wpd-innner-wrapper\"><div class=\"margin-ten no-margin-lr clearfix\"><h1 class=\"alt-font heading-style1 brando_heading_1501065491-2-17\">Specific objective<\/h1><\/div><p>Raising awareness of entities from the region regarding conditions and possible effects of conducting promotion of products and services, as well as business activity in Benelux countries, thanks to the establishment and day-to-day operation of the Investor Support Point and\u00a0the establishment of partnerships in the region for international co-operation, increase of export and winning new markets.<\/p>\n<\/div><\/div><\/div><\/div><\/div><\/section><section><div class=\"container\"><div class=\"row\"><div class=\"wpb_column vc_column_container col-sm-12  col-xs-mobile-fullwidth\"><div class=\"vc-column-innner-wrapper\"><div class=\"wpd-innner-wrapper\"><div class=\"margin-ten no-margin-lr clearfix\"><h1 class=\"alt-font heading-style1 brando_heading_1501065491-2-17\">Financing<\/h1><\/div><p>The project was awarded financing under the Regional Operational Programme of the \u0141\u00f3d\u017a Region for 2014-2020<br \/>\nMeasure II.2 Internationalization of enterprises, sub-measure II.2.2. Economic promotion of the region<br \/>\nThe project value amounts to: PLN 1,000,000.00<br \/>\nValue financed by EU: PLN 850,000.00<\/p>\n<\/div><\/div><\/div><\/div><\/div><\/section><section><div class=\"container\"><div class=\"row\"><div class=\"wpb_column vc_column_container col-sm-12  col-xs-mobile-fullwidth\"><div class=\"vc-column-innner-wrapper\"><div class=\"wpd-innner-wrapper\"><div class=\"margin-ten no-margin-lr clearfix\"><h1 class=\"alt-font heading-style1 brando_heading_1501065491-2-17\">Cooperation <\/h1><\/div><p>Under the project, an Investor Support Point was launched in \u0141\u00f3d\u017a and directly in Brussels \u2013 <a href=\"https:\/\/bruksela.lodzkie.pl\/punkt-wsparcia-inwestora\/\">[read more\u2026]<\/a><\/p>\n<p>Moreover, activities are conducted in co-operation with:<\/p>\n<p>The Department of Promotion of Trade and Investments of the Embassy of the Republic of Poland in Brussels<br \/>\nChambers of Commerce in Belgium and Luxembourg (e.g. VOKA, BEPOLUX, Polish \u2013 Luxembourg Chamber of Commerce, etc.)<br \/>\nentities operating in Brussels and the \u0141\u00f3d\u017a Region<\/p>\n<p>We welcome your co-operation today \u2013 <a href=\"https:\/\/bruksela.lodzkie.pl\/wp-content\/uploads\/2017\/03\/FORMULARZ-PUNKTU-WSPARCIA-INWESTORA_EN_Final.docx\">CONTACT FORM<\/a><\/p>\n<\/div><\/div><\/div><\/div><\/div><\/section><section><div class=\"container\"><div class=\"row\"><div class=\"wpb_column vc_column_container col-sm-12  col-xs-mobile-fullwidth\"><div class=\"vc-column-innner-wrapper\"><div class=\"wpd-innner-wrapper\"><div class=\"margin-ten no-margin-lr clearfix\"><h1 class=\"alt-font heading-style1 brando_heading_1501065491-2-17\">Project events<\/h1><\/div><p><a href=\"https:\/\/bruksela.lodzkie.pl\/targi-daja-wiecej\/\" target=\"_blank\" rel=\"noopener\">Meeting on foreign fairs participation<\/a><br \/>\n<a href=\"https:\/\/bruksela.lodzkie.pl\/targi-mets\/\">The METS - Marine Equipment Trade Show<\/a><br \/>\n<a href=\"https:\/\/bruksela.lodzkie.pl\/targi-cocoon\/\" target=\"_blank\" rel=\"noopener\">COCOON - Home and Interior Fair Brussels<\/a><br \/>\n<a href=\"https:\/\/bruksela.lodzkie.pl\/targach-batibouw-2018-w-brukseli\/\" target=\"_blank\" rel=\"noopener\">You are welcome to participate in the BATIBOUW Fair 2018 in Brussels \u2013 present your products and build a demo house with us!<\/a><br \/>\n<a href=\"https:\/\/www.facebook.com\/lodzkiehouse\/photos\/a.208469455884075.54619.184427668288254\/1435878749809800\/?type=3&amp;theater\">ICT Spring Europe 2017 <\/a><br \/>\n<a href=\"https:\/\/www.facebook.com\/lodzkiehouse\/photos\/a.208469455884075.54619.184427668288254\/1353165584747784\/?type=3&amp;theater\">Batibouw 2017 <\/a><br \/>\n<a href=\"https:\/\/www.facebook.com\/lodzkiehouse\/posts\/1347240885340254\">Salon des Vacances in Brussels 2017<\/a><br \/>\n<a href=\"https:\/\/www.facebook.com\/pg\/BrusselsInnovaFair\/photos\/?tab=album&amp;album_id=1316051841758589\">Brussels Innova 2016 <\/a><br \/>\n<a href=\"https:\/\/www.lodzkie.pl\/strona-glowna\/aktualnosci\/%C5%82%C3%B3dzkie-w-brukseli-%E2%80%93-promuje-%C5%82%C3%B3dzki-biznes\">Mingling on the roof EC1 \u2013 \u201cWhat links Poles and Belgians together in the conduct of a business activity?\u201d<\/a><\/p>\n<\/div><\/div><\/div><\/div><\/div><\/section><section><div class=\"container\"><div class=\"row\"><div class=\"wpb_column vc_column_container  col-xs-mobile-fullwidth\"><div class=\"vc-column-innner-wrapper\"><div class=\"wpd-innner-wrapper\"><p>&nbsp;<\/p>\n<p><img loading=\"lazy\" decoding=\"async\" class=\"aligncenter wp-image-1829 size-large\" src=\"https:\/\/bruksela.lodzkie.pl\/wp-content\/uploads\/2017\/03\/LOGOTYPY_KOL_EFRR_pl-1024x172.jpg\" alt=\"\" width=\"1024\" height=\"172\" \/><\/p>\n<\/div><\/div><\/div><\/div><\/div><\/section><\/div><\/div><\/section>","protected":false},"excerpt":{"rendered":"<p>Project objectiveIncrease of international economic ranking of the \u0141\u00f3d\u017a Region through the building of a co-operation network with entities from other European regions and the establishment of a space in Brussels for meetings of pioneers and innovators from different fields and sectors. Specific objectiveRaising awareness of entities from the region regarding conditions and possible effects [&hellip;]<\/p>\n","protected":false},"author":10,"featured_media":0,"parent":1435,"menu_order":0,"comment_status":"closed","ping_status":"closed","template":"","meta":{"_acf_changed":false,"footnotes":""},"class_list":["post-5645","page","type-page","status-publish","hentry"],"acf":[],"_links":{"self":[{"href":"https:\/\/bruksela.lodzkie.pl\/en\/wp-json\/wp\/v2\/pages\/5645","targetHints":{"allow":["GET"]}}],"collection":[{"href":"https:\/\/bruksela.lodzkie.pl\/en\/wp-json\/wp\/v2\/pages"}],"about":[{"href":"https:\/\/bruksela.lodzkie.pl\/en\/wp-json\/wp\/v2\/types\/page"}],"author":[{"embeddable":true,"href":"https:\/\/bruksela.lodzkie.pl\/en\/wp-json\/wp\/v2\/users\/10"}],"replies":[{"embeddable":true,"href":"https:\/\/bruksela.lodzkie.pl\/en\/wp-json\/wp\/v2\/comments?post=5645"}],"version-history":[{"count":12,"href":"https:\/\/bruksela.lodzkie.pl\/en\/wp-json\/wp\/v2\/pages\/5645\/revisions"}],"predecessor-version":[{"id":5660,"href":"https:\/\/bruksela.lodzkie.pl\/en\/wp-json\/wp\/v2\/pages\/5645\/revisions\/5660"}],"up":[{"embeddable":true,"href":"https:\/\/bruksela.lodzkie.pl\/en\/wp-json\/wp\/v2\/pages\/1435"}],"wp:attachment":[{"href":"https:\/\/bruksela.lodzkie.pl\/en\/wp-json\/wp\/v2\/media?parent=5645"}],"curies":[{"name":"wp","href":"https:\/\/api.w.org\/{rel}","templated":true}]}}