{"id":6082,"date":"2018-11-02T09:31:10","date_gmt":"2018-11-02T08:31:10","guid":{"rendered":"https:\/\/bruksela.lodzkie.pl\/?page_id=6082"},"modified":"2018-11-05T15:50:07","modified_gmt":"2018-11-05T14:50:07","slug":"spotkanie-gospodarka-cyrkularna","status":"publish","type":"page","link":"https:\/\/bruksela.lodzkie.pl\/en\/nasze-projekty\/spotkanie-gospodarka-cyrkularna\/","title":{"rendered":"SCREEN"},"content":{"rendered":"<img loading=\"lazy\" decoding=\"async\" class=\"aligncenter size-full wp-image-2267\" src=\"https:\/\/bruksela.lodzkie.pl\/wp-content\/uploads\/2017\/03\/CIRCULAR-ECONOMY-3.jpg\" alt=\"\" width=\"6667\" height=\"2075\" \/>\r\n<div id=\"accordions-2578\" class=\"accordions-2578 accordions\" data-accordions={&quot;lazyLoad&quot;:false,&quot;id&quot;:&quot;2578&quot;,&quot;event&quot;:&quot;click&quot;,&quot;collapsible&quot;:&quot;true&quot;,&quot;heightStyle&quot;:&quot;content&quot;,&quot;animateStyle&quot;:&quot;swing&quot;,&quot;animateDelay&quot;:1000,&quot;navigation&quot;:true,&quot;active&quot;:999,&quot;expandedOther&quot;:&quot;no&quot;}>\r\n                <div class=\"items\" >\r\n    \r\n            <div post_id=\"2578\" itemcount=\"0\"  header_id=\"header-0\" id=\"header-0\" style=\"\" class=\"accordions-head head0 border-none\" toggle-text=\"\" main-text=\"Cele projektu\">\r\n                                    <span id=\"accordion-icons-0\" class=\"accordion-icons\">\r\n                        <span class=\"accordion-icon-active accordion-plus\"><i class=\"fa fa-chevron-up\"><\/i><\/span>\r\n                        <span class=\"accordion-icon-inactive accordion-minus\"><i class=\"fa fa-chevron-down\"><\/i><\/span>\r\n                    <\/span>\r\n                    <span id=\"header-text-0\" class=\"accordions-head-title\">Cele projektu<\/span>\r\n                            <\/div>\r\n            <div class=\"accordion-content content0 \">\r\n                <p><span style=\"font-size: 14pt; color: #003a72;\">Celem projektu \"Europejskie regiony na rzecz synergii w gospodarce cyrkularnej\" w pierwszym etapie jest zbadanie potencja\u0142u i infrastruktury oraz mo\u017cliwych po\u0142\u0105cze\u0144 pomi\u0119dzy przedsi\u0119biorstwami w r\u00f3\u017cnych sektorach (szczeg\u00f3lnie w odniesieniu do inteligentnych specjalizacji), a tak\u017ce analiza dost\u0119pnych instrument\u00f3w finansowych \u2013 zar\u00f3wno w ramach funduszy strukturalnych, jak i\u00a0funduszy inwestycyjnych, czy kredyt\u00f3w preferencyjnych.<\/span><\/p>\n<p><span style=\"font-size: 14pt; color: #003a72;\">W drugim etapie celem b\u0119dzie ustanowienie nowych ram dla optymalnego wykorzystania funduszy na badania i innowacje na rzecz rozwoju gospodarki cyrkulacyjnej oraz stworzenie systemu wsparcia dla projekt\u00f3w, kt\u00f3re uzyska\u0142y wysok\u0105 ocen\u0119 punktow\u0105<\/span><br \/>\n<span style=\"font-size: 14pt; color: #003a72;\"> w konkursach og\u0142aszanych w ramach Programu Horyzont 2020, ale nie uzyska\u0142y dofinansowania ze wzgl\u0119du na limit \u015brodk\u00f3w.<\/span><\/p>\n<p><span style=\"text-decoration: underline; font-size: 14pt; color: #003a72;\">Zgodnie z za\u0142o\u017ceniami Projekt <a style=\"color: #003a72; text-decoration: underline;\" href=\"https:\/\/www.screen-lab.eu\">SCREEN<\/a> przyczyni si\u0119 do:<\/span><\/p>\n<ul>\n<li><span style=\"font-size: 14pt; color: #003a72;\">zaanga\u017cowania regionalnych podmiot\u00f3w we wsp\u00f3lne dzia\u0142ania maj\u0105ce na celu zwi\u0119kszenie synergii w gospodarce cyrkulacyjnej<\/span><\/li>\n<li><span style=\"font-size: 14pt; color: #003a72;\">utworzenia transnarodowej sie\u0107 wsp\u00f3\u0142pracy na rzecz rozwoju<\/span><\/li>\n<li><span style=\"font-size: 14pt; color: #003a72;\">maksymalizacji inwestycji poprzez wspieranie przedsi\u0119biorczych inicjatyw.<\/span><\/li>\n<\/ul>\n            <\/div>\r\n    <\/div>\r\n\r\n\r\n\r\n            <\/div><div id=\"accordions-2579\" class=\"accordions-2579 accordions\" data-accordions={&quot;lazyLoad&quot;:false,&quot;id&quot;:&quot;2579&quot;,&quot;event&quot;:&quot;click&quot;,&quot;collapsible&quot;:&quot;true&quot;,&quot;heightStyle&quot;:&quot;content&quot;,&quot;animateStyle&quot;:&quot;swing&quot;,&quot;animateDelay&quot;:1000,&quot;navigation&quot;:true,&quot;active&quot;:999,&quot;expandedOther&quot;:&quot;no&quot;}>\r\n                <div class=\"items\" >\r\n    \r\n            <div post_id=\"2579\" itemcount=\"0\"  header_id=\"header-0\" id=\"header-0\" style=\"\" class=\"accordions-head head0 border-none\" toggle-text=\"\" main-text=\"Dzia\u0142ania w ramach projektu\">\r\n                                    <span id=\"accordion-icons-0\" class=\"accordion-icons\">\r\n                        <span class=\"accordion-icon-active accordion-plus\"><i class=\"fa fa-chevron-up\"><\/i><\/span>\r\n                        <span class=\"accordion-icon-inactive accordion-minus\"><i class=\"fa fa-chevron-down\"><\/i><\/span>\r\n                    <\/span>\r\n                    <span id=\"header-text-0\" class=\"accordions-head-title\">Dzia\u0142ania w ramach projektu<\/span>\r\n                            <\/div>\r\n            <div class=\"accordion-content content0 \">\r\n                <p><span style=\"font-size: 14pt;\"><span style=\"color: #003a72;\">Dzia\u0142ania w ramach<\/span> <a href=\"https:\/\/www.screen-lab.eu\">SCREEN<\/a> <span style=\"color: #003a72;\">b\u0119d\u0105 wykorzystywa\u0107 rozwijaj\u0105ce si\u0119 ga\u0142\u0119zie przemys\u0142u, aby zach\u0119ci\u0107 regiony s\u0142abiej rozwini\u0119te do wspierania nowopowstaj\u0105cych innowacyjnych podmiot\u00f3w oraz ich ekspansj\u0119 na rynki mi\u0119dzynarodowe.<\/span><\/span><br \/>\n<span style=\"color: #003a72; font-size: 14pt;\"> W\u00a0konsorcjum dzia\u0142aj\u0105 podmioty m.in. z <strong>Francji, W\u0142och, Hiszpanii, Portugali, Grecji i\u00a0Holandii.<\/strong><\/span><\/p>\n            <\/div>\r\n    <\/div>\r\n\r\n\r\n\r\n            <\/div><div id=\"accordions-2580\" class=\"accordions-2580 accordions\" data-accordions={&quot;lazyLoad&quot;:false,&quot;id&quot;:&quot;2580&quot;,&quot;event&quot;:&quot;click&quot;,&quot;collapsible&quot;:&quot;true&quot;,&quot;heightStyle&quot;:&quot;content&quot;,&quot;animateStyle&quot;:&quot;swing&quot;,&quot;animateDelay&quot;:1000,&quot;navigation&quot;:true,&quot;active&quot;:999,&quot;expandedOther&quot;:&quot;no&quot;}>\r\n                <div class=\"items\" >\r\n    \r\n            <div post_id=\"2580\" itemcount=\"0\"  header_id=\"header-0\" id=\"header-0\" style=\"\" class=\"accordions-head head0 border-none\" toggle-text=\"\" main-text=\"Finansowanie i okres realizacji\">\r\n                                    <span id=\"accordion-icons-0\" class=\"accordion-icons\">\r\n                        <span class=\"accordion-icon-active accordion-plus\"><i class=\"fa fa-chevron-up\"><\/i><\/span>\r\n                        <span class=\"accordion-icon-inactive accordion-minus\"><i class=\"fa fa-chevron-down\"><\/i><\/span>\r\n                    <\/span>\r\n                    <span id=\"header-text-0\" class=\"accordions-head-title\">Finansowanie i okres realizacji<\/span>\r\n                            <\/div>\r\n            <div class=\"accordion-content content0 \">\r\n                <p><span style=\"font-size: 14pt;\"><span style=\"color: #003a72;\">Projekt dofinansowany jest z \u015brodk\u00f3w programu <a style=\"color: #003a72;\" href=\"https:\/\/ec.europa.eu\/programmes\/horizon2020\/en\/what-horizon-2020\">Horyzont 2020<\/a>, w ramach tematu Industrial Leadership,\u00a0<\/span><span style=\"color: #003a72;\">typ projektu Coordination and suport action.<\/span><\/span><br \/>\n<span style=\"color: #003a72; font-size: 14pt;\"> Warto\u015b\u0107 projektu wynosi: 1\u00a0771\u00a0865,00 EUR<\/span><br \/>\n<span style=\"color: #003a72; font-size: 14pt;\"> W tym dofinansowanie z UE: 1\u00a0742\u00a0747,50 EUR<\/span><br \/>\n<span style=\"color: #003a72; font-size: 14pt;\"> Bud\u017cet dla wojew\u00f3dztwa \u0142\u00f3dzkiego: 101\u00a0000,00 EUR<\/span><br \/>\n<span style=\"color: #003a72; font-size: 14pt;\"> Okres realizacji projektu:\u00a0listopad 2016 - pa\u017adziernik 2018<\/span><\/p>\n            <\/div>\r\n    <\/div>\r\n\r\n\r\n\r\n            <\/div><div id=\"accordions-2581\" class=\"accordions-2581 accordions\" data-accordions={&quot;lazyLoad&quot;:false,&quot;id&quot;:&quot;2581&quot;,&quot;event&quot;:&quot;click&quot;,&quot;collapsible&quot;:&quot;true&quot;,&quot;heightStyle&quot;:&quot;content&quot;,&quot;animateStyle&quot;:&quot;swing&quot;,&quot;animateDelay&quot;:1000,&quot;navigation&quot;:true,&quot;active&quot;:999,&quot;expandedOther&quot;:&quot;no&quot;}>\r\n                <div class=\"items\" >\r\n    \r\n            <div post_id=\"2581\" itemcount=\"0\"  header_id=\"header-0\" id=\"header-0\" style=\"\" class=\"accordions-head head0 border-none\" toggle-text=\"\" main-text=\"Mo\u017cliwo\u015b\u0107 wsp\u00f3\u0142pracy projektowej\">\r\n                                    <span id=\"accordion-icons-0\" class=\"accordion-icons\">\r\n                        <span class=\"accordion-icon-active accordion-plus\"><i class=\"fa fa-chevron-up\"><\/i><\/span>\r\n                        <span class=\"accordion-icon-inactive accordion-minus\"><i class=\"fa fa-chevron-down\"><\/i><\/span>\r\n                    <\/span>\r\n                    <span id=\"header-text-0\" class=\"accordions-head-title\">Mo\u017cliwo\u015b\u0107 wsp\u00f3\u0142pracy projektowej<\/span>\r\n                            <\/div>\r\n            <div class=\"accordion-content content0 \">\r\n                <p><span style=\"color: #003a72; font-size: 14pt;\">Naszym za\u0142o\u017ceniem jest wypracowanie regionalnej sieci ekspert\u00f3w w zakresie\u00a0 gospodarki obiegu zamkni\u0119tego, zar\u00f3wno wywodz\u0105cych si\u0119 ze \u015brodowiska akademickiego, jak i praktyk\u00f3w. Do wsp\u00f3\u0142pracy zapraszamy przedsi\u0119biorc\u00f3w z\u00a0bran\u017cy recyklingu, sektora energii, przedstawicieli w\u0142adz gmin z regionu \u0142\u00f3dzkiego oraz naukowc\u00f3w.<\/span><\/p>\n            <\/div>\r\n    <\/div>\r\n\r\n\r\n\r\n            <\/div><div id=\"accordions-2582\" class=\"accordions-2582 accordions\" data-accordions={&quot;lazyLoad&quot;:false,&quot;id&quot;:&quot;2582&quot;,&quot;event&quot;:&quot;click&quot;,&quot;collapsible&quot;:&quot;true&quot;,&quot;heightStyle&quot;:&quot;content&quot;,&quot;animateStyle&quot;:&quot;swing&quot;,&quot;animateDelay&quot;:1000,&quot;navigation&quot;:true,&quot;active&quot;:999,&quot;expandedOther&quot;:&quot;no&quot;}>\r\n                <div class=\"items\" >\r\n    \r\n            <div post_id=\"2582\" itemcount=\"0\"  header_id=\"header-0\" id=\"header-0\" style=\"\" class=\"accordions-head head0 border-none\" toggle-text=\"\" main-text=\"Wydarzenia projektowe\">\r\n                                    <span id=\"accordion-icons-0\" class=\"accordion-icons\">\r\n                        <span class=\"accordion-icon-active accordion-plus\"><i class=\"fa fa-chevron-up\"><\/i><\/span>\r\n                        <span class=\"accordion-icon-inactive accordion-minus\"><i class=\"fa fa-chevron-down\"><\/i><\/span>\r\n                    <\/span>\r\n                    <span id=\"header-text-0\" class=\"accordions-head-title\">Wydarzenia projektowe<\/span>\r\n                            <\/div>\r\n            <div class=\"accordion-content content0 \">\r\n                <p><span style=\"color: #003a72; font-size: 14pt;\">24-25 listopada 2016 r. w Brukseli odby\u0142o si\u0119 pierwsze spotkanie projektowe.<\/span><br \/>\n<span style=\"color: #003a72; font-size: 14pt;\"> 16-17 marca 2017 r. w Rzymie zaplanowano drugie spotkanie projektowe.<\/span><\/p>\n            <\/div>\r\n    <\/div>\r\n\r\n\r\n\r\n            <\/div>","protected":false},"excerpt":{"rendered":"<p>Cele projektu Celem projektu &#8220;Europejskie regiony na rzecz synergii w gospodarce cyrkularnej&#8221; w pierwszym etapie jest zbadanie potencja\u0142u i infrastruktury oraz mo\u017cliwych po\u0142\u0105cze\u0144 pomi\u0119dzy przedsi\u0119biorstwami w r\u00f3\u017cnych sektorach (szczeg\u00f3lnie w odniesieniu do inteligentnych specjalizacji), a tak\u017ce analiza dost\u0119pnych instrument\u00f3w finansowych \u2013 zar\u00f3wno w ramach funduszy strukturalnych, jak i\u00a0funduszy inwestycyjnych, czy kredyt\u00f3w preferencyjnych. W drugim etapie [&hellip;]<\/p>\n","protected":false},"author":10,"featured_media":6093,"parent":1435,"menu_order":0,"comment_status":"closed","ping_status":"closed","template":"","meta":{"_acf_changed":false,"footnotes":""},"class_list":["post-6082","page","type-page","status-publish","has-post-thumbnail","hentry"],"acf":[],"_links":{"self":[{"href":"https:\/\/bruksela.lodzkie.pl\/en\/wp-json\/wp\/v2\/pages\/6082","targetHints":{"allow":["GET"]}}],"collection":[{"href":"https:\/\/bruksela.lodzkie.pl\/en\/wp-json\/wp\/v2\/pages"}],"about":[{"href":"https:\/\/bruksela.lodzkie.pl\/en\/wp-json\/wp\/v2\/types\/page"}],"author":[{"embeddable":true,"href":"https:\/\/bruksela.lodzkie.pl\/en\/wp-json\/wp\/v2\/users\/10"}],"replies":[{"embeddable":true,"href":"https:\/\/bruksela.lodzkie.pl\/en\/wp-json\/wp\/v2\/comments?post=6082"}],"version-history":[{"count":10,"href":"https:\/\/bruksela.lodzkie.pl\/en\/wp-json\/wp\/v2\/pages\/6082\/revisions"}],"predecessor-version":[{"id":6147,"href":"https:\/\/bruksela.lodzkie.pl\/en\/wp-json\/wp\/v2\/pages\/6082\/revisions\/6147"}],"up":[{"embeddable":true,"href":"https:\/\/bruksela.lodzkie.pl\/en\/wp-json\/wp\/v2\/pages\/1435"}],"wp:featuredmedia":[{"embeddable":true,"href":"https:\/\/bruksela.lodzkie.pl\/en\/wp-json\/wp\/v2\/media\/6093"}],"wp:attachment":[{"href":"https:\/\/bruksela.lodzkie.pl\/en\/wp-json\/wp\/v2\/media?parent=6082"}],"curies":[{"name":"wp","href":"https:\/\/api.w.org\/{rel}","templated":true}]}}