{"id":6430,"date":"2019-02-20T09:35:31","date_gmt":"2019-02-20T08:35:31","guid":{"rendered":"https:\/\/bruksela.lodzkie.pl\/?page_id=6430"},"modified":"2024-01-04T13:28:33","modified_gmt":"2024-01-04T12:28:33","slug":"lodzkie-w-brukseli-promuje-lodzki-biznes-pl","status":"publish","type":"page","link":"https:\/\/bruksela.lodzkie.pl\/en\/nasze-projekty\/lodzkie-w-brukseli-promuje-lodzki-biznes-pl\/","title":{"rendered":"\u0141\u00f3dzkie w Brukseli \u2013 promuje \u0142\u00f3dzki biznes"},"content":{"rendered":"<section ><div class=\"container\"><div class=\"row\"><div class=\"wpb_column vc_column_container col-sm-12  col-xs-mobile-fullwidth\"><div class=\"vc-column-innner-wrapper\"><div class=\"wpd-innner-wrapper\"><p><!-- wp:html --><\/p>\n<p><img loading=\"lazy\" decoding=\"async\" class=\"aligncenter wp-image-4679 size-large\" src=\"https:\/\/bruksela.lodzkie.pl\/wp-content\/uploads\/2017\/03\/LOGOTYPY_KOL_EFRR_pl-1024x195.png\" alt=\"\" width=\"1024\" height=\"195\" srcset=\"https:\/\/bruksela.lodzkie.pl\/wp-content\/uploads\/2017\/03\/LOGOTYPY_KOL_EFRR_pl-1024x195.png 1024w, https:\/\/bruksela.lodzkie.pl\/wp-content\/uploads\/2017\/03\/LOGOTYPY_KOL_EFRR_pl-150x29.png 150w, https:\/\/bruksela.lodzkie.pl\/wp-content\/uploads\/2017\/03\/LOGOTYPY_KOL_EFRR_pl-600x114.png 600w, https:\/\/bruksela.lodzkie.pl\/wp-content\/uploads\/2017\/03\/LOGOTYPY_KOL_EFRR_pl-768x146.png 768w, https:\/\/bruksela.lodzkie.pl\/wp-content\/uploads\/2017\/03\/LOGOTYPY_KOL_EFRR_pl-1200x229.png 1200w, https:\/\/bruksela.lodzkie.pl\/wp-content\/uploads\/2017\/03\/LOGOTYPY_KOL_EFRR_pl.png 1239w\" sizes=\"auto, (max-width: 1024px) 100vw, 1024px\" \/><\/p>\n<div class=\"margin-ten no-margin-lr clearfix\"><h1 class=\"alt-font heading-style1 brando_heading_1550585975-2-48\">Cel projektu<\/h1><\/div><p>Zwi\u0119kszenie mi\u0119dzynarodowej rangi gospodarczej woj. \u0142\u00f3dzkiego poprzez budowanie sieci wsp\u00f3\u0142pracy z podmiotami z innych region\u00f3w europejskich oraz stworzenie w Brukseli przestrzeni spotka\u0144 dla pionier\u00f3w i innowator\u00f3w pochodz\u0105cych z r\u00f3\u017cnych bran\u017c i dziedzin.<\/p>\n<\/div><\/div><\/div><\/div><\/div><\/section><section><div class=\"container\"><div class=\"row\"><div class=\"wpb_column vc_column_container col-sm-12  col-xs-mobile-fullwidth\"><div class=\"vc-column-innner-wrapper\"><div class=\"wpd-innner-wrapper\"><div class=\"margin-ten no-margin-lr clearfix\"><h1 class=\"alt-font heading-style1 brando_heading_1550586165-2-69\">Cel szczeg\u00f3\u0142owy<\/h1><\/div><p>Zwi\u0119kszenie \u015bwiadomo\u015bci podmiot\u00f3w z region\u00f3w zakresie warunk\u00f3w i mo\u017cliwych efekt\u00f3w prowadzenia promocji produkt\u00f3w i us\u0142ug oraz dzia\u0142alno\u015bci gospodarczej w krajach Beneluksu dzi\u0119ki utworzeniu i bie\u017c\u0105cej dzia\u0142alno\u015bci Punktu Wsparcia Inwestora oraz tworzenie w regionie partnerstw na rzecz wsp\u00f3\u0142pracy mi\u0119dzynarodowej, wzrostu poziomu eksportu i zdobywania nowych rynk\u00f3w zbytu.<\/p>\n<\/div><\/div><\/div><\/div><\/div><\/section><section><div class=\"container\"><div class=\"row\"><div class=\"wpb_column vc_column_container col-sm-12  col-xs-mobile-fullwidth\"><div class=\"vc-column-innner-wrapper\"><div class=\"wpd-innner-wrapper\"><div class=\"margin-ten no-margin-lr clearfix\"><h1 class=\"alt-font heading-style1 brando_heading_1550586253-2-48\">Finansowanie<\/h1><\/div><p>Projekt uzyska\u0142 dofinansowanie w ramach Regionalnego Programu Operacyjnego Wojew\u00f3dztwa \u0141\u00f3dzkiego na lata 2014-2020<br \/>\nDzia\u0142anie II.2 Internacjonalizacja przedsi\u0119biorstw, poddzia\u0142anie II.2.2. Promocja gospodarcza regionu<br \/>\nWarto\u015b\u0107 projektu wynosi: 1 000 000,00 z\u0142otych<br \/>\nWarto\u015b\u0107 dofinansowania z UE: 850 000,00 z\u0142otych<\/p>\n<\/div><\/div><\/div><\/div><\/div><\/section><section><div class=\"container\"><div class=\"row\"><div class=\"wpb_column vc_column_container col-sm-12  col-xs-mobile-fullwidth\"><div class=\"vc-column-innner-wrapper\"><div class=\"wpd-innner-wrapper\"><div class=\"margin-ten no-margin-lr clearfix\"><h1 class=\"alt-font heading-style1 brando_heading_1550586371-2-34\">Mo\u017cliwo\u015bci wsp\u00f3\u0142pracy<\/h1><\/div><p>W ramach projektu uruchomiony zosta\u0142 w \u0141odzi oraz bezpo\u015brednio w Brukseli <a href=\"https:\/\/bruksela.lodzkie.pl\/punkt-wsparcia-inwestora\/\">Punkt Wsparcia Inwestora<\/a><br \/>\nPonadto, dzia\u0142ania prowadzone s\u0105 we wsp\u00f3\u0142pracy z Wydzia\u0142em Promocji Handlu i Inwestycji Ambasady RP w Brukseli, Izbami gospodarczymi z Belgii i Luksemburga (np. VOKA, BEPOLUX, Polsko \u2013 Luksemburska Izba Handlowa itp.), podmiotami dzia\u0142aj\u0105cymi w Brukseli i wojew\u00f3dztwie \u0142\u00f3dzkim<br \/>\nZapraszam do wsp\u00f3\u0142pracy ju\u017c dzi\u015b \u2013 <a href=\"https:\/\/bruksela.lodzkie.pl\/kontakt\/formularz-kontaktowy\/\">formularz kontaktowy<\/a><\/p>\n<\/div><\/div><\/div><\/div><\/div><\/section><section><div class=\"container\"><div class=\"row\"><div class=\"wpb_column vc_column_container col-sm-12  col-xs-mobile-fullwidth\"><div class=\"vc-column-innner-wrapper\"><div class=\"wpd-innner-wrapper\"><div class=\"margin-ten no-margin-lr clearfix\"><h1 class=\"alt-font heading-style1 brando_heading_1550586572-2-20\">Wydarzenia projektowe<\/h1><\/div><p><a href=\"https:\/\/bruksela.lodzkie.pl\/razem-mozemy-wiecej-kierunek-beneluks\/\">Konferencja \u201cRazem mo\u017cemy wi\u0119cej \u2013 kierunek Beneluks.\u201d, 26.09.2018<\/a><br \/>\n<a href=\"https:\/\/bruksela.lodzkie.pl\/nasze-projekty\/ziemia-lodzka-sierpien-2018\/\">Najwa\u017cniejszy pierwszy krok \u2013 Ziemia \u0141\u00f3dzka Nr 8 (197) sierpie\u0144 2018<\/a><br \/>\n<a href=\"https:\/\/bruksela.lodzkie.pl\/estetika2018\/\">Mi\u0119dzynarodowe targi estetyki i zdrowego trybu \u017cycia ESTETIKA 2018 w Brukseli<\/a><br \/>\n<a href=\"https:\/\/bruksela.lodzkie.pl\/btmf2018\/\">Targi turystyczne \u201eBusiness Traveller &amp; MICE Fair 2018\u201d w Amsterdamie<\/a><br \/>\n<a href=\"https:\/\/bruksela.lodzkie.pl\/cocoon-brussels-expo-2018\/\">Targi COCOON 2018<\/a><br \/>\n<a href=\"https:\/\/bruksela.lodzkie.pl\/podsumowanie-renovatie-2018-w-den-bosch\/\">Wizyta studyjna na targach Renovatie 2018<\/a><br \/>\n<a href=\"https:\/\/bruksela.lodzkie.pl\/relacja-biobest\/\">Targi BIO BEST 2018<\/a><br \/>\n<a href=\"https:\/\/bruksela.lodzkie.pl\/relacja-z-miedzynarodowych-targow-spozywczych-tavola-2018\/\">Relacja z Mi\u0119dzynarodowych Targ\u00f3w Spo\u017cywczych Tavola 2018 w Kortrijk<\/a><br \/>\n<a href=\"https:\/\/bruksela.lodzkie.pl\/targi-batibouw-2018-relacja\/\">Relacja z Mi\u0119dzynarodowych Targ\u00f3w Budowlanych Batibouw 2018 w Brukseli<\/a><br \/>\n<a href=\"https:\/\/bruksela.lodzkie.pl\/nasze-projekty\/poczytaj-jak-wspieramy-inwestorow\/\">Poczytaj, jak wspieramy inwestor\u00f3w \u2013 artyku\u0142 w Strefie Biznesu<\/a><br \/>\n<a href=\"https:\/\/bruksela.lodzkie.pl\/targi-daja-wiecej\/\">Spotkanie dot. uczestnictwa w targach zagranicznych<\/a><br \/>\n<a href=\"https:\/\/bruksela.lodzkie.pl\/targi-mets-2\/\">Targi METS<\/a><br \/>\n<a href=\"https:\/\/bruksela.lodzkie.pl\/targi-cocoon\/\">Targi COCOON<\/a><br \/>\n<a href=\"https:\/\/bruksela.lodzkie.pl\/targach-batibouw-2018-w-brukseli\/\">Zapraszamy do wzi\u0119cia udzia\u0142u w Targach BATIBOUW 2018 w Brukseli \u2013 zaprezentuj swoje produkty i zbuduj z nami pokazowy dom!<\/a><br \/>\n<a href=\"https:\/\/www.facebook.com\/lodzkiehouse\/photos\/a.208469455884075.54619.184427668288254\/1435878749809800\/?type=3&theater\">ICT Spring Europe 2017<\/a><br \/>\n<a href=\"https:\/\/www.facebook.com\/lodzkiehouse\/photos\/a.208469455884075.54619.184427668288254\/1435878749809800\/?type=3&theater\">Batibouw 2017<\/a><br \/>\n<a href=\"https:\/\/www.facebook.com\/lodzkiehouse\/posts\/1347240885340254\">Salon des Vacances w Brukseli 2017<\/a><br \/>\n<a href=\"https:\/\/www.facebook.com\/pg\/BrusselsInnovaFair\/photos\/?tab=album&album_id=1316051841758589\">Brussels Innova 2016<\/a><br \/>\n<a href=\"https:\/\/www.lodzkie.pl\/strona-glowna\/aktualnosci\/\u0142\u00f3dzkie-w-brukseli-\u2013-promuje-\u0142\u00f3dzki-biznes\">Mingling na dachu EC1 \u2013 \"Co \u0142\u0105czy Polak\u00f3w i Belg\u00f3w w prowadzeniu dzia\u0142alno\u015bci gospodarczej?\u201d<\/a><\/p>\n<\/div><\/div><\/div><\/div><\/div><\/section><section><div class=\"container\"><div class=\"row\"><div class=\"wpb_column vc_column_container col-sm-12  col-xs-mobile-fullwidth\"><div class=\"vc-column-innner-wrapper\"><div class=\"wpd-innner-wrapper\"><div class=\"margin-ten no-margin-lr clearfix\"><h1 class=\"alt-font heading-style1 brando_heading_1550586572-2-20\">Film projektowy<\/h1><\/div><video autoplay muted loop controls><source type=\"video\/mp4\" src=\"https:\/\/bruksela.lodzkie.pl\/filmy\/spot_1min.mp4\"><\/video><\/div><\/div><\/div><\/div><\/div><\/section>\n","protected":false},"excerpt":{"rendered":"<p>Cel projektuZwi\u0119kszenie mi\u0119dzynarodowej rangi gospodarczej woj. \u0142\u00f3dzkiego poprzez budowanie sieci wsp\u00f3\u0142pracy z podmiotami z innych region\u00f3w europejskich oraz stworzenie w Brukseli przestrzeni spotka\u0144 dla pionier\u00f3w i innowator\u00f3w pochodz\u0105cych z r\u00f3\u017cnych bran\u017c i dziedzin. Cel szczeg\u00f3\u0142owyZwi\u0119kszenie \u015bwiadomo\u015bci podmiot\u00f3w z region\u00f3w zakresie warunk\u00f3w i mo\u017cliwych efekt\u00f3w prowadzenia promocji produkt\u00f3w i us\u0142ug oraz dzia\u0142alno\u015bci gospodarczej w krajach Beneluksu [&hellip;]<\/p>\n","protected":false},"author":10,"featured_media":0,"parent":1435,"menu_order":0,"comment_status":"closed","ping_status":"closed","template":"","meta":{"_acf_changed":false,"footnotes":""},"class_list":["post-6430","page","type-page","status-publish","hentry"],"acf":[],"_links":{"self":[{"href":"https:\/\/bruksela.lodzkie.pl\/en\/wp-json\/wp\/v2\/pages\/6430","targetHints":{"allow":["GET"]}}],"collection":[{"href":"https:\/\/bruksela.lodzkie.pl\/en\/wp-json\/wp\/v2\/pages"}],"about":[{"href":"https:\/\/bruksela.lodzkie.pl\/en\/wp-json\/wp\/v2\/types\/page"}],"author":[{"embeddable":true,"href":"https:\/\/bruksela.lodzkie.pl\/en\/wp-json\/wp\/v2\/users\/10"}],"replies":[{"embeddable":true,"href":"https:\/\/bruksela.lodzkie.pl\/en\/wp-json\/wp\/v2\/comments?post=6430"}],"version-history":[{"count":15,"href":"https:\/\/bruksela.lodzkie.pl\/en\/wp-json\/wp\/v2\/pages\/6430\/revisions"}],"predecessor-version":[{"id":8852,"href":"https:\/\/bruksela.lodzkie.pl\/en\/wp-json\/wp\/v2\/pages\/6430\/revisions\/8852"}],"up":[{"embeddable":true,"href":"https:\/\/bruksela.lodzkie.pl\/en\/wp-json\/wp\/v2\/pages\/1435"}],"wp:attachment":[{"href":"https:\/\/bruksela.lodzkie.pl\/en\/wp-json\/wp\/v2\/media?parent=6430"}],"curies":[{"name":"wp","href":"https:\/\/api.w.org\/{rel}","templated":true}]}}