{"id":7240,"date":"2020-02-17T15:55:12","date_gmt":"2020-02-17T14:55:12","guid":{"rendered":"https:\/\/bruksela.lodzkie.pl\/?page_id=7240"},"modified":"2020-02-17T15:55:13","modified_gmt":"2020-02-17T14:55:13","slug":"koordynacja-i-rozwoj-ekonomii-spolecznej-w-wojewodztwie-lodzkim-2","status":"publish","type":"page","link":"https:\/\/bruksela.lodzkie.pl\/en\/koordynacja-i-rozwoj-ekonomii-spolecznej-w-wojewodztwie-lodzkim-2\/","title":{"rendered":"(Polski) GPP4Growth w ramach konferencji w ramach projektu pn. \u201eKoordynacja i rozw\u00f3j ekonomii spo\u0142ecznej w wojew\u00f3dztwie \u0142\u00f3dzkim\u201d"},"content":{"rendered":"<p class=\"qtranxs-available-languages-message qtranxs-available-languages-message-en\">Sorry, this entry is only available in <a href=\"https:\/\/bruksela.lodzkie.pl\/pl\/wp-json\/wp\/v2\/pages\/7240\" class=\"qtranxs-available-language-link qtranxs-available-language-link-pl\" title=\"Polski\">Polski<\/a>.<\/p>","protected":false},"excerpt":{"rendered":"<p>Sorry, this entry is only available in Polski.<\/p>\n","protected":false},"author":14,"featured_media":0,"parent":0,"menu_order":0,"comment_status":"closed","ping_status":"closed","template":"","meta":{"_acf_changed":false,"footnotes":""},"class_list":["post-7240","page","type-page","status-publish","hentry"],"acf":[],"_links":{"self":[{"href":"https:\/\/bruksela.lodzkie.pl\/en\/wp-json\/wp\/v2\/pages\/7240","targetHints":{"allow":["GET"]}}],"collection":[{"href":"https:\/\/bruksela.lodzkie.pl\/en\/wp-json\/wp\/v2\/pages"}],"about":[{"href":"https:\/\/bruksela.lodzkie.pl\/en\/wp-json\/wp\/v2\/types\/page"}],"author":[{"embeddable":true,"href":"https:\/\/bruksela.lodzkie.pl\/en\/wp-json\/wp\/v2\/users\/14"}],"replies":[{"embeddable":true,"href":"https:\/\/bruksela.lodzkie.pl\/en\/wp-json\/wp\/v2\/comments?post=7240"}],"version-history":[{"count":0,"href":"https:\/\/bruksela.lodzkie.pl\/en\/wp-json\/wp\/v2\/pages\/7240\/revisions"}],"wp:attachment":[{"href":"https:\/\/bruksela.lodzkie.pl\/en\/wp-json\/wp\/v2\/media?parent=7240"}],"curies":[{"name":"wp","href":"https:\/\/api.w.org\/{rel}","templated":true}]}}