{"id":7454,"date":"2020-02-27T14:42:02","date_gmt":"2020-02-27T13:42:02","guid":{"rendered":"https:\/\/bruksela.lodzkie.pl\/?page_id=7454"},"modified":"2023-12-12T12:56:53","modified_gmt":"2023-12-12T11:56:53","slug":"samorzadowe-centrum-gospodarki-cyrkularnej-i-umiedzynarodowienia-przedsiebiorstw-lodzkie-green-hub","status":"publish","type":"page","link":"https:\/\/bruksela.lodzkie.pl\/en\/nasze-projekty\/samorzadowe-centrum-gospodarki-cyrkularnej-i-umiedzynarodowienia-przedsiebiorstw-lodzkie-green-hub\/","title":{"rendered":"(Polski) Samorz\u0105dowe Centrum Gospodarki Cyrkularnej i Umi\u0119dzynarodowienia Przedsi\u0119biorstw \u201e\u0141\u00d3DZKIE GREEN HUB\u201d"},"content":{"rendered":"<section ><div class=\"container\"><div class=\"row\"><section><div class=\"container\"><div class=\"row\"><div class=\"wpb_column vc_column_container col-sm-12  col-xs-mobile-fullwidth\"><div class=\"vc-column-innner-wrapper\"><div class=\"wpd-innner-wrapper\"><p><img loading=\"lazy\" decoding=\"async\" class=\"size-medium wp-image-7378 aligncenter\" src=\"https:\/\/bruksela.lodzkie.pl\/wp-content\/uploads\/2021\/03\/RPO.png\" alt=\"\" width=\"600\" height=\"107\"><\/p>\n<\/div><\/div><\/div><\/div><\/div><\/section><section><div class=\"container\"><div class=\"row\"><div class=\"wpb_column vc_column_container col-sm-12  col-xs-mobile-fullwidth\"><div class=\"vc-column-innner-wrapper\"><div class=\"wpd-innner-wrapper\"><div class=\"margin-ten no-margin-lr clearfix\"><h1 class=\"alt-font heading-style1 brando_heading_1501069500-2-91\">cel projektu<\/h1><\/div><p>Umo\u017cliwienie przedsi\u0119biorstwom z wojew\u00f3dztwa \u0142\u00f3dzkiego stworzenia oferty produkt\u00f3w konkurencyjnych na rynku mi\u0119dzynarodowym w jednym z\u00a0 kierunk\u00f3w globalnego rozwoju, kt\u00f3rym jest gospodarka cyrkularna, a tak\u017ce zwi\u0119kszenie mi\u0119dzynarodowej rangi gospodarczej woj. \u0142\u00f3dzkiego poprzez budowanie sieci wsp\u00f3\u0142pracy z podmiotami z innych region\u00f3w europejskich.<\/p>\n<div class=\"margin-ten no-margin-lr clearfix\"><h1 class=\"alt-font heading-style1 brando_heading_1501069500-2-91\">planowane efekty<\/h1><\/div><p>Projekt przyczyni si\u0119 do\u00a0 wzrostu konkurencyjno\u015bci firm z regionu \u0142\u00f3dzkiego na rynku europejskim i w\u0142\u0105czenia przedsi\u0119biorc\u00f3w w mi\u0119dzynarodowy nurt korzy\u015bci p\u0142yn\u0105cych z\u00a0wdra\u017cania rozwi\u0105za\u0144 gospodarki cyrkularnej. Pozwoli tak\u017ce na internacjonalizacj\u0119 dzia\u0142alno\u015bci przedsi\u0119biorstw z wojew\u00f3dztwa \u0142\u00f3dzkiego w ramach sieci wsp\u00f3\u0142pracy gospodarczej poprzez aktywny udzia\u0142 w spotkaniach, seminariach, wizytach studyjnych, sesjach brokerskich z zakresu gospodarki cyrkularnej, umo\u017cliwiaj\u0105cy mi\u0119dzynarodow\u0105 wymian\u0119 do\u015bwiadcze\u0144, dobrych praktyk oraz europejskich rozwi\u0105za\u0144 biznesowych, a tak\u017ce zbudowanie sieci wsp\u00f3\u0142pracy.<\/p>\n<\/div><\/div><\/div><\/div><\/div><\/section><section><div class=\"container\"><div class=\"row\"><div class=\"wpb_column vc_column_container col-sm-12  col-xs-mobile-fullwidth\"><div class=\"vc-column-innner-wrapper\"><div class=\"wpd-innner-wrapper\"><div class=\"margin-ten no-margin-lr clearfix\"><h1 class=\"alt-font heading-style1 brando_heading_1501069500-2-91\">warto\u015b\u0107 projektu<\/h1><\/div><p>933 160,00 PLN<\/p>\n<p>&nbsp;<\/p>\n<div class=\"margin-ten no-margin-lr clearfix\"><h1 class=\"alt-font heading-style1 brando_heading_1501069500-2-91\">Wk\u0142ad Funduszy Europejskich <\/h1><\/div><p>712 791,50 PLN<\/p>\n<p>&nbsp;<\/p>\n<div class=\"margin-ten no-margin-lr clearfix\"><h1 class=\"alt-font heading-style1 brando_heading_1582272505-2-28\">daty REALIZACJI<\/h1><\/div><p>01.08.2019\u00a0 \u2013 31.12.2023<\/p>\n<\/div><\/div><\/div><\/div><\/div><\/section><\/div><\/div><\/section>\n","protected":false},"excerpt":{"rendered":"<p>cel projektuUmo\u017cliwienie przedsi\u0119biorstwom z wojew\u00f3dztwa \u0142\u00f3dzkiego stworzenia oferty produkt\u00f3w konkurencyjnych na rynku mi\u0119dzynarodowym w jednym z\u00a0 kierunk\u00f3w globalnego rozwoju, kt\u00f3rym jest gospodarka cyrkularna, a tak\u017ce zwi\u0119kszenie mi\u0119dzynarodowej rangi gospodarczej woj. \u0142\u00f3dzkiego poprzez budowanie sieci wsp\u00f3\u0142pracy z podmiotami z innych region\u00f3w europejskich. planowane efektyProjekt przyczyni si\u0119 do\u00a0 wzrostu konkurencyjno\u015bci firm z regionu \u0142\u00f3dzkiego na rynku europejskim [&hellip;]<\/p>\n","protected":false},"author":14,"featured_media":0,"parent":1435,"menu_order":0,"comment_status":"closed","ping_status":"closed","template":"","meta":{"_acf_changed":false,"footnotes":""},"class_list":["post-7454","page","type-page","status-publish","hentry"],"acf":[],"_links":{"self":[{"href":"https:\/\/bruksela.lodzkie.pl\/en\/wp-json\/wp\/v2\/pages\/7454","targetHints":{"allow":["GET"]}}],"collection":[{"href":"https:\/\/bruksela.lodzkie.pl\/en\/wp-json\/wp\/v2\/pages"}],"about":[{"href":"https:\/\/bruksela.lodzkie.pl\/en\/wp-json\/wp\/v2\/types\/page"}],"author":[{"embeddable":true,"href":"https:\/\/bruksela.lodzkie.pl\/en\/wp-json\/wp\/v2\/users\/14"}],"replies":[{"embeddable":true,"href":"https:\/\/bruksela.lodzkie.pl\/en\/wp-json\/wp\/v2\/comments?post=7454"}],"version-history":[{"count":15,"href":"https:\/\/bruksela.lodzkie.pl\/en\/wp-json\/wp\/v2\/pages\/7454\/revisions"}],"predecessor-version":[{"id":8778,"href":"https:\/\/bruksela.lodzkie.pl\/en\/wp-json\/wp\/v2\/pages\/7454\/revisions\/8778"}],"up":[{"embeddable":true,"href":"https:\/\/bruksela.lodzkie.pl\/en\/wp-json\/wp\/v2\/pages\/1435"}],"wp:attachment":[{"href":"https:\/\/bruksela.lodzkie.pl\/en\/wp-json\/wp\/v2\/media?parent=7454"}],"curies":[{"name":"wp","href":"https:\/\/api.w.org\/{rel}","templated":true}]}}