{"id":7626,"date":"2020-05-21T10:54:57","date_gmt":"2020-05-21T08:54:57","guid":{"rendered":"https:\/\/bruksela.lodzkie.pl\/?page_id=7626"},"modified":"2020-07-17T11:55:15","modified_gmt":"2020-07-17T09:55:15","slug":"wirtualne-spotkanie-tematyczne-w-projekcie-inno-provement-lodz-14-05-2020","status":"publish","type":"page","link":"https:\/\/bruksela.lodzkie.pl\/en\/nasze-projekty\/innoprovement\/wirtualne-spotkanie-tematyczne-w-projekcie-inno-provement-lodz-14-05-2020\/","title":{"rendered":"(Polski) Wirtualne spotkanie tematyczne w projekcie INNO PROVEMENT (\u0141\u00f3d\u017a, 14.05.2020)"},"content":{"rendered":"<section ><div class=\"container\"><div class=\"row\"><div class=\"wpb_column vc_column_container col-sm-12  col-xs-mobile-fullwidth\"><div class=\"vc-column-innner-wrapper\"><div class=\"wpd-innner-wrapper\"><p style=\"text-align: justify;\">14 maja odby\u0142o si\u0119 wirtualne spotkanie tematyczne w mi\u0119dzynarodowym projekcie INNO PROVEMENT, w ramach kt\u00f3rego wypracowywane s\u0105 mechanizmy skutecznego wsparcia firm w cyfrowej transformacji swojej dzia\u0142alno\u015bci. Organizatorem spotkania by\u0142o Wojew\u00f3dztwo \u0141\u00f3dzkie.<\/p>\n<p style=\"text-align: justify;\">Tematem spotkania by\u0142y modele badaj\u0105ce cyfrow\u0105 dojrza\u0142o\u015b\u0107 przedsi\u0119biorstw. G\u0142\u00f3wnym celem narz\u0105dzi przeznaczonych do oceny lub samooceny technologicznej oraz organizacyjnej przedsi\u0119biorstw planuj\u0105cych wdro\u017cenie rozwi\u0105za\u0144 z obszaru Przemys\u0142u 4.0 jest analiza potencja\u0142u a tak\u017ce wyb\u00f3r najw\u0142a\u015bciwszych kierunk\u00f3w cyfrowego rozwoju.<\/p>\n<p style=\"text-align: justify;\">\nTransformacja cyfrowa przedsi\u0119biorstw jest procesem z\u0142o\u017conym oraz kosztownym dlatego dok\u0142adna analiza posiadanych zasob\u00f3w oraz wypracowanie realnych do wdro\u017cenia rozwi\u0105za\u0144 jest kluczowe w budowaniu strategii technologicznego rozwoju firmy. Jest to szczeg\u00f3lnie istotne w przypadku mniejszych firm, kt\u00f3re nie mog\u0105 pozwoli\u0107 sobie na ryzyko nietrafionych inwestycji.<\/p>\n<p style=\"text-align: justify;\">Partnerzy projektu INNO PROVEMENT zaprezentowali modele ewaluacji cyfrowej wdra\u017cane w ich krajach lub regionach oraz efekty jakie dzi\u0119ki nim osi\u0105gni\u0119to. Zaprezentowane rozwi\u0105zania mo\u017cna podzieli\u0107 na trzy kategorie: modele ewaluacji zwi\u0105zane z projektami wsparcia (np. finansowego), narz\u0119dzia on-line a tak\u017ce wst\u0119pne oceny dojrza\u0142o\u015bci cyfrowej firm na poziomie kraju lub regionu.<\/p>\n<p style=\"text-align: justify;\">W Programie Operacyjnym Rozwoju Gospodarczego i Innowacji funkcjonuj\u0105cym na W\u0119grzech, przed zakwalifikowaniem firmy do wsparcia, stosuje si\u0119 dwustopniowy model ewaluacji. W pierwszym etapie firma wype\u0142nia kwestionariusz online a nast\u0119pnie zapraszana jest na wywiad prowadzony przez eksperta. Taki proces zapewnia weryfikacj\u0119 informacji podanych przez firm\u0119 w kwestionariuszu. Z do\u015bwiadcze\u0144 w\u0119gierskich wynika bowiem, \u017ce wyniki samooceny cz\u0119sto dalece odbiegaj\u0105 od rzeczywisto\u015bci.<\/p>\n<p style=\"text-align: justify;\"><img loading=\"lazy\" decoding=\"async\" class=\"aligncenter wp-image-7640 size-medium\" src=\"https:\/\/bruksela.lodzkie.pl\/wp-content\/uploads\/2020\/05\/reality-check-600x338.png\" alt=\"\" width=\"600\" height=\"338\" srcset=\"https:\/\/bruksela.lodzkie.pl\/wp-content\/uploads\/2020\/05\/reality-check-600x338.png 600w, https:\/\/bruksela.lodzkie.pl\/wp-content\/uploads\/2020\/05\/reality-check-150x84.png 150w, https:\/\/bruksela.lodzkie.pl\/wp-content\/uploads\/2020\/05\/reality-check.png 640w\" sizes=\"auto, (max-width: 600px) 100vw, 600px\" \/>W modelu w\u0119gierskim, badaniu podlega siedem obszar\u00f3w:<br \/>\n1. Zarz\u0105dzanie,<br \/>\n2. Cele i strategia,<br \/>\n3. \u0141a\u0144cuch dostaw,<br \/>\n4. Jako\u015b\u0107,<br \/>\n5. Utrzymanie,<br \/>\n6. Potencja\u0142 IT,<br \/>\n7. Logistyka.<\/p>\n<p style=\"text-align: justify;\">W wyniku oceny, firma zaszeregowana jest w jednym z trzech poziom\u00f3w (pocz\u0105tkuj\u0105cy, zaawansowany, doskona\u0142y). W zale\u017cno\u015bci od tego, na jakim poziomie znajduje si\u0119 firma, zaplanowany zostaje schemat wsparcia dla konkretnych inwestycji z obszaru Przemys\u0142u 4.0.<\/p>\n<p style=\"text-align: justify;\"><img loading=\"lazy\" decoding=\"async\" class=\"size-medium wp-image-7641 alignleft\" src=\"https:\/\/bruksela.lodzkie.pl\/wp-content\/uploads\/2020\/05\/apuadigiin-600x448.png\" alt=\"\" width=\"600\" height=\"448\" srcset=\"https:\/\/bruksela.lodzkie.pl\/wp-content\/uploads\/2020\/05\/apuadigiin-600x448.png 600w, https:\/\/bruksela.lodzkie.pl\/wp-content\/uploads\/2020\/05\/apuadigiin-150x112.png 150w, https:\/\/bruksela.lodzkie.pl\/wp-content\/uploads\/2020\/05\/apuadigiin-768x573.png 768w, https:\/\/bruksela.lodzkie.pl\/wp-content\/uploads\/2020\/05\/apuadigiin.png 929w\" sizes=\"auto, (max-width: 600px) 100vw, 600px\" \/>W Finlandii tak\u017ce istnieje wielostopniowy model ewaluacji firm pod k\u0105tem technologii cyfrowych. Model zaprezentowany przez Region Kainuu przeznaczony jest przede wszystkim dla firm produkcyjnych z sektora M\u015aP i sk\u0142ada si\u0119 z czterech etap\u00f3w: ocena dojrza\u0142o\u015bci, pozycjonowanie, mapa drogowa, implementacja. Celem modelu jest rozw\u00f3j rozwi\u0105za\u0144 z obszaru zaawansowanej analizy danych.<\/p>\n<p style=\"text-align: justify;\">Wed\u0142ug autor\u00f3w prezentacji, firmy planuj\u0105ce wdro\u017cenia z ww. zakresu powinny potrafi\u0107 odpowiedzie\u0107 na trzy pytania:<br \/>\n1. \u201eJakiego rodzaju dane zbiera\u0107?\u201d,<br \/>\n2. \u201eCzemu zbiera\u0107 te dane?\u201d,<br \/>\n3. \u201eW jaki spos\u00f3b przetwarza\u0107 te dane\u201d.<br \/>\nZ do\u015bwiadcze\u0144 we wdra\u017caniu modelu wynika, \u017ce mo\u017ce by\u0107 on zbyt skomplikowany dla mikroprzedsi\u0119biorstw natomiast bardzo dobrze funkcjonuje w przypadku wi\u0119kszych firm, kt\u00f3re znajduj\u0105 si\u0119 na wy\u017cszym poziomie kompetencji cyfrowych.<\/p>\n<p style=\"text-align: justify;\">Popularnymi rozwi\u0105zaniami w zakresie oceny technologicznej s\u0105 kwestionariusze on-line. Takie narz\u0119dzia funkcjonuj\u0105 w Portugalii, Czechach oraz w Polsce. Ich wsp\u00f3ln\u0105 cech\u0105 jest forma odpowiedzi na pytania, kt\u00f3ra nie sprowadza si\u0119 do prostego \u201etak\u201d lub \u201enie\u201d a stanowi rozbudowan\u0105 wypowied\u017a, wymagaj\u0105c\u0105 od uczestnika badania namys\u0142u nad danym tematem. We wszystkich omawianych rozwi\u0105zaniach, po wype\u0142nieniu kwestionariusza on-line, uczestnik badania otrzymuje odpowied\u017a z rekomendacjami dotycz\u0105cymi dalszych krok\u00f3w jakie firma powinna podj\u0105\u0107 w drodze ku cyfrowej transformacji.<\/p>\n<p style=\"text-align: justify;\"><img loading=\"lazy\" decoding=\"async\" class=\"size-medium wp-image-7642 alignright\" src=\"https:\/\/bruksela.lodzkie.pl\/wp-content\/uploads\/2020\/05\/sev-600x377.png\" alt=\"\" width=\"600\" height=\"377\" srcset=\"https:\/\/bruksela.lodzkie.pl\/wp-content\/uploads\/2020\/05\/sev-600x377.png 600w, https:\/\/bruksela.lodzkie.pl\/wp-content\/uploads\/2020\/05\/sev-150x94.png 150w, https:\/\/bruksela.lodzkie.pl\/wp-content\/uploads\/2020\/05\/sev-768x482.png 768w, https:\/\/bruksela.lodzkie.pl\/wp-content\/uploads\/2020\/05\/sev.png 945w\" sizes=\"auto, (max-width: 600px) 100vw, 600px\" \/>W Grecji, tamtejsze Stowarzyszenie Przedsi\u0119biorczo\u015bci (SEV) przeprowadzi\u0142o analiz\u0119, maj\u0105c\u0105 na celu ocen\u0119 technologiczn\u0105 firm pod k\u0105tem ich dostosowania do wymog\u00f3w Przemys\u0142u 4.0 oraz wypracowanie sp\u00f3jnej strategii rozwoju cyfrowego greckich firm. W wyniku bada\u0144 okaza\u0142o si\u0119, \u017ce gospodarka Grecji, w stosunku do pozosta\u0142ych pa\u0144stw UE, znajduje si\u0119 na niskim poziomie cyfryzacji. Jako przyczyny tego stanu wymieniono: brak krajowej strategii na rzecz rozwoju Przemys\u0142u 4.0, brak powi\u0105za\u0144 mi\u0119dzy instytutami badawczymi a przemys\u0142em, problemy w znalezieniu wykwalifikowanej kadry, brak dzia\u0142\u00f3w B+R w wi\u0119kszo\u015bci firm produkcyjnych, brak \u201ekultury innowacji\u201d i op\u00f3r przed zmianami oraz brak wsp\u00f3\u0142pracuj\u0105cych ze sob\u0105 ekosystem\u00f3w w \u0142a\u0144cuchach warto\u015bci. Jednym z efekt\u00f3w bada\u0144 by\u0142o opracowanie programu wsparcia finansowego dla firm planuj\u0105cych wdro\u017cenie rozwi\u0105za\u0144 z obszaru Przemys\u0142u 4.0. Beneficjentami programu mog\u0105 by\u0107 zar\u00f3wno firmy z sektora M\u015aP jak i du\u017ce przedsi\u0119biorstwa reprezentuj\u0105ce bran\u017ce: przemys\u0142ow\u0105, logistyczn\u0105 oraz ICT. Na wsparcie przeznaczono 4 miliardy Euro, z czego 50% stanowi\u0105 \u015brodki publiczne i 50% fundusze prywatne.<\/p>\n<p style=\"text-align: justify;\">Podobne badania przeprowadzono tak\u017ce we W\u0142oszech w regionie Marche. Na podstawie ich wynik\u00f3w opracowano analiz\u0119 SWOT dotycz\u0105c\u0105 transformacji cyfrowej przemys\u0142u. Zidentyfikowanymi, mocnymi stronami regionu Marche s\u0105: szeroka obecno\u015b\u0107 rozwi\u0105za\u0144 w zakresie analizy danych, transmisji informacji oraz automatyzacji produkcji. S\u0142abo\u015bciami s\u0105: brak rozwi\u0105za\u0144 z obszaru big data, system\u00f3w opartych o czujniki (IoT). Najwi\u0119ksz\u0105 szans\u0105 regionu w kwestii wdra\u017cania rozwi\u0105za\u0144 Przemys\u0142u 4.0 jest coraz wi\u0119ksza wiedza i \u015bwiadomo\u015b\u0107 firm w odniesieniu do korzy\u015bci jakie nios\u0105 ze sob\u0105 technologie cyfrowe. Podstawowym zagro\u017ceniem jest brak wiedzy o tym, kt\u00f3re technologie b\u0119d\u0105 przydatne w przysz\u0142o\u015bci, w jakim kierunku rozwija\u0107 b\u0119dzie si\u0119 transformacja cyfrowa globalnie. Mo\u017ce to doprowadzi\u0107 do b\u0142\u0119dnych decyzji biznesowych, nietrafionych inwestycji itp.<\/p>\n<p style=\"text-align: justify;\">W podsumowaniu spotkania, partnerzy projektu uznali, \u017ce modele badaj\u0105ce dojrza\u0142o\u015b\u0107 cyfrow\u0105 s\u0105 bardzo potrzebne jednak nale\u017cy zwr\u00f3ci\u0107 uwag\u0119 na kilka aspekt\u00f3w, kt\u00f3re ograniczaj\u0105 ich oddzia\u0142ywanie. Przede wszystkim narz\u0119dzia analityczne musz\u0105 by\u0107 dostosowane do konkretnego typu firm. Np. mikroprzedsi\u0119biorstwa mog\u0105 nie by\u0107 w stanie dok\u0142adnie zrozumie\u0107 wielu pyta\u0144 zawartych w modelach. Nale\u017cy tak\u017ce unika\u0107 anonimowo\u015bci w wype\u0142nianiu np. ankiet on-line poniewa\u017c odpowiedzi na pytania w nich zawarte mog\u0105 odbiega\u0107 od rzeczywistego stanu rzeczy. Narz\u0119dzia ewaluacyjne mog\u0105 mie\u0107 zastosowanie jako etap selekcji projekt\u00f3w skierowanych do dofinansowania jednak powinny one stanowi\u0107 realn\u0105 korzy\u015b\u0107 dla beneficjenta a nie kolejna biurokratyczn\u0105 przeszkod\u0119.<\/p>\n<p style=\"text-align: justify;\">Partnerzy zwr\u00f3cili tak\u017ce uwag\u0119 na wp\u0142yw jaki trwaj\u0105ca epidemii COVID-19 ma na przemys\u0142. Poza negatywnymi skutkami, takimi jak kryzys gospodarczy, zamykanie si\u0119 firm oraz rosn\u0105ce bezrobocie, zwr\u00f3cono uwag\u0119 na to, \u017ce dzi\u0119ki rozwi\u0105zaniom z obszaru Przemys\u0142u 4.0 wiele firm mia\u0142o mo\u017cliwo\u015b\u0107 do szybkiej zmiany profilu swojej dzia\u0142alno\u015bci, i mog\u0142o produkowa\u0107 np. sprz\u0119t medyczny (maseczki, przy\u0142bice, itp.).<\/p>\n<\/div><\/div><\/div><\/div><\/div><\/section><section><div class=\"container\"><div class=\"row\"><div class=\"wpb_column vc_column_container col-sm-12  col-xs-mobile-fullwidth\"><div class=\"vc-column-innner-wrapper\"><div class=\"wpd-innner-wrapper\"><\/div><\/div><\/div><\/div><\/div><\/section><section><div class=\"container\"><div class=\"row\"><div class=\"wpb_column vc_column_container col-sm-12  col-xs-mobile-fullwidth\"><div class=\"vc-column-innner-wrapper\"><div class=\"wpd-innner-wrapper\"><div class=\"panel-group toggles-style1\"  ><div class=\"panel panel-default no-margin\"><div class=\"panel-heading \"><a data-toggle=\"collapse\" data-parent=\"#1594979391\" href=\"#accordion-one-link-1\"><h4 class=\"panel-title\" style=\"color:#dd9933 !important\"><i class=\"icon-search icon-small vertical-align-middle\" style=\"color:#dd9933 !important\"><\/i> Obejrzyj prezentacje<span class=\"pull-right\"><i class=\"fa fa-plus\"><\/i><\/span><\/h4><\/a><\/div><div id=\"accordion-one-link-1\" class=\"panel-collapse collapse \"><div class=\"panel-body no-border margin-four-tb padding-two-all no-padding-lr md-margin-one-tb\"><\/p>\n<ul style=\"list-style-type: circle;\">\n<li><span style=\"font-size: 14pt;\"><a href=\"https:\/\/bruksela.lodzkie.pl\/wp-content\/uploads\/2020\/05\/Inno-Provement-4th-thematic-meeting-presentation-CR.pptx\">Czechy - prezentacja <\/a><\/span><\/li>\n<li><span style=\"font-size: 14pt;\"><a href=\"https:\/\/bruksela.lodzkie.pl\/wp-content\/uploads\/2020\/05\/Inno-Provement-4th-thematic-meeting-Compete-2020-presentation.pptx\">Portugalia - prezentacja <\/a><\/span><\/li>\n<li><span style=\"font-size: 14pt;\"><a href=\"https:\/\/bruksela.lodzkie.pl\/wp-content\/uploads\/2020\/05\/Tordai-Hun-maturity-model_fin.pptx\">W\u0119gry - prezentacja (1) <\/a><\/span><\/li>\n<li><span style=\"font-size: 14pt;\"><a href=\"https:\/\/bruksela.lodzkie.pl\/wp-content\/uploads\/2020\/05\/Inno-Provement-4th-thematic-meeting-presentation-template_MOF_HU_02.pptx\">W\u0119gry - prezentacja (2) <\/a><\/span><\/li>\n<li><span style=\"font-size: 14pt;\"><a href=\"https:\/\/bruksela.lodzkie.pl\/wp-content\/uploads\/2020\/05\/Inno-Provement-4th-thematic-meeting_Thessaly_14.05.2020.pdf\">Grecja - prezentacja<\/a><\/span><\/li>\n<li><span style=\"font-size: 14pt;\"><a href=\"https:\/\/bruksela.lodzkie.pl\/wp-content\/uploads\/2020\/05\/Inno-Provement-4th-thematic-meeting_Kainuu-presentation-v5.pdf\">Finlandia - prezentacja (1)<\/a><\/span><\/li>\n<li><span style=\"font-size: 14pt;\"><a href=\"https:\/\/bruksela.lodzkie.pl\/wp-content\/uploads\/2020\/05\/Data-analytics-accelerator-5-3-2020_Kainuu.pdf\">Finlandia - prezentacja (2)<\/a><\/span><\/li>\n<li><a href=\"https:\/\/bruksela.lodzkie.pl\/wp-content\/uploads\/2020\/05\/4thTTM-Poland_Regione-Marche_1-Rev.-Secchi-2.pdf\"><span style=\"font-size: 14pt;\">W\u0142ochy - prezentacja<\/span> <\/a><\/li>\n<\/ul>\n<p><\/div><\/div><\/div><\/div><\/div><\/div><\/div><\/div><\/div><\/section>\n","protected":false},"excerpt":{"rendered":"<p>14 maja odby\u0142o si\u0119 wirtualne spotkanie tematyczne w mi\u0119dzynarodowym projekcie INNO PROVEMENT, w ramach kt\u00f3rego wypracowywane s\u0105 mechanizmy skutecznego wsparcia firm w cyfrowej transformacji swojej dzia\u0142alno\u015bci. Organizatorem spotkania by\u0142o Wojew\u00f3dztwo \u0141\u00f3dzkie. Tematem spotkania by\u0142y modele badaj\u0105ce cyfrow\u0105 dojrza\u0142o\u015b\u0107 przedsi\u0119biorstw. G\u0142\u00f3wnym celem narz\u0105dzi przeznaczonych do oceny lub samooceny technologicznej oraz organizacyjnej przedsi\u0119biorstw planuj\u0105cych wdro\u017cenie rozwi\u0105za\u0144 z [&hellip;]<\/p>\n","protected":false},"author":15,"featured_media":0,"parent":5921,"menu_order":0,"comment_status":"closed","ping_status":"closed","template":"","meta":{"_acf_changed":false,"footnotes":""},"class_list":["post-7626","page","type-page","status-publish","hentry"],"acf":[],"_links":{"self":[{"href":"https:\/\/bruksela.lodzkie.pl\/en\/wp-json\/wp\/v2\/pages\/7626","targetHints":{"allow":["GET"]}}],"collection":[{"href":"https:\/\/bruksela.lodzkie.pl\/en\/wp-json\/wp\/v2\/pages"}],"about":[{"href":"https:\/\/bruksela.lodzkie.pl\/en\/wp-json\/wp\/v2\/types\/page"}],"author":[{"embeddable":true,"href":"https:\/\/bruksela.lodzkie.pl\/en\/wp-json\/wp\/v2\/users\/15"}],"replies":[{"embeddable":true,"href":"https:\/\/bruksela.lodzkie.pl\/en\/wp-json\/wp\/v2\/comments?post=7626"}],"version-history":[{"count":7,"href":"https:\/\/bruksela.lodzkie.pl\/en\/wp-json\/wp\/v2\/pages\/7626\/revisions"}],"predecessor-version":[{"id":7707,"href":"https:\/\/bruksela.lodzkie.pl\/en\/wp-json\/wp\/v2\/pages\/7626\/revisions\/7707"}],"up":[{"embeddable":true,"href":"https:\/\/bruksela.lodzkie.pl\/en\/wp-json\/wp\/v2\/pages\/5921"}],"wp:attachment":[{"href":"https:\/\/bruksela.lodzkie.pl\/en\/wp-json\/wp\/v2\/media?parent=7626"}],"curies":[{"name":"wp","href":"https:\/\/api.w.org\/{rel}","templated":true}]}}