{"id":7741,"date":"2020-09-30T14:28:31","date_gmt":"2020-09-30T12:28:31","guid":{"rendered":"https:\/\/bruksela.lodzkie.pl\/?page_id=7741"},"modified":"2020-09-30T15:16:03","modified_gmt":"2020-09-30T13:16:03","slug":"zarzadzanie-gospodarka-cyrkularna-w-przedsiebiorstwach-ii-spotkanie-interesariuszy-regionalnych-projektow-lca4regions-replace-i-green-hub","status":"publish","type":"page","link":"https:\/\/bruksela.lodzkie.pl\/en\/nasze-projekty\/zarzadzanie-gospodarka-cyrkularna-w-przedsiebiorstwach-ii-spotkanie-interesariuszy-regionalnych-projektow-lca4regions-replace-i-green-hub\/","title":{"rendered":"(Polski) \u201eZarz\u0105dzanie gospodark\u0105 cyrkularn\u0105 w przedsi\u0119biorstwach\u201d &#8211; II Spotkanie Interesariuszy Regionalnych Projekt\u00f3w: LCA4Regions, REPLACE i Green Hub"},"content":{"rendered":"<section ><div class=\"container\"><div class=\"row\"><div class=\"wpb_column vc_column_container col-sm-12  col-xs-mobile-fullwidth\"><div class=\"vc-column-innner-wrapper\"><div class=\"wpd-innner-wrapper\"><p>&nbsp;<\/p>\n<p>23 wrze\u015bnia 2020 r. w SkyHubie (budynek RED TOWER) odby\u0142o si\u0119 II Spotkanie Interesariuszy Regionalnych Projekt\u00f3w: LCA4Regions, REPLACE i Green Hub. Spotkanie zosta\u0142o przeprowadzone w formule on-line oraz tradycyjnej.<\/p>\n<p>W spotkaniu uczestniczyli:<\/p>\n<p><strong>Piotr Barczak (zdalnie) \u2013 <\/strong>Koordynator polityk ds. odpad\u00f3w w Europejskim Biurze Ochrony \u015arodowiska.<\/p>\n<p><strong>Dr in\u017c. Konrad<\/strong> <strong>Witczak<\/strong> \u2013 specjalista i praktyk w zakresie technologii budowlanych, do\u015bwiadczenie zdobywa\u0142 m.in. z firm\u0105 Rockwool. Obecnie zwi\u0105zany z Katedr\u0105 Fizyki Budowli i Materia\u0142\u00f3w Budowlanych (WBAI\u015a P\u0141).<\/p>\n<p><strong>Mgr in\u017c. Sebastian Czernik (zdalnie)<\/strong> - koordynator ds. kontakt\u00f3w z administracj\u0105 i&nbsp;organizacjami bran\u017cowymi w firmie ATLAS.<\/p>\n<p><strong>dr in\u017c. Barbara Koz\u0142owska<\/strong> - adiunkt na Wydziale In\u017cynierii Procesowej i Ochrony \u015arodowiska P\u0141. Kierownik studi\u00f3w podyplomowych \"Zarz\u0105dzanie Gospodark\u0105 Odpadami Komunalnymi\".<\/p>\n<p><strong>mgr in\u017c. Konrad G\u0142adyszewski<\/strong> \u2013 przedsi\u0119biorca, absolwent, doktorant i naukowiec P\u0141 oraz Uniwersytetu Technicznego w Dortmundzie, obecnie \u201eProspin\u201d sp. z o.o. (technologie wychwytywania CO<sub>2<\/sub>).&nbsp;<\/p>\n<p><strong>Bart\u0142omiej Zgorzelski<\/strong>- za\u0142o\u017cyciel i dyrektor zarz\u0105dzaj\u0105cy BZB Projekt \u2013 pracowni projektowej specjalizuj\u0105cej si\u0119 w analizie ryzyk proceduralnych, administracyjnych i&nbsp;technicznych dla inwestycji budowlanych.<\/p>\n<p><strong>Marcin Podg\u00f3rski<\/strong> <strong>(moderator)<\/strong>- Pracownik Samorz\u0105du W\u0141, ekspert w zakresie rozwoju polityki regionalnej.<\/p>\n<p>Przedstawiciele interesariuszy projekt\u00f3w LCA4Regions, REPLACE, GREEN HUB pracownicy Wydzia\u0142u Projekt\u00f3w Mi\u0119dzynarodowych Departamentu Promocji UMW\u0141, paneli\u015bci (jak powy\u017cej).<\/p>\n<p>Jako pierwsza g\u0142os zabra\u0142a dr in\u017c. <strong>Barbara Koz\u0142owska<\/strong> wskazuj\u0105c na technologie pro\u015brodowiskowe, kt\u00f3re pocz\u0105tkowo spotka\u0142y si\u0119 z olbrzymim zainteresowaniem i entuzjazmem rynku oraz specjalist\u00f3w (wymieniaj\u0105c w&nbsp;tym kontek\u015bcie panele fotowoltaiczne i nap\u0119dy hybrydowe i elektryczne w samochodach), a kt\u00f3re dzi\u015b spotykaj\u0105 si\u0119 ze sceptycyzmem i ch\u0142odn\u0105 kalkulacj\u0105 ekspert\u00f3w zajmuj\u0105cych si\u0119 ocen\u0105 ich oddzia\u0142ywania na \u015brodowisko w pe\u0142nym cyklu \u017cycia.<\/p>\n<p>W powszechnym wyobra\u017ceniu odpad ma charakter sta\u0142y \u2013 co nie jest do ko\u0144ca prawd\u0105. Obejmuje on tak\u017ce faz\u0119 gazow\u0105 i ciek\u0142\u0105 produktu odpadowego. Te grupy odpad\u00f3w tak\u017ce winny by\u0107 obj\u0119te koncepcjami GOZ.<\/p>\n<p>Nast\u0119pnie, dr in\u017c. &nbsp;<strong>Konrad Witczak<\/strong> opowiedzia\u0142 o swych do\u015bwiadczeniach w przemy\u015ble dot. dzia\u0142alno\u015bci przy wsp\u00f3\u0142tworzeniu polityki \u015brodowiskowej, deklaracji \u015brodowiskowych w du\u017cej firmie zajmuj\u0105cej si\u0119 systemami ociepleniami (Rockwool) na rynek Europy \u015arodkowo\u2013Wschodniej.<\/p>\n<p>Podkre\u015bli\u0142 on, jak niezwykle istotnym wyzwaniem (nie tylko dla bran\u017cy budowlanej) jest \u201edomkni\u0119cie\u201d cyklu \u017cycia produktu. W du\u017cym uproszczeniu producent nie mo\u017ce poprzesta\u0107 na deklaracjach \u015brodowiskowych produktu, w&nbsp;literaturze angloj\u0119zycznej zwanych <em>Environmental Product Declaration<\/em> (w skr\u00f3cie EPD) na tzw. fazach po angielsku zwanych<em> from Cradle to Gate<\/em> \u2013 czyli od wydobycia surowc\u00f3w a\u017c do bramy zak\u0142adu produkcyjnego. Istotne jest uszczeg\u00f3\u0142owienie produktu (pod wzgl\u0119dem odzia\u0142ywania na \u015brodowisko), a\u017c do fazy ko\u0144cowej jego \u017cycia i\/lub ponownego wykorzystania.<\/p>\n<p>Zidentyfikowa\u0142 on trzy najwa\u017cniejsze czynniki determinuj\u0105ce kszta\u0142t EPD:<\/p>\n<ol>\n<li>Czynnik ekonomiczny \u2013 pozostaje on decyduj\u0105cy;<\/li>\n<li>Konsument \/ zamawiaj\u0105cy \u2013 kt\u00f3ry wywiera okre\u015blon\u0105 presj\u0119 (np. dot. parametr\u00f3w pro\u015brodowiskowych) na producenta;<\/li>\n<li>Czynniki legislacyjne \u2013 zwi\u0105zane z uregulowaniami UE.<\/li>\n<\/ol>\n<p>W kontek\u015bcie tego ostatniego czynnika wspomnia\u0142 tak\u017ce o tzw. <em>Product Environmental Footprint<\/em> (w skr\u00f3cie PEF) \u2013 jest on obecnie w fazie konsultacji dot. obowi\u0105zku lub dobrowolno\u015bci jego wprowadzenia do roku 2022.<\/p>\n<p>Pan <strong>Sebastian Czernik <\/strong>\u2013 opowiedzia\u0142 o do\u015bwiadczeniach reprezentowanej przez niego grupy ATLAS S.A. najwi\u0119kszego krajowego producenta chemii i komponent\u00f3w budowlanych. Firma podj\u0119\u0142a od 2013 r. pionierskie na polskim rynku dzia\u0142ania w zakresie deklaracji \u015brodowiskowych, analizuj\u0105c i inwentaryzuj\u0105c du\u017c\u0105 ilo\u015b\u0107 danych<br \/>\nz rocznych cykl\u00f3w produkcyjnych w ci\u0105gu pe\u0142nych pi\u0119ciu lat.<\/p>\n<p>Dane por\u00f3wnawcze dedykowane dla trzeciego typu EPD (czyli zbioru kwantyfikowalnych informacji dotycz\u0105cych oddzia\u0142ywania na \u015brodowisko na podstawie przeprowadzonej analizy LCA) - zidentyfikowa\u0142y dziewi\u0119\u0107 obszar\u00f3w wp\u0142ywu na \u015brodowisko, z kt\u00f3rych wi\u0119kszo\u015b\u0107 odnotowa\u0142a znacz\u0105c\u0105 popraw\u0119. Przyj\u0119to szereg za\u0142o\u017ce\u0144 obliczeniowych, kt\u00f3re w za\u0142o\u017ceniu mia\u0142y by\u0107 \u0142atwe do por\u00f3wnania. Produktem odniesienia by\u0142 metr kwadratowy systemu ocieplenia o grubo\u015bci 10 cm<sup>2<\/sup>.<\/p>\n<p>Przyk\u0142adowe czynniki kt\u00f3re panelista wymieni\u0142 jako decyduj\u0105ce o poprawie parametr\u00f3w \u015brodowiskowych to mi\u0119dzy innymi:<\/p>\n<p>- optymalizacja transportu wewn\u0119trznego;<\/p>\n<p>- nowe receptury i zmniejszona dywersyfikacja wykorzystanych sk\u0142adnik\u00f3w tynk\u00f3w dyspersyjnych. Pocz\u0105tkowo by\u0142o ich siedemna\u015bcie obecnie zmniejszono je do dziewi\u0119ciu, przy jednoczesnej poprawie walor\u00f3w jako\u015bciowych.<\/p>\n<p>Pan <strong>Konrad G\u0142adyszewski <\/strong>\u2013 zaprezentowa\u0142 nowoczesny model biznesowy dla kompaktowej technologii wiruj\u0105cego z\u0142o\u017ca dedykowanego m.in. dla producent\u00f3w silikon\u00f3w lub nap\u0119d\u00f3w okr\u0119towych. Stosunkowo niewielkie urz\u0105dzenie kt\u00f3re mo\u017cna zamontowa\u0107 na sta\u0142e lub wypo\u017cyczy\u0107, eliminuje z produkcji szkodliwe emisje lotnych zwi\u0105zk\u00f3w organicznych, CO<sub>2 <\/sub>- kt\u00f3re to mog\u0105 stanowi\u0107 surowiec do ponownego wykorzystania. W&nbsp;przypadku zastosowania w nap\u0119dach okr\u0119towych niewielkie urz\u0105dzenie w formule <em>\u201eplug and play\u201d <\/em>wykazuje szereg po\u017c\u0105danych w\u0142a\u015bciwo\u015bci pro\u015brodowiskowych i optymalizuj\u0105cych zu\u017cycie paliwa:<\/p>\n<ol>\n<li>Oszcz\u0119dno\u015b\u0107 przestrzeni i transportowanej masy (poprzez zast\u0119powanie du\u017cych kolumn rektyfikacyjnych);<\/li>\n<li>Elimanacja szkodliwych emisji siarki z paliwa okr\u0119towego do naturalnego absorbenta (woda morska);<\/li>\n<li>Wyeliminowanie kolumny poprawia sprawno\u015b\u0107 silnika, zmniejszaj\u0105c tak\u017ce jego emisyjno\u015b\u0107;<\/li>\n<li>Koszty nowej technologii stosunkowo szybko zwracaj\u0105 si\u0119 co stanowi korzy\u015b\u0107 dla armatora. Zmiana ta u\u0142atwia wype\u0142nienie warunk\u00f3w kt\u00f3re i tak musi wype\u0142ni\u0107, bior\u0105c pod uwag\u0119 uregulowania w transporcie morskim, zmierzaj\u0105ce do ograniczenia jego emisyjno\u015bci; &nbsp;<\/li>\n<li>Zwi\u0105zki absorbowanej siarki nie stanowi\u0105 obci\u0105\u017cenia dla ekosystem\u00f3w morskich. &nbsp;&nbsp;&nbsp;<\/li>\n<\/ol>\n<p>Pan<strong> Bart\u0142omiej Zgorzelski <\/strong>\u2013 opowiada\u0142 o swoich do\u015bwiadczeniach z proces\u00f3w inwestycyjnych oraz r\u00f3\u017cnicach<br \/>\nw podej\u015bciu do finalnych decyzji planistycznych i przetargowych w zale\u017cno\u015bci od rodzaju inwestora.<\/p>\n<ol>\n<li>Inwestor publiczny jest sk\u0142onny bardziej pod uwag\u0119 bra\u0107 metodologie ocen oparte o LCA lub narz\u0119dzia r\u00f3wnowa\u017cne. Istotne jest aby mia\u0142y one oparcie w przepisach prawa zw\u0142aszcza tych dotycz\u0105cych zam\u00f3wie\u0144 publicznych. Du\u017c\u0105 rol\u0119 pe\u0142ni\u0105 w procesie inwestycyjnym wymagania \u015brodowiskowe stawiane przez regulator\u00f3w rynku typu G\u0142\u00f3wny Urz\u0105d Nadzoru Budowlanego (kt\u00f3ry posiada uprawnienia w zakresie certyfikowania materia\u0142\u00f3w budowlanych);<\/li>\n<li>Klient korporacyjny lub indywidualny sk\u0142onny jest raczej stosowa\u0107 wymagaj\u0105ce certyfikaty o wysokiej renomie mi\u0119dzynarodowej (typu BREEAM i LEED). Stanowi\u0105 one bowiem obiektywne potwierdzenie, \u017ce budynek przemys\u0142owy, mieszkaniowy, biurowy lub us\u0142ugowy spe\u0142nia wymogi niezb\u0119dne do uznania go za zaprojektowany i zbudowany zgodnie z zasadami zr\u00f3wnowa\u017conego rozwoju. Rosn\u0105cy popyt na tego typu obiekty skutkuje zwi\u0119kszonym prawdopodobie\u0144stwem ekonomicznego powodzenia ca\u0142ej inwestycji, tak\u017ce w wymiarze prognoz wieloletnich;<\/li>\n<li>Deweloper, kt\u00f3ry bierze na siebie odpowiedzialno\u015b\u0107 w zakresie certyfikacji prowadzonego procesu inwestycyjnego robi to z du\u017c\u0105 doz\u0105 wiarygodno\u015bci \u0142\u0105cznie z wymogami transportu materia\u0142\u00f3w (nie wi\u0119kszy ni\u017c promie\u0144 20-30 km od placu budowy). Znane s\u0105 przypadki, w kt\u00f3rych nawet materia\u0142y powszechnie wykorzystywane ponownie jak gruz, kruszywo czy podsypka nie by\u0142y wykorzystane ze wzgl\u0119du na zbyt niskie parametry.<\/li>\n<\/ol>\n<p>Jako ostatni wyst\u0105pi\u0142 Pan <strong>Piotr Barczak<\/strong>, kt\u00f3ry podkre\u015bli\u0142 \u017ce, Gospodarka Obiegu Zamkni\u0119tego nie powinna by\u0107 prostym odwo\u0142aniem do koncepcji recyklingu. Winna ona zmierza\u0107 do modelu, w kt\u00f3rym strumienie materia\u0142\u00f3w i&nbsp;surowc\u00f3w pozostawa\u0142y jak najd\u0142u\u017cej w obiegu. Strumienie odpad\u00f3w za\u015b by\u0142y minimalizowane i nie podlega\u0142y \u201eeksportowi\u201d obci\u0105\u017ce\u0144 \u015brodowiskowych poza UE.<\/p>\n<p>Skutecznemu mechanizmowi implementacji ekonomii cyrkularnej sprzyja kilka stosunkowo prostych zasad np.:<\/p>\n<ol>\n<li>zakaz u\u017cywania najbardziej toksycznych substancji przy projektowaniu produkt\u00f3w, us\u0142ug i proces\u00f3w produkcyjnych (<em>no toxic substances<\/em>);<\/li>\n<li>korzystanie ze zr\u00f3wnowa\u017conych \u017ar\u00f3de\u0142 zasob\u00f3w surowc\u00f3w (tzw. <em>sustainable feedstock<\/em>);<\/li>\n<li>okre\u015blenie minimalnych wymaga\u0144 jako\u015bciowych dla produkt\u00f3w;<\/li>\n<li>efektywne stosownie rozszerzonej odpowiedzialno\u015bci producenta;<\/li>\n<li>zmniejszenie odpad\u00f3w przy jednoczesnym wzmocnieniu jako\u015bci d\u00f3br (<em>less waste more value<\/em>);<\/li>\n<li>\u201edomkni\u0119cie\u201d cyklu \u017cycia produktu.<\/li>\n<\/ol>\n<p>W trakcie drugiej cz\u0119\u015bci spotkania zwr\u00f3cono uwag\u0119, \u017ce przy ocenie efekt\u00f3w LCA i skuteczno\u015bci GOZ nale\u017cy przede wszystkim zwr\u00f3ci\u0107 uwag\u0119 na wska\u017aniki, kt\u00f3re pokazuj\u0105 mierzalne efekty dzia\u0142a\u0144. Nie nale\u017cy skupia\u0107 si\u0119 tylko samym \u015bladzie w\u0119glowym, ale tak\u017ce, a mo\u017ce nawet bardziej zwraca\u0107 uwag\u0119 na inne aspekty GOZ takie np. jak bior\u00f3\u017cnorodno\u015b\u0107. Przetwarzanie odpad\u00f3w jest te\u017c kosztowne i nie wszystkie odpady op\u0142aca si\u0119 przetwarza\u0107, wi\u0119c nale\u017cy to poprzedza\u0107 badaniami i analizami. W trakcie dyskusji podnoszono, \u017ce opakowania plastikowe, o&nbsp;kt\u00f3rych do niedawna m\u00f3wiono jako o rzekomo nie ekologicznych, dzi\u015b s\u0105 coraz cz\u0119\u015bciej uznawane za bardziej przyjazne dla \u015brodowiska, ni\u017c opakowania papierowe lub szklane (z uwagi na koszty przetworzenia i&nbsp;energoch\u0142onno\u015b\u0107 proces\u00f3w). Opakowania plastikowe mog\u0105 by\u0107 ponownie wykorzystywane kilkana\u015bcie razy, a&nbsp;przy tym s\u0105 lekkie. Wielorazowe opakowania nie s\u0105 te\u017c idealnym rozwi\u0105zaniem, poniewa\u017c s\u0105 to opakowania warstwowe, kt\u00f3re zawieraj\u0105 elementy zar\u00f3wno papierowe, z tworzyw sztucznych jak te\u017c z innych materia\u0142\u00f3w. Proces ich separacji, rozdzielenie celem ponownego wykorzystania jest wi\u0119c energo i czasoch\u0142onne, a co za tym idzie nie zawsze op\u0142acalne.<\/p>\n<p><strong>Konkluzje: <\/strong><\/p>\n<ul>\n<li>wa\u017cne jest upowszechnianie idei i podej\u015bcia LCA oraz prostsza procedura dost\u0119pno\u015bci do LCA (np. poprzez stosowanie takich narz\u0119dzi jak certyfikaty \u015brodowiskowe), tak aby przedsi\u0119biorcy nie postrzegali LCA jako co\u015b nieosi\u0105galnego i przyzwyczaili si\u0119 do wykorzystywania oceny cyklu \u017cycia w swojej dzia\u0142alno\u015bci;<\/li>\n<li>wyzwaniem te\u017c jest to, jak wprowadza\u0107 cykl \u017cycia w praktyce;<\/li>\n<li>potrzebne s\u0105 dzia\u0142ania regulacyjne, stymuluj\u0105ce (rz\u0105d, samorz\u0105dy) oraz stosowanie ju\u017c wprowadzonych dzia\u0142a\u0144 dotycz\u0105cych GOZ, np. selektywnej zbi\u00f3rki odpad\u00f3w;<\/li>\n<li>w kontek\u015bcie GOZ nast\u0119puje cz\u0119sto konieczno\u015b\u0107 pogodzenia r\u00f3\u017cnych interes\u00f3w. Bior\u0105c pod uwag\u0119 aspekty spo\u0142eczne, \u015brodowiskowe i ekonomiczne, wyzwaniem jest znalezienie wsp\u00f3lnego mianownika w postaci akceptowalnego dla wszystkich zainteresowanych poziomu efektywnego wdro\u017cenia na rzecz zr\u00f3wnowa\u017conego rozwoju.<\/li>\n<\/ul>\n<\/div><\/div><\/div><\/div><\/div><\/section>\n","protected":false},"excerpt":{"rendered":"<p>&nbsp; 23 wrze\u015bnia 2020 r. w SkyHubie (budynek RED TOWER) odby\u0142o si\u0119 II Spotkanie Interesariuszy Regionalnych Projekt\u00f3w: LCA4Regions, REPLACE i Green Hub. Spotkanie zosta\u0142o przeprowadzone w formule on-line oraz tradycyjnej. W spotkaniu uczestniczyli: Piotr Barczak (zdalnie) \u2013 Koordynator polityk ds. odpad\u00f3w w Europejskim Biurze Ochrony \u015arodowiska. Dr in\u017c. Konrad Witczak \u2013 specjalista i praktyk w [&hellip;]<\/p>\n","protected":false},"author":15,"featured_media":0,"parent":1435,"menu_order":0,"comment_status":"closed","ping_status":"closed","template":"","meta":{"_acf_changed":false,"footnotes":""},"class_list":["post-7741","page","type-page","status-publish","hentry"],"acf":[],"_links":{"self":[{"href":"https:\/\/bruksela.lodzkie.pl\/en\/wp-json\/wp\/v2\/pages\/7741","targetHints":{"allow":["GET"]}}],"collection":[{"href":"https:\/\/bruksela.lodzkie.pl\/en\/wp-json\/wp\/v2\/pages"}],"about":[{"href":"https:\/\/bruksela.lodzkie.pl\/en\/wp-json\/wp\/v2\/types\/page"}],"author":[{"embeddable":true,"href":"https:\/\/bruksela.lodzkie.pl\/en\/wp-json\/wp\/v2\/users\/15"}],"replies":[{"embeddable":true,"href":"https:\/\/bruksela.lodzkie.pl\/en\/wp-json\/wp\/v2\/comments?post=7741"}],"version-history":[{"count":1,"href":"https:\/\/bruksela.lodzkie.pl\/en\/wp-json\/wp\/v2\/pages\/7741\/revisions"}],"predecessor-version":[{"id":7751,"href":"https:\/\/bruksela.lodzkie.pl\/en\/wp-json\/wp\/v2\/pages\/7741\/revisions\/7751"}],"up":[{"embeddable":true,"href":"https:\/\/bruksela.lodzkie.pl\/en\/wp-json\/wp\/v2\/pages\/1435"}],"wp:attachment":[{"href":"https:\/\/bruksela.lodzkie.pl\/en\/wp-json\/wp\/v2\/media?parent=7741"}],"curies":[{"name":"wp","href":"https:\/\/api.w.org\/{rel}","templated":true}]}}