{"id":7883,"date":"2021-02-02T15:49:25","date_gmt":"2021-02-02T14:49:25","guid":{"rendered":"https:\/\/bruksela.lodzkie.pl\/?page_id=7883"},"modified":"2021-02-03T10:58:17","modified_gmt":"2021-02-03T09:58:17","slug":"ce-connector-zdobadz-srodki-na-rozwoj-swojego-startupu","status":"publish","type":"page","link":"https:\/\/bruksela.lodzkie.pl\/en\/ce-connector-zdobadz-srodki-na-rozwoj-swojego-startupu\/","title":{"rendered":"(Polski) CE-Connector &#8211; zdob\u0105d\u017a \u015brodki na rozw\u00f3j swojego startupu"},"content":{"rendered":"<p class=\"qtranxs-available-languages-message qtranxs-available-languages-message-en\">Sorry, this entry is only available in <a href=\"https:\/\/bruksela.lodzkie.pl\/pl\/wp-json\/wp\/v2\/pages\/7883\" class=\"qtranxs-available-language-link qtranxs-available-language-link-pl\" title=\"Polski\">Polski<\/a>.<\/p>","protected":false},"excerpt":{"rendered":"<p>Sorry, this entry is only available in Polski.<\/p>\n","protected":false},"author":15,"featured_media":0,"parent":0,"menu_order":0,"comment_status":"closed","ping_status":"closed","template":"","meta":{"_acf_changed":false,"footnotes":""},"class_list":["post-7883","page","type-page","status-publish","hentry"],"acf":[],"_links":{"self":[{"href":"https:\/\/bruksela.lodzkie.pl\/en\/wp-json\/wp\/v2\/pages\/7883","targetHints":{"allow":["GET"]}}],"collection":[{"href":"https:\/\/bruksela.lodzkie.pl\/en\/wp-json\/wp\/v2\/pages"}],"about":[{"href":"https:\/\/bruksela.lodzkie.pl\/en\/wp-json\/wp\/v2\/types\/page"}],"author":[{"embeddable":true,"href":"https:\/\/bruksela.lodzkie.pl\/en\/wp-json\/wp\/v2\/users\/15"}],"replies":[{"embeddable":true,"href":"https:\/\/bruksela.lodzkie.pl\/en\/wp-json\/wp\/v2\/comments?post=7883"}],"version-history":[{"count":0,"href":"https:\/\/bruksela.lodzkie.pl\/en\/wp-json\/wp\/v2\/pages\/7883\/revisions"}],"wp:attachment":[{"href":"https:\/\/bruksela.lodzkie.pl\/en\/wp-json\/wp\/v2\/media?parent=7883"}],"curies":[{"name":"wp","href":"https:\/\/api.w.org\/{rel}","templated":true}]}}