{"id":1435,"date":"2017-03-06T08:24:30","date_gmt":"2017-03-06T07:24:30","guid":{"rendered":"https:\/\/bruksela.lodzkie.pl\/?page_id=1435"},"modified":"2025-05-20T08:59:58","modified_gmt":"2025-05-20T06:59:58","slug":"nasze-projekty","status":"publish","type":"page","link":"https:\/\/bruksela.lodzkie.pl\/fr\/nasze-projekty\/","title":{"rendered":"PROJEKTY"},"content":{"rendered":"<section ><div class=\"container\"><div class=\"row\"><section><div class=\"container\"><div class=\"row\"><div class=\"wpb_column vc_column_container col-sm-12  col-xs-mobile-fullwidth\"><div class=\"vc-column-innner-wrapper\"><div class=\"wpd-innner-wrapper\"><span  class=\"alt-font text-uppercase element-title  tytul-srodek heading-style2 brando_heading_1500894696-2-80\" style=\"color:#004b84 !important; font-weight:600 !important;;\">REALIZOWANE PROJEKTY<\/span><\/div><\/div><\/div><\/div><\/div><\/section><section class=\"projekty-top\"><div class=\"container\"><div class=\"row\"><div class=\"wpb_column vc_column_container col-sm-3  col-xs-mobile-fullwidth\"><div class=\"vc-column-innner-wrapper\"><div class=\"wpd-innner-wrapper\"> <div class=\"counter-style1 text-center sm-margin-eleven sm-no-margin-lr sm-no-margin-top\"><img decoding=\"async\" src=\"https:\/\/bruksela.lodzkie.pl\/wp-content\/uploads\/2017\/03\/RPO.png\" alt=\"\" class=\"icon-image\" \/> <span class=\"timer counter-number alt-font\" data-to=\"2\" data-speed=\"1000\">2<\/span><span class=\"text-small text-uppercase margin-four-tb xs-margin-two-tb display-block alt-font\">FE\u0141<\/span><\/div><\/div><\/div><\/div><div class=\"wpb_column vc_column_container col-sm-3  col-xs-mobile-fullwidth\"><div class=\"vc-column-innner-wrapper\"><div class=\"wpd-innner-wrapper\"> <div class=\"counter-style1 text-center sm-margin-eleven sm-no-margin-lr sm-no-margin-top\"><img decoding=\"async\" src=\"https:\/\/bruksela.lodzkie.pl\/wp-content\/uploads\/2017\/03\/erasmus-1.png\" alt=\"\" class=\"icon-image\" \/> <span class=\"timer counter-number alt-font\" data-to=\"1\" data-speed=\"1000\">1<\/span><span class=\"text-small text-uppercase margin-four-tb xs-margin-two-tb display-block alt-font\">ERASMUS PLUS<\/span><\/div><\/div><\/div><\/div><div class=\"wpb_column vc_column_container col-sm-3  col-xs-mobile-fullwidth\"><div class=\"vc-column-innner-wrapper\"><div class=\"wpd-innner-wrapper\"> <div class=\"counter-style1 text-center sm-margin-eleven sm-no-margin-lr sm-no-margin-top\"><img decoding=\"async\" src=\"https:\/\/bruksela.lodzkie.pl\/wp-content\/uploads\/2017\/03\/horizon-2.png\" alt=\"\" class=\"icon-image\" \/> <span class=\"timer counter-number alt-font\" data-to=\"1\" data-speed=\"2000\">1<\/span><span class=\"text-small text-uppercase margin-four-tb xs-margin-two-tb display-block alt-font\">HORYZONT 2020<\/span><\/div><\/div><\/div><\/div><div class=\"wpb_column vc_column_container col-sm-3  col-xs-mobile-fullwidth\"><div class=\"vc-column-innner-wrapper\"><div class=\"wpd-innner-wrapper\"> <div class=\"counter-style1 text-center sm-margin-eleven sm-no-margin-lr sm-no-margin-top\"><img decoding=\"async\" src=\"https:\/\/bruksela.lodzkie.pl\/wp-content\/uploads\/2017\/03\/interreg_europe-1.png\" alt=\"\" class=\"icon-image\" \/> <span class=\"timer counter-number alt-font\" data-to=\"3\" data-speed=\"3000\">3<\/span><span class=\"text-small text-uppercase margin-four-tb xs-margin-two-tb display-block alt-font\">Interreg Europa<\/span><\/div><\/div><\/div><\/div><\/div><\/div><\/section><section><div class=\"container\"><div class=\"row\"><div class=\"wpb_column vc_column_container col-sm-12  col-xs-mobile-fullwidth\"><div class=\"vc-column-innner-wrapper\"><div class=\"wpd-innner-wrapper\"><div class=\"list-type2\">\n<ul>\n<li style=\"list-style-type: none;\">\n<ul>\n<li style=\"list-style-type: none;\">\n<ul>\n<li><a href=\"https:\/\/bruksela.lodzkie.pl\/teamcare\/\">Interprofesjonalny europejski program nauczania dla pracownik\u00f3w s\u0142u\u017cby zdrowia i opieki spo\u0142ecznej: rozw\u00f3j specjalisty w zakresie spersonalizowanej opieki w ramach spo\u0142eczno\u015bci \u2013 TEAMCARE<\/a><\/li>\n<li><a href=\"https:\/\/bruksela.lodzkie.pl\/frontsh1p\/\">Prekursorskie podej\u015bcie do systemowych, holistycznych i integracyjnych rozwi\u0105za\u0144 dla nowego paradygmatu terytorialnej gospodarki o obiegu zamkni\u0119tym (FRONTSH1P)<\/a><\/li>\n<li><a href=\"https:\/\/bruksela.lodzkie.pl\/intereuropa-umiedzynarodowienie-dzialalnosci-przedsiebiorstw-z-wojewodztwa-lodzkiego-poprzez-udzial-w-wydarzeniach-targowych-i-ekspansje-na-rynki-europejskie\/\">Umi\u0119dzynarodowienie dzia\u0142alno\u015bci przedsi\u0119biorstw z wojew\u00f3dztwa \u0142\u00f3dzkiego poprzez udzia\u0142 w wydarzeniach targowych i ekspansj\u0119 na rynki europejskie - InterEuropa<\/a><\/li>\n<li><a href=\"https:\/\/bruksela.lodzkie.pl\/kierunek-azja-umiedzynarodowienie-dzialalnosci-przedsiebiorstw-z-wojewodztwa-lodzkiego-poprzez-udzial-w-wydarzeniach-targowych-i-ekspansje-na-rynki-azjatyckie\/\">Umi\u0119dzynarodowienie dzia\u0142alno\u015bci przedsi\u0119biorstw z wojew\u00f3dztwa \u0142\u00f3dzkiego poprzez udzia\u0142 w wydarzeniach targowych i ekspansj\u0119 na rynki azjatyckie - Kierunek Azja<\/a><\/li>\n<li><a href=\"https:\/\/bruksela.lodzkie.pl\/inteligentne-wydajne-i-adaptacyjne-zarzadzanie-zasobami-wodnymi-gov4water\/\">Inteligentne, wydajne i adaptacyjne zarz\u0105dzanie zasobami wodnymi (Gov4Water)<\/a><\/li>\n<li><a href=\"https:\/\/bruksela.lodzkie.pl\/wzmacnianie-regionow-europy-poprzez-transformacje-polityk-zmiana-paradygmatu-w-rozwoju-terytorialnym-ruralproof\/\">Wzmacnianie region\u00f3w Europy poprzez transformacj\u0119 polityk: zmiana paradygmatu w rozwoju terytorialnym (RuralProof)<\/a><\/li>\n<li><a href=\"https:\/\/bruksela.lodzkie.pl\/zwiedzanie-obiektow-przemyslowych-i-firm-jako-narzedzie-sluzace-urozmaicaniu-oferty-turystycznej-industour\/\">Zwiedzanie obiekt\u00f3w przemys\u0142owych i firm jako narz\u0119dzie s\u0142u\u017c\u0105ce urozmaicaniu oferty turystycznej (Industour)<\/a><\/li>\n<\/ul>\n<\/li>\n<\/ul>\n<\/li>\n<\/ul>\n<\/div>\n<p>&nbsp;<\/p>\n<p>&nbsp;<\/p>\n<p>&nbsp;<\/p>\n<\/div><\/div><\/div><\/div><\/div><\/section><\/div><\/div><\/section><section><div class=\"container\"><div class=\"row\"><section><div class=\"container\"><div class=\"row\"><div class=\"wpb_column vc_column_container col-sm-12  col-xs-mobile-fullwidth\"><div class=\"vc-column-innner-wrapper\"><div class=\"wpd-innner-wrapper\"><span  class=\"alt-font text-uppercase element-title  tytul-srodek heading-style2 brando_heading_1500894696-2-80\" style=\"color:#004b84 !important; font-weight:600 !important;;\">ZREALIZOWANE PROJEKTY<\/span><\/div><\/div><\/div><\/div><\/div><\/section><section class=\"projekty-top\"><div class=\"container\"><div class=\"row\"><div class=\"wpb_column vc_column_container col-sm-2  col-xs-mobile-fullwidth\"><div class=\"vc-column-innner-wrapper\"><div class=\"wpd-innner-wrapper\"> <div class=\"counter-style1 text-center sm-margin-eleven sm-no-margin-lr sm-no-margin-top\"><img decoding=\"async\" src=\"https:\/\/bruksela.lodzkie.pl\/wp-content\/uploads\/2017\/03\/RPO.png\" alt=\"\" class=\"icon-image\" \/> <span class=\"timer counter-number alt-font\" data-to=\"7\" data-speed=\"1000\">7<\/span><span class=\"text-small text-uppercase margin-four-tb xs-margin-two-tb display-block alt-font\">RPO<\/span><\/div><\/div><\/div><\/div><div class=\"wpb_column vc_column_container col-sm-2  col-xs-mobile-fullwidth\"><div class=\"vc-column-innner-wrapper\"><div class=\"wpd-innner-wrapper\"> <div class=\"counter-style1 text-center sm-margin-eleven sm-no-margin-lr sm-no-margin-top\"><img decoding=\"async\" src=\"https:\/\/bruksela.lodzkie.pl\/wp-content\/uploads\/2017\/03\/interreg_europe.png\" alt=\"\" class=\"icon-image\" \/> <span class=\"timer counter-number alt-font\" data-to=\"3\" data-speed=\"1000\">3<\/span><span class=\"text-small text-uppercase margin-four-tb xs-margin-two-tb display-block alt-font\">INTERREG EUROPA CENTRALNA<\/span><\/div><\/div><\/div><\/div><div class=\"wpb_column vc_column_container col-sm-2  col-xs-mobile-fullwidth\"><div class=\"vc-column-innner-wrapper\"><div class=\"wpd-innner-wrapper\"> <div class=\"counter-style1 text-center sm-margin-eleven sm-no-margin-lr sm-no-margin-top\"><img decoding=\"async\" src=\"https:\/\/bruksela.lodzkie.pl\/wp-content\/uploads\/2017\/03\/interreg_europe.png\" alt=\"\" class=\"icon-image\" \/> <span class=\"timer counter-number alt-font\" data-to=\"7\" data-speed=\"1000\">7<\/span><span class=\"text-small text-uppercase margin-four-tb xs-margin-two-tb display-block alt-font\">INTERREG EUROPA<\/span><\/div><\/div><\/div><\/div><div class=\"wpb_column vc_column_container col-sm-2  col-xs-mobile-fullwidth\"><div class=\"vc-column-innner-wrapper\"><div class=\"wpd-innner-wrapper\"> <div class=\"counter-style1 text-center sm-margin-eleven sm-no-margin-lr sm-no-margin-top\"><img decoding=\"async\" src=\"https:\/\/bruksela.lodzkie.pl\/wp-content\/uploads\/2017\/03\/horizon-2.png\" alt=\"\" class=\"icon-image\" \/> <span class=\"timer counter-number alt-font\" data-to=\"1\" data-speed=\"1000\">1<\/span><span class=\"text-small text-uppercase margin-four-tb xs-margin-two-tb display-block alt-font\">HORYZONT 2020<\/span><\/div><\/div><\/div><\/div><div class=\"wpb_column vc_column_container col-sm-2  col-xs-mobile-fullwidth\"><div class=\"vc-column-innner-wrapper\"><div class=\"wpd-innner-wrapper\"> <div class=\"counter-style1 text-center sm-margin-eleven sm-no-margin-lr sm-no-margin-top\"><img decoding=\"async\" src=\"https:\/\/bruksela.lodzkie.pl\/wp-content\/uploads\/2017\/03\/europa_dla_obywateli-kopia.png\" alt=\"\" class=\"icon-image\" \/> <span class=\"timer counter-number alt-font\" data-to=\"2\" data-speed=\"2000\">2<\/span><span class=\"text-small text-uppercase margin-four-tb xs-margin-two-tb display-block alt-font\">EUROPA DLA OBYWATELI<\/span><\/div><\/div><\/div><\/div><div class=\"wpb_column vc_column_container col-sm-2  col-xs-mobile-fullwidth\"><div class=\"vc-column-innner-wrapper\"><div class=\"wpd-innner-wrapper\"> <div class=\"counter-style1 text-center sm-margin-eleven sm-no-margin-lr sm-no-margin-top\"><img decoding=\"async\" src=\"https:\/\/bruksela.lodzkie.pl\/wp-content\/uploads\/2024\/01\/ogolem.png\" alt=\"\" class=\"icon-image\" \/> <span class=\"timer counter-number alt-font\" data-to=\"20\" data-speed=\"4000\">20<\/span><span class=\"text-small text-uppercase margin-four-tb xs-margin-two-tb display-block alt-font\">og\u00f3\u0142em<\/span><\/div><\/div><\/div><\/div><\/div><\/div><\/section><\/div><\/div><\/section><section><div class=\"container\"><div class=\"row\"><div class=\"wpb_column vc_column_container col-sm-12  col-xs-mobile-fullwidth\"><div class=\"vc-column-innner-wrapper\"><div class=\"wpd-innner-wrapper\"><\/div><\/div><\/div><div class=\"list-type2\">\n<ul>\n<li><a href=\"https:\/\/bruksela.lodzkie.pl\/nasze-projekty\/gospodarka-niskoemisyjna-decarb\/\">Wspieranie przej\u015bcia na gospodark\u0119 niskoemisyjn\u0105 w regionach UE opartych na gospodarce w\u0119glowej (DeCarb)<\/a><\/li>\n<li><a href=\"https:\/\/bruksela.lodzkie.pl\/nasze-projekty\/zielone-zamowienia-publiczne-na-rzecz-zasobooszczednego-rozwoju-regionalnego\/\">Zielone zam\u00f3wienia publiczne na rzecz zasobooszcz\u0119dnego rozwoju regionalnego (GPP4Growth)<\/a><\/li>\n<li><a href=\"https:\/\/bruksela.lodzkie.pl\/nasze-projekty\/finch-2\/\">Rozw\u00f3j regionalny poprzez finansowanie waloryzacji dziedzictwa kulturowego (FINCH)<\/a><\/li>\n<li><a href=\"https:\/\/bruksela.lodzkie.pl\/nasze-projekty\/innoprovement\/\">Ulepszenie instrument\u00f3w polityki dedykowanej rozwojowi systemu innowacji M\u015aP poprzez wdro\u017cenie rozwi\u0105za\u0144 przemys\u0142u 4.0 (INNOPROVEMENT)<\/a><\/li>\n<li><a href=\"https:\/\/bruksela.lodzkie.pl\/nasze-projekty\/ochrona-srodowiska-i-efektywne-gospodarowanie-zasobami-przez-wykorzystanie-instrumentow-cyklu-zycia-produktu-w-realizacji-polityki-regionalnej-lca4regions\/\">Ochrona \u015brodowiska i efektywne gospodarowanie zasobami przez wykorzystanie instrument\u00f3w cyklu \u017cycia produktu w realizacji polityki regionalnej (LCA4Regions)<\/a><\/li>\n<li><a href=\"https:\/\/bruksela.lodzkie.pl\/nasze-projekty\/rozwoj-gospodarki-cyrkularnej-poprzez-udoskonalenie-instrumentow-polityki-regionalnej-replace-2\/\">Rozw\u00f3j gospodarki cyrkularnej poprzez udoskonalenie instrument\u00f3w polityki regionalnej (REPLACE) <\/a><\/li>\n<li><a href=\"https:\/\/bruksela.lodzkie.pl\/nasze-projekty\/doskonalenie-polityk-w-zakresie-ponownego-wykorzystania-wody-dla-oszczedzania-zasobow-w-regionach-europejskich-aquares\/\">Doskonalenie polityk w zakresie ponownego wykorzystania wody dla oszcz\u0119dzania zasob\u00f3w w regionach europejskich (AQUARES)<\/a><\/li>\n<li><a href=\"https:\/\/bruksela.lodzkie.pl\/nasze-projekty\/ce-connector\/\">Tworzenie wiedzy i powi\u0105za\u0144 mi\u0119dzy anio\u0142ami biznesu i sektorem publicznym w ekosystemach terytorialnych w celu wype\u0142nienia luki finansowej dla innowacyjnych startup\u00f3w (CE-CONNECTOR)<\/a><\/li>\n<li><a href=\"https:\/\/bruksela.lodzkie.pl\/nasze-projekty\/i-care-smart-lodzkie\/\">Innowacyjny ekosystem w zakresie inteligentnej opieki nad osobami starszymi (I-CARE SMART)<\/a><\/li>\n<li><a href=\"https:\/\/bruksela.lodzkie.pl\/nasze-projekty\/arrival-regions\/\">Innowacje spo\u0142eczne w zakresie integracji spo\u0142ecznej i gospodarczej obywateli pa\u0144stw spoza UE (ARRIVAL REGIONS)<\/a><\/li>\n<li><a href=\"https:\/\/bruksela.lodzkie.pl\/nasze-projekty\/promocja-gospodarcza-lodzkich-strategicznych-sektorow-gospodarczych-na-dalekim-i-bliskim-wschodzie-podczas-swiatowych-wydarzen-gospodarczych\/\">Promocja gospodarcza \u0142\u00f3dzkich strategicznych sektor\u00f3w gospodarczych na Dalekim i Bliskim Wschodzie podczas \u015bwiatowych wydarze\u0144 gospodarczych <\/a><\/li>\n<li><a href=\"https:\/\/bruksela.lodzkie.pl\/nasze-projekty\/sme-organics\/\">Wzmacnianie konkurencyjno\u015bci sektora M\u015aP i zr\u00f3wnowa\u017cony rozw\u00f3j w sektorze produkcji ekologicznej: Ekologiczne M\u015aP (SME \u2013 ORGANICS)<\/a><\/li>\n<li><a href=\"https:\/\/bruksela.lodzkie.pl\/cyfrowe-strategie-miast-europejskich-na-rzecz-integracji-imigrantow\/\">Cyfrowe strategie miast europejskich na rzecz integracji imigrant\u00f3w (EUCIDIN)<\/a><\/li>\n<li><a href=\"https:\/\/bruksela.lodzkie.pl\/nasze-projekty\/wyzwania-dla-centrow-regionalnych-przeciwdzialanie-depopulacji-rozwoj-dobrych-praktyk\/\" target=\"_blank\" rel=\"noopener noreferrer\">Wyzwania dla Centr\u00f3w Regionalnych: Przeciwdzia\u0142anie depopulacji, rozw\u00f3j dobrych praktyk (DeCoDe)<\/a><\/li>\n<li><a href=\"https:\/\/bruksela.lodzkie.pl\/nasze-projekty\/lodzkie-w-brukseli-promuje-lodzki-biznes-pl\/\">\u0141\u00f3dzkie w Brukseli - promuje \u0142\u00f3dzki biznes<\/a><\/li>\n<li><a href=\"https:\/\/bruksela.lodzkie.pl\/nasze-projekty\/screen\/\">Europejskie regiony na rzecz synergii w gospodarce cyrkularnej (SCREEN)<\/a><\/li>\n<li><a href=\"https:\/\/bruksela.lodzkie.pl\/nasze-projekty\/lodzkie-dla-biznesu-umiedzynarodowienie-dzialalnosci-przedsiebiorstw-z-wojewodztwa-lodzkiego-poprzez-udzial-w-swiatowej-wystawie-expo-2020-w-dubaju\/\">\u0141\u00f3dzkie dla biznesu. Umi\u0119dzynarodowienie dzia\u0142alno\u015bci przedsi\u0119biorstw z wojew\u00f3dztwa \u0142\u00f3dzkiego poprzez udzia\u0142 w \u015bwiatowej wystawie EXPO 2020 w Dubaju<\/a><\/li>\n<li><a href=\"https:\/\/bruksela.lodzkie.pl\/nasze-projekty\/lodzkie-w-brukseli-wspiera-lodzki-biznes-2\/\">\u0141\u00f3dzkie w Brukseli wspiera \u0142\u00f3dzki biznes. Promocja kompleksowej oferty eksportowej dla przedsi\u0119biorstw z regionu.<\/a><\/li>\n<li><a href=\"https:\/\/bruksela.lodzkie.pl\/nasze-projekty\/samorzadowe-centrum-gospodarki-cyrkularnej-i-umiedzynarodowienia-przedsiebiorstw-lodzkie-green-hub\/\">Samorz\u0105dowe Centrum Gospodarki Cyrkularnej i Umi\u0119dzynarodowienia Przedsi\u0119biorstw (\u0141\u00f3dzkie GREEN HUB)<\/a><\/li>\n<li><a href=\"https:\/\/bruksela.lodzkie.pl\/nasze-projekty\/lodzkie-go-benelux\/\">LODZKIE GO BENELUX<\/a><\/li>\n<li><a href=\"https:\/\/bruksela.lodzkie.pl\/nasze-projekty\/lodzkie-go-nowe-rynki-dla-kluczowych-branz-wojewodztwa-lodzkiego\/\">LODZKIE GO! Nowe rynki dla bran\u017c kluczowych Wojew\u00f3dztwa \u0141\u00f3dzkiego<\/a><\/li>\n<\/ul>\n<\/div>\n<\/div><\/div><\/section>\n","protected":false},"excerpt":{"rendered":"<p>REALIZOWANE PROJEKTY 2FE\u0141 1ERASMUS PLUS 1HORYZONT 2020 3Interreg Europa Interprofesjonalny europejski program nauczania dla pracownik\u00f3w s\u0142u\u017cby zdrowia i opieki spo\u0142ecznej: rozw\u00f3j specjalisty w zakresie spersonalizowanej opieki w ramach spo\u0142eczno\u015bci \u2013 TEAMCARE Prekursorskie podej\u015bcie do systemowych, holistycznych i integracyjnych rozwi\u0105za\u0144 dla nowego paradygmatu terytorialnej gospodarki o obiegu zamkni\u0119tym (FRONTSH1P) Umi\u0119dzynarodowienie dzia\u0142alno\u015bci przedsi\u0119biorstw z wojew\u00f3dztwa \u0142\u00f3dzkiego poprzez [&hellip;]<\/p>\n","protected":false},"author":3,"featured_media":0,"parent":0,"menu_order":0,"comment_status":"closed","ping_status":"closed","template":"","meta":{"_acf_changed":false,"footnotes":""},"class_list":["post-1435","page","type-page","status-publish","hentry"],"acf":[],"_links":{"self":[{"href":"https:\/\/bruksela.lodzkie.pl\/fr\/wp-json\/wp\/v2\/pages\/1435","targetHints":{"allow":["GET"]}}],"collection":[{"href":"https:\/\/bruksela.lodzkie.pl\/fr\/wp-json\/wp\/v2\/pages"}],"about":[{"href":"https:\/\/bruksela.lodzkie.pl\/fr\/wp-json\/wp\/v2\/types\/page"}],"author":[{"embeddable":true,"href":"https:\/\/bruksela.lodzkie.pl\/fr\/wp-json\/wp\/v2\/users\/3"}],"replies":[{"embeddable":true,"href":"https:\/\/bruksela.lodzkie.pl\/fr\/wp-json\/wp\/v2\/comments?post=1435"}],"version-history":[{"count":96,"href":"https:\/\/bruksela.lodzkie.pl\/fr\/wp-json\/wp\/v2\/pages\/1435\/revisions"}],"predecessor-version":[{"id":9086,"href":"https:\/\/bruksela.lodzkie.pl\/fr\/wp-json\/wp\/v2\/pages\/1435\/revisions\/9086"}],"wp:attachment":[{"href":"https:\/\/bruksela.lodzkie.pl\/fr\/wp-json\/wp\/v2\/media?parent=1435"}],"curies":[{"name":"wp","href":"https:\/\/api.w.org\/{rel}","templated":true}]}}