{"id":3165,"date":"2017-04-20T09:50:30","date_gmt":"2017-04-20T07:50:30","guid":{"rendered":"https:\/\/bruksela.lodzkie.pl\/?page_id=3165"},"modified":"2026-01-23T14:39:29","modified_gmt":"2026-01-23T13:39:29","slug":"strona-glowna","status":"publish","type":"page","link":"https:\/\/bruksela.lodzkie.pl\/fr\/","title":{"rendered":"Page d&rsquo;accueil"},"content":{"rendered":"<section ><div class=\"container\"><div class=\"row\"><section style=\"padding: 70px 0px 70px 0px;\"><div class=\"container\"><div class=\"row\"><div class=\"wpb_column vc_column_container col-sm-12  col-xs-mobile-fullwidth center-col margin-0auto\"><div class=\"vc-column-innner-wrapper\"><div class=\"wpd-innner-wrapper\"><div class=\"margin-0auto\">\n<\/div><\/div><\/div><\/div><\/div><\/div><\/section><section class=\"wow fadeInLeft\"><div class=\"container\"><div class=\"row\"><div class=\"wpb_column vc_column_container col-sm-12  col-xs-mobile-fullwidth\"><div class=\"vc-column-innner-wrapper\"><div class=\"wpd-innner-wrapper\"><span  class=\"alt-font text-uppercase element-title  tytul-srodek heading-style2 brando_heading_1500457248-2-81\" style=\"color:#00468c !important;\"><\/p>\n<h2>ZAPRASZAMY DO KONTAKTU<\/h2>\n<p><\/span><div class=\"bg-fast-yellow separator-line-thick center-col no-margin-top\" style=\"background:#fdbe23 !important; \"><\/div><\/div><\/div><\/div><\/div><\/div><\/section><section class=\"kontakt-bioeco\"><div class=\"container\"><div class=\"row\"><div class=\"wpb_column vc_column_container col-sm-4  col-xs-mobile-fullwidth  wow fadeInUp\"><div class=\"vc-column-innner-wrapper\"><div class=\"wpd-innner-wrapper\"><div class=\"icon-contact-bio\"><div class=\" text-center\"><img decoding=\"async\" src=\"https:\/\/bruksela.lodzkie.pl\/wp-content\/uploads\/2017\/04\/lokalizacja.png\" alt=\"\" class=\"icon-image\" \/><span class=\"text-uppercase display-block alt-font medium-gray-text line-height-normal\" style=\"color:#004b84 !important;\">ADRES<\/span><p>al. Pi\u0142sudskiego 8<br \/>\n90-051 \u0141\u00f3d\u017a<\/p>\n<p>Rue du Luxembourg 3<br \/>\n1000 Bruksela<\/p>\n<\/div><\/div><\/div><\/div><\/div><div class=\"wpb_column vc_column_container col-sm-4  col-xs-mobile-fullwidth  wow fadeInUp\"><div class=\"vc-column-innner-wrapper\"><div class=\"wpd-innner-wrapper\"><div class=\"icon-contact-bio\"><div class=\" text-center\"><img decoding=\"async\" src=\"https:\/\/bruksela.lodzkie.pl\/wp-content\/uploads\/2017\/04\/telefon.png\" alt=\"\" class=\"icon-image\" \/><span class=\"text-uppercase display-block alt-font medium-gray-text line-height-normal\" style=\"color:#004b84 !important;\">TELEFON<\/span><p>(+48) 42 663 35 82<br \/>\n(+48) 42 663 32 98<br \/>\n(+48) 42 663 35 82<br \/>\n(+32) 2 231 15 87<br \/>\n(+32) 2 725 12 47<br \/>\n(+32) 2\u00a0725 14 05<\/p>\n<\/div><\/div><\/div><\/div><\/div><div class=\"wpb_column vc_column_container col-sm-4  col-xs-mobile-fullwidth  wow fadeInUp\"><div class=\"vc-column-innner-wrapper\"><div class=\"wpd-innner-wrapper\"><div class=\"icon-contact-bio\"><div class=\" text-center\"><img decoding=\"async\" src=\"https:\/\/bruksela.lodzkie.pl\/wp-content\/uploads\/2017\/04\/email.png\" alt=\"\" class=\"icon-image\" \/><span class=\"text-uppercase display-block alt-font medium-gray-text line-height-normal\" style=\"color:#004b84 !important;\">E-MAIL<\/span><p><a href=\"mailto:rbwl@lodzkie.pl\">rbwl@lodzkie.pl<\/a><br \/>\n<a href=\"https:\/\/bruksela.lodzkie.pl\">https:\/\/bruksela.lodzkie.pl<\/a><\/p>\n<\/div><\/div><\/div><\/div><\/div><\/div><\/div><\/section><\/div><\/div><\/section>\n","protected":false},"excerpt":{"rendered":"<p>ZAPRASZAMY DO KONTAKTU ADRESal. Pi\u0142sudskiego 8 90-051 \u0141\u00f3d\u017a Rue du Luxembourg 3 1000 Bruksela TELEFON(+48) 42 663 35 82 (+48) 42 663 32 98 (+48) 42 663 35 82 (+32) 2 231 15 87 (+32) 2 725 12 47 (+32) 2\u00a0725 14 05 E-MAILrbwl@lodzkie.pl https:\/\/bruksela.lodzkie.pl<\/p>\n","protected":false},"author":1,"featured_media":0,"parent":0,"menu_order":0,"comment_status":"closed","ping_status":"closed","template":"","meta":{"_acf_changed":false,"footnotes":""},"class_list":["post-3165","page","type-page","status-publish","hentry"],"acf":[],"_links":{"self":[{"href":"https:\/\/bruksela.lodzkie.pl\/fr\/wp-json\/wp\/v2\/pages\/3165","targetHints":{"allow":["GET"]}}],"collection":[{"href":"https:\/\/bruksela.lodzkie.pl\/fr\/wp-json\/wp\/v2\/pages"}],"about":[{"href":"https:\/\/bruksela.lodzkie.pl\/fr\/wp-json\/wp\/v2\/types\/page"}],"author":[{"embeddable":true,"href":"https:\/\/bruksela.lodzkie.pl\/fr\/wp-json\/wp\/v2\/users\/1"}],"replies":[{"embeddable":true,"href":"https:\/\/bruksela.lodzkie.pl\/fr\/wp-json\/wp\/v2\/comments?post=3165"}],"version-history":[{"count":12,"href":"https:\/\/bruksela.lodzkie.pl\/fr\/wp-json\/wp\/v2\/pages\/3165\/revisions"}],"predecessor-version":[{"id":9240,"href":"https:\/\/bruksela.lodzkie.pl\/fr\/wp-json\/wp\/v2\/pages\/3165\/revisions\/9240"}],"wp:attachment":[{"href":"https:\/\/bruksela.lodzkie.pl\/fr\/wp-json\/wp\/v2\/media?parent=3165"}],"curies":[{"name":"wp","href":"https:\/\/api.w.org\/{rel}","templated":true}]}}