{"id":4968,"date":"2018-04-06T14:46:37","date_gmt":"2018-04-06T12:46:37","guid":{"rendered":"https:\/\/bruksela.lodzkie.pl\/?page_id=4968"},"modified":"2018-04-12T15:26:09","modified_gmt":"2018-04-12T13:26:09","slug":"zaproszenie-biobest2018","status":"publish","type":"page","link":"https:\/\/bruksela.lodzkie.pl\/fr\/zaproszenie-biobest2018\/","title":{"rendered":"(Polski) Przed\u0142u\u017camy termin zg\u0142aszania ofert udzia\u0142u w targach ekologicznych BioBEST 2018 w Brukseli"},"content":{"rendered":"<p class=\"qtranxs-available-languages-message qtranxs-available-languages-message-fr\">D\u00e9sol\u00e9, cet article est seulement disponible en <a href=\"https:\/\/bruksela.lodzkie.pl\/pl\/wp-json\/wp\/v2\/pages\/4968\" class=\"qtranxs-available-language-link qtranxs-available-language-link-pl\" title=\"Polski\">Polski<\/a> et <a href=\"https:\/\/bruksela.lodzkie.pl\/en\/wp-json\/wp\/v2\/pages\/4968\" class=\"qtranxs-available-language-link qtranxs-available-language-link-en\" title=\"English\">English<\/a>.<\/p>","protected":false},"excerpt":{"rendered":"<p>D\u00e9sol\u00e9, cet article est seulement disponible en Polski et English.<\/p>\n","protected":false},"author":8,"featured_media":0,"parent":0,"menu_order":0,"comment_status":"closed","ping_status":"closed","template":"","meta":{"_acf_changed":false,"footnotes":""},"class_list":["post-4968","page","type-page","status-publish","hentry"],"acf":[],"_links":{"self":[{"href":"https:\/\/bruksela.lodzkie.pl\/fr\/wp-json\/wp\/v2\/pages\/4968","targetHints":{"allow":["GET"]}}],"collection":[{"href":"https:\/\/bruksela.lodzkie.pl\/fr\/wp-json\/wp\/v2\/pages"}],"about":[{"href":"https:\/\/bruksela.lodzkie.pl\/fr\/wp-json\/wp\/v2\/types\/page"}],"author":[{"embeddable":true,"href":"https:\/\/bruksela.lodzkie.pl\/fr\/wp-json\/wp\/v2\/users\/8"}],"replies":[{"embeddable":true,"href":"https:\/\/bruksela.lodzkie.pl\/fr\/wp-json\/wp\/v2\/comments?post=4968"}],"version-history":[{"count":0,"href":"https:\/\/bruksela.lodzkie.pl\/fr\/wp-json\/wp\/v2\/pages\/4968\/revisions"}],"wp:attachment":[{"href":"https:\/\/bruksela.lodzkie.pl\/fr\/wp-json\/wp\/v2\/media?parent=4968"}],"curies":[{"name":"wp","href":"https:\/\/api.w.org\/{rel}","templated":true}]}}