{"id":5093,"date":"2018-05-15T11:29:45","date_gmt":"2018-05-15T09:29:45","guid":{"rendered":"https:\/\/bruksela.lodzkie.pl\/?page_id=5093"},"modified":"2018-09-24T10:28:05","modified_gmt":"2018-09-24T08:28:05","slug":"rekrutacja-mets2018","status":"publish","type":"page","link":"https:\/\/bruksela.lodzkie.pl\/fr\/rekrutacja-mets2018\/","title":{"rendered":"(Polski) Rekrutacja na mi\u0119dzynarodowe targi \u017ceglarskie i sport\u00f3w wodnych METS 2018 w Amsterdamie"},"content":{"rendered":"<p class=\"qtranxs-available-languages-message qtranxs-available-languages-message-fr\">D\u00e9sol\u00e9, cet article est seulement disponible en <a href=\"https:\/\/bruksela.lodzkie.pl\/pl\/wp-json\/wp\/v2\/pages\/5093\" class=\"qtranxs-available-language-link qtranxs-available-language-link-pl\" title=\"Polski\">Polski<\/a> et <a href=\"https:\/\/bruksela.lodzkie.pl\/en\/wp-json\/wp\/v2\/pages\/5093\" class=\"qtranxs-available-language-link qtranxs-available-language-link-en\" title=\"English\">English<\/a>.<\/p>","protected":false},"excerpt":{"rendered":"<p>D\u00e9sol\u00e9, cet article est seulement disponible en Polski et English.<\/p>\n","protected":false},"author":9,"featured_media":0,"parent":0,"menu_order":0,"comment_status":"closed","ping_status":"closed","template":"","meta":{"_acf_changed":false,"footnotes":""},"class_list":["post-5093","page","type-page","status-publish","hentry"],"acf":[],"_links":{"self":[{"href":"https:\/\/bruksela.lodzkie.pl\/fr\/wp-json\/wp\/v2\/pages\/5093","targetHints":{"allow":["GET"]}}],"collection":[{"href":"https:\/\/bruksela.lodzkie.pl\/fr\/wp-json\/wp\/v2\/pages"}],"about":[{"href":"https:\/\/bruksela.lodzkie.pl\/fr\/wp-json\/wp\/v2\/types\/page"}],"author":[{"embeddable":true,"href":"https:\/\/bruksela.lodzkie.pl\/fr\/wp-json\/wp\/v2\/users\/9"}],"replies":[{"embeddable":true,"href":"https:\/\/bruksela.lodzkie.pl\/fr\/wp-json\/wp\/v2\/comments?post=5093"}],"version-history":[{"count":0,"href":"https:\/\/bruksela.lodzkie.pl\/fr\/wp-json\/wp\/v2\/pages\/5093\/revisions"}],"wp:attachment":[{"href":"https:\/\/bruksela.lodzkie.pl\/fr\/wp-json\/wp\/v2\/media?parent=5093"}],"curies":[{"name":"wp","href":"https:\/\/api.w.org\/{rel}","templated":true}]}}