{"id":5645,"date":"2018-08-27T16:16:34","date_gmt":"2018-08-27T14:16:34","guid":{"rendered":"https:\/\/bruksela.lodzkie.pl\/?page_id=5645"},"modified":"2018-08-28T10:05:35","modified_gmt":"2018-08-28T08:05:35","slug":"ziemia-lodzka-sierpien-2018","status":"publish","type":"page","link":"https:\/\/bruksela.lodzkie.pl\/fr\/nasze-projekty\/ziemia-lodzka-sierpien-2018\/","title":{"rendered":"\u0141\u00f3dzkie w Brukseli &#8211; promuje \u0142\u00f3dzki biznes"},"content":{"rendered":"<p class=\"qtranxs-available-languages-message qtranxs-available-languages-message-fr\">D\u00e9sol\u00e9, cet article est seulement disponible en <a href=\"https:\/\/bruksela.lodzkie.pl\/pl\/wp-json\/wp\/v2\/pages\/5645\" class=\"qtranxs-available-language-link qtranxs-available-language-link-pl\" title=\"Polski\">Polski<\/a> et <a href=\"https:\/\/bruksela.lodzkie.pl\/en\/wp-json\/wp\/v2\/pages\/5645\" class=\"qtranxs-available-language-link qtranxs-available-language-link-en\" title=\"English\">English<\/a>.<\/p>","protected":false},"excerpt":{"rendered":"<p>D\u00e9sol\u00e9, cet article est seulement disponible en Polski et English.<\/p>\n","protected":false},"author":10,"featured_media":0,"parent":1435,"menu_order":0,"comment_status":"closed","ping_status":"closed","template":"","meta":{"_acf_changed":false,"footnotes":""},"class_list":["post-5645","page","type-page","status-publish","hentry"],"acf":[],"_links":{"self":[{"href":"https:\/\/bruksela.lodzkie.pl\/fr\/wp-json\/wp\/v2\/pages\/5645","targetHints":{"allow":["GET"]}}],"collection":[{"href":"https:\/\/bruksela.lodzkie.pl\/fr\/wp-json\/wp\/v2\/pages"}],"about":[{"href":"https:\/\/bruksela.lodzkie.pl\/fr\/wp-json\/wp\/v2\/types\/page"}],"author":[{"embeddable":true,"href":"https:\/\/bruksela.lodzkie.pl\/fr\/wp-json\/wp\/v2\/users\/10"}],"replies":[{"embeddable":true,"href":"https:\/\/bruksela.lodzkie.pl\/fr\/wp-json\/wp\/v2\/comments?post=5645"}],"version-history":[{"count":0,"href":"https:\/\/bruksela.lodzkie.pl\/fr\/wp-json\/wp\/v2\/pages\/5645\/revisions"}],"up":[{"embeddable":true,"href":"https:\/\/bruksela.lodzkie.pl\/fr\/wp-json\/wp\/v2\/pages\/1435"}],"wp:attachment":[{"href":"https:\/\/bruksela.lodzkie.pl\/fr\/wp-json\/wp\/v2\/media?parent=5645"}],"curies":[{"name":"wp","href":"https:\/\/api.w.org\/{rel}","templated":true}]}}