{"id":6040,"date":"2018-10-26T14:59:12","date_gmt":"2018-10-26T12:59:12","guid":{"rendered":"https:\/\/bruksela.lodzkie.pl\/?page_id=6040"},"modified":"2018-10-26T15:02:52","modified_gmt":"2018-10-26T13:02:52","slug":"wizyta-studyjna-wexford","status":"publish","type":"page","link":"https:\/\/bruksela.lodzkie.pl\/fr\/nasze-projekty\/zielone-zamowienia-publiczne-na-rzecz-zasobooszczednego-rozwoju-regionalnego\/wizyta-studyjna-wexford\/","title":{"rendered":"(Polski) Wizyta studyjna dotycz\u0105ca dobrych praktyk  w obszarze zielonych zam\u00f3wie\u0144 publicznych Wexford (Irlandia) 2-4 pa\u017adziernika 2018 r."},"content":{"rendered":"<p class=\"qtranxs-available-languages-message qtranxs-available-languages-message-fr\">D\u00e9sol\u00e9, cet article est seulement disponible en <a href=\"https:\/\/bruksela.lodzkie.pl\/pl\/wp-json\/wp\/v2\/pages\/6040\" class=\"qtranxs-available-language-link qtranxs-available-language-link-pl\" title=\"Polski\">Polski<\/a> et <a href=\"https:\/\/bruksela.lodzkie.pl\/en\/wp-json\/wp\/v2\/pages\/6040\" class=\"qtranxs-available-language-link qtranxs-available-language-link-en\" title=\"English\">English<\/a>.<\/p>","protected":false},"excerpt":{"rendered":"<p>D\u00e9sol\u00e9, cet article est seulement disponible en Polski et English.<\/p>\n","protected":false},"author":9,"featured_media":0,"parent":4444,"menu_order":0,"comment_status":"closed","ping_status":"closed","template":"","meta":{"_acf_changed":false,"footnotes":""},"class_list":["post-6040","page","type-page","status-publish","hentry"],"acf":[],"_links":{"self":[{"href":"https:\/\/bruksela.lodzkie.pl\/fr\/wp-json\/wp\/v2\/pages\/6040","targetHints":{"allow":["GET"]}}],"collection":[{"href":"https:\/\/bruksela.lodzkie.pl\/fr\/wp-json\/wp\/v2\/pages"}],"about":[{"href":"https:\/\/bruksela.lodzkie.pl\/fr\/wp-json\/wp\/v2\/types\/page"}],"author":[{"embeddable":true,"href":"https:\/\/bruksela.lodzkie.pl\/fr\/wp-json\/wp\/v2\/users\/9"}],"replies":[{"embeddable":true,"href":"https:\/\/bruksela.lodzkie.pl\/fr\/wp-json\/wp\/v2\/comments?post=6040"}],"version-history":[{"count":0,"href":"https:\/\/bruksela.lodzkie.pl\/fr\/wp-json\/wp\/v2\/pages\/6040\/revisions"}],"up":[{"embeddable":true,"href":"https:\/\/bruksela.lodzkie.pl\/fr\/wp-json\/wp\/v2\/pages\/4444"}],"wp:attachment":[{"href":"https:\/\/bruksela.lodzkie.pl\/fr\/wp-json\/wp\/v2\/media?parent=6040"}],"curies":[{"name":"wp","href":"https:\/\/api.w.org\/{rel}","templated":true}]}}