{"id":6679,"date":"2019-05-23T11:41:20","date_gmt":"2019-05-23T09:41:20","guid":{"rendered":"https:\/\/bruksela.lodzkie.pl\/?page_id=6679"},"modified":"2019-05-23T12:18:36","modified_gmt":"2019-05-23T10:18:36","slug":"iv-spotkanie-partnerow-finch-2-2","status":"publish","type":"page","link":"https:\/\/bruksela.lodzkie.pl\/fr\/iv-spotkanie-partnerow-finch-2-2\/","title":{"rendered":"(Polski) IV Spotkanie Partner\u00f3w projektu FINCH, 9-10 kwietnia 2019"},"content":{"rendered":"<section ><div class=\"container\"><div class=\"row\"><section><div class=\"container\"><div class=\"row\"><div class=\"wpb_column vc_column_container col-sm-12  col-xs-mobile-fullwidth\"><div class=\"vc-column-innner-wrapper\"><div class=\"wpd-innner-wrapper\"><p>W spotkaniu udzia\u0142 wzi\u0119li przedstawiciele instytucji partnerskich projektu: <\/p>\n<blockquote>\n<p>W\u0142ochy (Region Piemont, Uniwersytet w Turynie),<br \/>Niemcy (Bank Rozwoju Regionu Saksonia-Anhalt),<br \/>Rumunia (Agencja Rozwoju Regionalnego South-West Oltenia),<br \/>Finlandia (Region South Ostrobotnia), Grecja (Region Tesalia).<\/p>\n<\/blockquote>\n<p>Celem wizyty przedstawicieli instytucji partnerskich by\u0142o zaprezentowanie najlepszych praktyk ochrony dziedzictwa kulturowego i rewitalizacji na terenie Rumunii w regionie partnerskim w Oltenii, m.in.:<br \/>1) <strong>\u015aredniowieczna twierdza Severin<\/strong>, zamieniona w miejsce turystyczne (prace rewitalizacyjne finansowane ze \u015brodk\u00f3w UE). Obecnie w budynku mie\u015bci si\u0119 przestrze\u0144 wystawowa oraz posiada widok panoramiczny 360\u00b0 z widokiem na okolic\u0119;<br \/>2) <strong>Pa\u0142ac Kultury Theodor Costescu i Severin Medieval Fortress<\/strong>, wpisany na narodow\u0105 list\u0119 dziedzictwa kulturowego. Od 2010 r. by\u0142y przedmiotem powa\u017cnych prac konserwatorskich i rewitalizacyjnych finansowanych ze \u015brodk\u00f3w publicznych i Unii Europejskiej. Dzi\u0119ki du\u017cemu teatrowi, powierzchniom wystawienniczym i zielonemu parkowi obiekt odwiedzany jest przez wielu turyst\u00f3w.<br \/>3) <strong>Muzeum Regionu \u017belazne Bramy<\/strong> - muzeum obejmuje budynki archeologiczne, podzielone na 4 sekcje: historia, nauki przyrodnicze, etnografia i folklor i sztuka; Jest to obszar, w kt\u00f3rym znajduj\u0105 si\u0119 pozosta\u0142o\u015bci rzymskiej osady wojskowej Drobeta (most Trajana, Dunaj, amfiteatr, budynek termalny).<br \/>4) <strong>Muzeum Sztuki Craiova i interaktywne Centrum turystyczne \u201eConstantin Brancusi\u201d<\/strong> - g\u0142\u00f3wny budynek wpisany na list\u0119 zabytk\u00f3w narodowych, posiada prawie 9.000 warto\u015bciowych dzie\u0142 (m. in. malarstwo, rze\u017aby) z innowacyjnymi rozwi\u0105zaniami.<\/p>\n<p>Wizyty obejmowa\u0142y aktywny udzia\u0142 podmiot\u00f3w lokalnych (r\u00f3wnie\u017c na poziomie polityki) i mened\u017cer\u00f3w instytucji kulturalnych, kt\u00f3rzy pokazali, jak wskazane przypadki rewitalizacji i renowacji d\u00f3br kultury przyczyni\u0142y si\u0119 do o\u017cywienia gospodarczo-spo\u0142ecznego. Podkre\u015blono, i\u017c zaprezentowane przyk\u0142ady odnowy d\u00f3br kultury uwidaczniaj\u0105 wyzwanie, jakim jest przekszta\u0142cenie dziedzictwa kulturowego, kt\u00f3re wraz z rozwojem turystyki s\u0105 motorem o\u017cywienia gospodarczego i spo\u0142ecznego.<br \/>Zaznaczono, i\u017c istotnym elementem, kt\u00f3ry odgrywa rol\u0119 w poszanowaniu dziedzictwa kulturowego jest zaanga\u017cowanie w\u0142adz publicznych, kt\u00f3re dzi\u0119ki dzia\u0142aniom prowadzonym na rzecz wzmocnienia turystyki prowadz\u0105 do wzrostu gospodarczego dla spo\u0142eczno\u015bci lokalnych. Zachowanie dziedzictwa kulturowego w postaci odnowy zabytk\u00f3w stwarza warunki do wzrostu i dywersyfikacji us\u0142ug turystycznych, a poprzez wzmo\u017cenie liczby turyst\u00f3w powstaj\u0105 nowe miejsca pracy i zwi\u0119ksza si\u0119 jako\u015b\u0107 wydarze\u0144 kulturalnych. W ten spos\u00f3b pokazano, i\u017c sukcesem jest nie tylko renowacja budynk\u00f3w, ale spo\u0142eczna i gospodarcza warto\u015b\u0107 dodana, gdzie dziedzictwo kulturowe jest cz\u0119\u015bci\u0105 \u017cycia spo\u0142ecznego i przyczynia si\u0119 do korzy\u015bci ekonomicznych.<br \/>Ponadto podsumowano i dokonano przegl\u0105du dzia\u0142a\u0144 i wynik\u00f3w drugiego oraz trzeciego semestru i przedstawiono dalszy plan dzia\u0142a\u0144 w projekcie.<\/p>\n<p>Kolejne spotkanie Partner\u00f3w projektu FINCH odb\u0119dzie si\u0119 w Finlandii w dniach 9-10 kwietnia 2019 roku.<\/p>\n<\/div><\/div><\/div><\/div><\/div><\/section><\/div><\/div><\/section>","protected":false},"excerpt":{"rendered":"<p>W spotkaniu udzia\u0142 wzi\u0119li przedstawiciele instytucji partnerskich projektu: W\u0142ochy (Region Piemont, Uniwersytet w Turynie),Niemcy (Bank Rozwoju Regionu Saksonia-Anhalt),Rumunia (Agencja Rozwoju Regionalnego South-West Oltenia),Finlandia (Region South Ostrobotnia), Grecja (Region Tesalia). Celem wizyty przedstawicieli instytucji partnerskich by\u0142o zaprezentowanie najlepszych praktyk ochrony dziedzictwa kulturowego i rewitalizacji na terenie Rumunii w regionie partnerskim w Oltenii, m.in.:1) \u015aredniowieczna twierdza Severin, [&hellip;]<\/p>\n","protected":false},"author":10,"featured_media":0,"parent":0,"menu_order":0,"comment_status":"closed","ping_status":"closed","template":"","meta":{"_acf_changed":false,"footnotes":""},"class_list":["post-6679","page","type-page","status-publish","hentry"],"acf":[],"_links":{"self":[{"href":"https:\/\/bruksela.lodzkie.pl\/fr\/wp-json\/wp\/v2\/pages\/6679","targetHints":{"allow":["GET"]}}],"collection":[{"href":"https:\/\/bruksela.lodzkie.pl\/fr\/wp-json\/wp\/v2\/pages"}],"about":[{"href":"https:\/\/bruksela.lodzkie.pl\/fr\/wp-json\/wp\/v2\/types\/page"}],"author":[{"embeddable":true,"href":"https:\/\/bruksela.lodzkie.pl\/fr\/wp-json\/wp\/v2\/users\/10"}],"replies":[{"embeddable":true,"href":"https:\/\/bruksela.lodzkie.pl\/fr\/wp-json\/wp\/v2\/comments?post=6679"}],"version-history":[{"count":8,"href":"https:\/\/bruksela.lodzkie.pl\/fr\/wp-json\/wp\/v2\/pages\/6679\/revisions"}],"predecessor-version":[{"id":6690,"href":"https:\/\/bruksela.lodzkie.pl\/fr\/wp-json\/wp\/v2\/pages\/6679\/revisions\/6690"}],"wp:attachment":[{"href":"https:\/\/bruksela.lodzkie.pl\/fr\/wp-json\/wp\/v2\/media?parent=6679"}],"curies":[{"name":"wp","href":"https:\/\/api.w.org\/{rel}","templated":true}]}}