{"id":6882,"date":"2019-07-11T14:19:34","date_gmt":"2019-07-11T12:19:34","guid":{"rendered":"https:\/\/bruksela.lodzkie.pl\/?page_id=6882"},"modified":"2024-01-05T12:36:15","modified_gmt":"2024-01-05T11:36:15","slug":"arrival-regions","status":"publish","type":"page","link":"https:\/\/bruksela.lodzkie.pl\/fr\/nasze-projekty\/arrival-regions\/","title":{"rendered":"(Polski) \u201eInnowacje spo\u0142eczne w zakresie integracji spo\u0142ecznej i gospodarczej obywateli pa\u0144stw spoza UE\u201d (ARRIVAL REGIONS)"},"content":{"rendered":"<section ><div class=\"container\"><div class=\"row\"><div class=\"wpb_column vc_column_container  col-xs-mobile-fullwidth\"><div class=\"vc-column-innner-wrapper\"><div class=\"wpd-innner-wrapper\"><\/div><\/div><\/div><\/div><\/div><\/section><section><div class=\"container\"><div class=\"row\"><section><div class=\"container\"><div class=\"row\"><div class=\"wpb_column vc_column_container col-sm-12  col-xs-mobile-fullwidth\"><div class=\"vc-column-innner-wrapper\"><div class=\"wpd-innner-wrapper\"><p><img loading=\"lazy\" decoding=\"async\" class=\"size-medium wp-image-6957 aligncenter\" src=\"https:\/\/bruksela.lodzkie.pl\/wp-content\/uploads\/2021\/03\/ArrivalRegions.png\" alt=\"\" width=\"600\" height=\"247\" \/><\/p>\n<div class=\"margin-ten no-margin-lr clearfix\"><h1 class=\"alt-font heading-style1 brando_heading_1501069500-2-91\">Cel projektu<\/h1><\/div><p>Celem projektu ARRIVAL REGIONS by\u0142o budowanie i wzmacnianie wsp\u00f3\u0142pracy<br \/>\nz organizacjami zajmuj\u0105cymi si\u0119 problemami migrant\u00f3w, spo\u015br\u00f3d kt\u00f3rych najwi\u0119ksz\u0105 grup\u0119 w\u00a0wojew\u00f3dztwie \u0142\u00f3dzkim stanowi\u0105 obywatele Ukrainy. W projekcie ARRIVAL REGIONS przedstawiciele \u015brodowiska naukowego, biznesu, organizacje spo\u0142eczne, jednostki samorz\u0105du terytorialnego i ich jednostki organizacyjne maj\u0105 mo\u017cliwo\u015b\u0107 nawi\u0105zania wsp\u00f3\u0142pracy w celu diagnozy potrzeb obywateli Ukrainy oraz wypracowanie modelowych rozwi\u0105za\u0144 w zakresie us\u0142ug publicznych dla migrant\u00f3w i na ich rzecz.<\/p>\n<p>&nbsp;<\/p>\n<div class=\"margin-ten no-margin-lr clearfix\"><h1 class=\"alt-font heading-style1 brando_heading_1501069500-2-91\">Rezultaty<\/h1><\/div><p>W ramach projektu wypracowano katalog dobrych praktyk (innowacyjnych praktyk spo\u0142ecznych) dotycz\u0105cych integracji obywateli spoza Unii Europejskiej, stworzono strategi\u0119 innowacyjno\u015bci spo\u0142ecznej dla obywateli spoza UE, a tak\u017ce opracowano przez wszystkich partner\u00f3w projektu raport, obejmuj\u0105cy\u00a0 szczeg\u00f3\u0142owe wskaz\u00f3wki dotycz\u0105ce integracji obywateli spoza UE przedstawiono w\u0142adzom lokalnym i regionalnym, kt\u00f3re s\u0105 odpowiedzialne za kwestie spo\u0142eczne.<\/p>\n<p>&nbsp;<\/p>\n<div class=\"margin-ten no-margin-lr clearfix\"><h1 class=\"alt-font heading-style1 brando_heading_1501069500-2-91\">Mo\u017cliwo\u015b\u0107 wsp\u00f3\u0142pracy projektowej<\/h1><\/div><p>Nie dotyczy \u2013 projekt zako\u0144czony.<\/p>\n<p>&nbsp;<\/p>\n<div class=\"margin-ten no-margin-lr clearfix\"><h1 class=\"alt-font heading-style1 brando_heading_1501069500-2-91\">Warto\u015b\u0107 projektu\/Finansowanie<\/h1><\/div><p>Projekt dofinansowany ze \u015brodk\u00f3w programu INTERREG CENTRAL EUROPE<br \/>\nWarto\u015b\u0107 projektu wynosi: <strong>2 204 872,00 euro<\/strong><br \/>\nW tym dofinansowanie z UE dla Wojew\u00f3dztwa \u0141\u00f3dzkiego: <strong>114 877,50 euro<\/strong><br \/>\nBud\u017cet dla Wojew\u00f3dztwa \u0141\u00f3dzkiego: <strong>135 150,00 euro<\/strong><\/p>\n<p>&nbsp;<\/p>\n<div class=\"margin-ten no-margin-lr clearfix\"><h1 class=\"alt-font heading-style1 brando_heading_1501069500-2-91\">Partnerzy projektu<\/h1><\/div><p>1. Leibniz Institute for Regional Geography, Niemcy<br \/>\n2. LAG Escartons and Waldensians Valleys, W\u0142ochy<br \/>\n3. City of Osijek, Chorwacja<br \/>\n4. Information legal centre, Chorwacja<br \/>\n5. Mountain Union of Mongia e Cevetta Valley Langa Cebana Alta Valle Bormida, W\u0142ochy<br \/>\n6. National Union of mountain municipalities and mountain communities \u2013 UNCEM Piemonte, W\u0142ochy<br \/>\n7. University of West Bohemia in Pilsen, Czechy<br \/>\n8. Center Rotunda, Koper, S\u0142owacja<br \/>\n9. Municipality of Postojna, S\u0142owacja<br \/>\n10. Uniwersytet Szczeci\u0144ski, Polska Wojew\u00f3dztwo Zachodniopomorskie, Polska<br \/>\n11. Burgenland District, Niemcy<br \/>\n12. Wojew\u00f3dztwo \u0141\u00f3dzkie, Polska<\/p>\n<p>&nbsp;<\/p>\n<div class=\"margin-ten no-margin-lr clearfix\"><h1 class=\"alt-font heading-style1 brando_heading_1501069500-2-91\">DATY REALIZACJI<\/h1><\/div><p>01.04.2019 \u2013 31.03.2022<\/p>\n<p>&nbsp;<\/p>\n<div class=\"margin-ten no-margin-lr clearfix\"><h1 class=\"alt-font heading-style1 brando_heading_1501069500-2-91\">wydarzenia projektowe<\/h1><\/div><p>- Warsztat i seminarium dla przedstawicieli instytucji partnerskich w celu prezentacji za\u0142o\u017ce\u0144 projektu, zorganizowane przez lidera projektu Instytut Geografii Regionalnej Instytutu Leibniza w Lipsku (Niemcy, V.2019)<br \/>\n- Wizyta studyjna zespo\u0142u projektowego, przedstawicielki spo\u0142eczno\u015bci ukrai\u0144skiej w \u0141odzi i lidera projektu Instytut Geografii Regionalnej Instytutu Leibniza w Lipsku w Warszawie w zwi\u0105zkuz dokumentacj\u0105 dobrych praktyk \u2013 Klub Kobiet Ukrai\u0144skich i Centrum Innowacji Spo\u0142ecznych (X.2019)<br \/>\n- Seminarium dla partner\u00f3w projektu i ekspert\u00f3w zewn\u0119trznych, po\u015bwi\u0119cone opracowaniu metodologii szkole\u0144 z zakresu r\u00f3\u017cnic kulturowych, innowacji spo\u0142ecznych i aktywno\u015bci gospodarczej migrant\u00f3w, zorganizowane przez Uniwersytet Zachodnio-Czeski w Pil\u017anie (Czechy, XI.2019)<br \/>\n- Seminarium dla przedstawicieli instytucji zainteresowanych dzia\u0142aniami w \u015brodowisku migrant\u00f3w-obywateli Ukrainy, prezentacja za\u0142o\u017ce\u0144 projektu, zorganizowana przez Wojew\u00f3dztwo \u0141\u00f3dzkie (\u0141\u00f3d\u017a, I.2020)<br \/>\n- Seminarium dla przedstawicieli instytucji zainteresowanych dzia\u0142aniami w \u015brodowisku migrant\u00f3w-obywateli Ukrainy \u201eDialog mi\u0119dzykulturowy \u2013 zapobieganie i zwalczanie rasizmu, ksenofobii i innych form nietolerancji\u201d (\u0141\u00f3d\u017a, II.2020)<br \/>\n- Seminarium online dla przedstawicieli instytucji partnerskich po\u015bwi\u0119cona realizacji projektu w czasie pandemii, zorganizowane przez lidera projektu Instytut Geografii Regionalnej Instytutu Leibniza w Lipsku (V.2020)<br \/>\n- Seminarium dla przedstawicieli instytucji zainteresowanych dzia\u0142aniami w \u015brodowisku migrant\u00f3w-obywateli Ukrainy \u201eInnowacje spo\u0142eczne \u2013 edukacja dla integracji\u201d (\u0141\u00f3d\u017a, VIII.2020)<br \/>\n- seminarium dla przedstawicieli instytucji zainteresowanych dzia\u0142aniami w \u015brodowisku migrant\u00f3w-obywateli Ukrainy \u201dPrzedsi\u0119biorczo\u015b\u0107 migrant\u00f3w\u201d (\u0141\u00f3d\u017a, XI.2020)<br \/>\n- peer review - recenzja akcji pilota\u017cowej przeprowadzonej w Czechach (maj) i Chorwacji (czerwiec)<br \/>\n- akcja pilota\u017cowa w wojew\u00f3dztwie \u0142\u00f3dzkim: zdalny kurs j\u0119zyka ukrai\u0144skiego dla 36 pracownik\u00f3w jednostek publicznych (powiatowe urz\u0119dy pracy, jednostki samorz\u0105du terytorialnego i ich wyspecjalizowane agendy zajmuj\u0105ce si\u0119 problematyk\u0105 migrant\u00f3w-obywateli Ukrainy)<br \/>\n- akcja pilota\u017cowa \u2013 udzielanie 264 porad prawnych dla obywateli spoza Unii Europejskiej, g\u0142\u00f3wnie z\u00a0Ukrainy<br \/>\n- organizacja wydarzenia promocyjnego w dniu 06.07.2021r.- wr\u0119czenie certyfikat\u00f3w uczestnikom kursu j\u0119zykowego (36 uczestnik\u00f3w i uczestniczek z 10 instytucji, z 7 powiat\u00f3w wojew\u00f3dztwa \u0142\u00f3dzkiego)<br \/>\n- Warsztaty mi\u0119dzynarodowe w formie hybrydowej zorganizowane w Osijek, dotycz\u0105ce przeprowadzonych akcji pilota\u017cowych przez poszczeg\u00f3lnych partner\u00f3w (IX.2021)<br \/>\n- przygotowanie dw\u00f3ch film\u00f3w promocyjnych, kt\u00f3rych celem by\u0142a prezentacja przyk\u0142ad\u00f3w migrant\u00f3w - np. obywateli Ukrainy, kt\u00f3rzy skutecznie zintegrowali si\u0119 w spo\u0142ecze\u0144stwie polskim<br \/>\n- promocj\u0119 dzia\u0142a\u0144 w ramach projektu na stronie Facebook LodzkieHouse, stronie internetowej <a href=\"http:\/\/www.bruksela.lodzkie.pl\">bruksela.lodzkie.pl<\/a> ze szczeg\u00f3lnym uwzgl\u0119dnieniem publikacji i promocji materia\u0142\u00f3w do samodzielnej nauki j\u0119zyka ukrai\u0144skiego<br \/>\n- Konferencja na zako\u0144czenie projektu, kt\u00f3ra odby\u0142a si\u0119 3 marca 2022 roku w Filharmonii \u0141\u00f3dzkiej, podczas kt\u00f3rej zaprezentowany zosta\u0142 zestaw narz\u0119dzi tzw. \u201etool box\u201d, zrealizowany w ramach projektu ARRIVAL REGIONS, maj\u0105cy pom\u00f3c w\u0142adzom publicznym w efektywnej integracji imigrant\u00f3w na obszarach wiejskich i miejskich. Prezentacja dokumentacji badawczej opracowanej w ramach projektu, prezentacja filmu przedstawiaj\u0105cego rezultaty projektu promuj\u0105cego tolerancj\u0119 i\u00a0integracj\u0119<br \/>\n- promocja dzia\u0142a\u0144 w ramach projektu na stronie Facebook Lodzkie House, stronie internetowej <a href=\"http:\/\/www.bruksela.lodzkie.pl\">bruksela.lodzkie.pl<\/a>, na podstronie<a href=\"https:\/\/www.interreg-central.eu\/Content.Node\/Arrival-Regions.html\"> https:\/\/www.interreg-central.eu\/Content.Node\/Arrival-Regions.html<\/a><strong>.<\/strong><br \/>\n- Udzia\u0142 w Europejskim Forum Gospodarczym, prowadzenie panelu na temat sytuacji migrant\u00f3w na rynku pracy w W\u0141<br \/>\n- Finalne opracowanie dla Komisji Europejskiej nt. innowacji spo\u0142ecznych w integracji migrant\u00f3w (ze\u00a0szczeg\u00f3lnym uwzgl\u0119dnieniem do\u015bwiadcze\u0144 partner\u00f3w, pochodz\u0105cych z przeprowadzonych akcji pilota\u017cowych)<\/p>\n<p><strong>&nbsp;<\/strong><\/p>\n<\/div><\/div><\/div><\/div><\/div><\/section><\/div><\/div><\/section>\n","protected":false},"excerpt":{"rendered":"<p>Cel projektuCelem projektu ARRIVAL REGIONS by\u0142o budowanie i wzmacnianie wsp\u00f3\u0142pracy z organizacjami zajmuj\u0105cymi si\u0119 problemami migrant\u00f3w, spo\u015br\u00f3d kt\u00f3rych najwi\u0119ksz\u0105 grup\u0119 w\u00a0wojew\u00f3dztwie \u0142\u00f3dzkim stanowi\u0105 obywatele Ukrainy. W projekcie ARRIVAL REGIONS przedstawiciele \u015brodowiska naukowego, biznesu, organizacje spo\u0142eczne, jednostki samorz\u0105du terytorialnego i ich jednostki organizacyjne maj\u0105 mo\u017cliwo\u015b\u0107 nawi\u0105zania wsp\u00f3\u0142pracy w celu diagnozy potrzeb obywateli Ukrainy oraz wypracowanie modelowych [&hellip;]<\/p>\n","protected":false},"author":12,"featured_media":0,"parent":1435,"menu_order":0,"comment_status":"closed","ping_status":"closed","template":"","meta":{"_acf_changed":false,"footnotes":""},"class_list":["post-6882","page","type-page","status-publish","hentry"],"acf":[],"_links":{"self":[{"href":"https:\/\/bruksela.lodzkie.pl\/fr\/wp-json\/wp\/v2\/pages\/6882","targetHints":{"allow":["GET"]}}],"collection":[{"href":"https:\/\/bruksela.lodzkie.pl\/fr\/wp-json\/wp\/v2\/pages"}],"about":[{"href":"https:\/\/bruksela.lodzkie.pl\/fr\/wp-json\/wp\/v2\/types\/page"}],"author":[{"embeddable":true,"href":"https:\/\/bruksela.lodzkie.pl\/fr\/wp-json\/wp\/v2\/users\/12"}],"replies":[{"embeddable":true,"href":"https:\/\/bruksela.lodzkie.pl\/fr\/wp-json\/wp\/v2\/comments?post=6882"}],"version-history":[{"count":19,"href":"https:\/\/bruksela.lodzkie.pl\/fr\/wp-json\/wp\/v2\/pages\/6882\/revisions"}],"predecessor-version":[{"id":8858,"href":"https:\/\/bruksela.lodzkie.pl\/fr\/wp-json\/wp\/v2\/pages\/6882\/revisions\/8858"}],"up":[{"embeddable":true,"href":"https:\/\/bruksela.lodzkie.pl\/fr\/wp-json\/wp\/v2\/pages\/1435"}],"wp:attachment":[{"href":"https:\/\/bruksela.lodzkie.pl\/fr\/wp-json\/wp\/v2\/media?parent=6882"}],"curies":[{"name":"wp","href":"https:\/\/api.w.org\/{rel}","templated":true}]}}