{"id":7024,"date":"2019-10-17T16:05:57","date_gmt":"2019-10-17T14:05:57","guid":{"rendered":"https:\/\/bruksela.lodzkie.pl\/?page_id=7024"},"modified":"2020-02-19T09:38:06","modified_gmt":"2020-02-19T08:38:06","slug":"vii-kongres-biogospodarki-wojewodztwo-lodzkie-potwierdza-potencjal-rozwoju-srebrnej-gospodarki","status":"publish","type":"page","link":"https:\/\/bruksela.lodzkie.pl\/fr\/vii-kongres-biogospodarki-wojewodztwo-lodzkie-potwierdza-potencjal-rozwoju-srebrnej-gospodarki\/","title":{"rendered":"(Polski) VII Kongres Biogospodarki- Wojew\u00f3dztwo \u0141\u00f3dzkie potwierdza potencja\u0142 rozwoju srebrnej gospodarki"},"content":{"rendered":"<p class=\"qtranxs-available-languages-message qtranxs-available-languages-message-fr\">D\u00e9sol\u00e9, cet article est seulement disponible en <a href=\"https:\/\/bruksela.lodzkie.pl\/pl\/wp-json\/wp\/v2\/pages\/7024\" class=\"qtranxs-available-language-link qtranxs-available-language-link-pl\" title=\"Polski\">Polski<\/a> et <a href=\"https:\/\/bruksela.lodzkie.pl\/en\/wp-json\/wp\/v2\/pages\/7024\" class=\"qtranxs-available-language-link qtranxs-available-language-link-en\" title=\"English\">English<\/a>.<\/p>","protected":false},"excerpt":{"rendered":"<p>D\u00e9sol\u00e9, cet article est seulement disponible en Polski et English.<\/p>\n","protected":false},"author":13,"featured_media":0,"parent":0,"menu_order":0,"comment_status":"closed","ping_status":"closed","template":"","meta":{"_acf_changed":false,"footnotes":""},"class_list":["post-7024","page","type-page","status-publish","hentry"],"acf":[],"_links":{"self":[{"href":"https:\/\/bruksela.lodzkie.pl\/fr\/wp-json\/wp\/v2\/pages\/7024","targetHints":{"allow":["GET"]}}],"collection":[{"href":"https:\/\/bruksela.lodzkie.pl\/fr\/wp-json\/wp\/v2\/pages"}],"about":[{"href":"https:\/\/bruksela.lodzkie.pl\/fr\/wp-json\/wp\/v2\/types\/page"}],"author":[{"embeddable":true,"href":"https:\/\/bruksela.lodzkie.pl\/fr\/wp-json\/wp\/v2\/users\/13"}],"replies":[{"embeddable":true,"href":"https:\/\/bruksela.lodzkie.pl\/fr\/wp-json\/wp\/v2\/comments?post=7024"}],"version-history":[{"count":0,"href":"https:\/\/bruksela.lodzkie.pl\/fr\/wp-json\/wp\/v2\/pages\/7024\/revisions"}],"wp:attachment":[{"href":"https:\/\/bruksela.lodzkie.pl\/fr\/wp-json\/wp\/v2\/media?parent=7024"}],"curies":[{"name":"wp","href":"https:\/\/api.w.org\/{rel}","templated":true}]}}