{"id":7727,"date":"2020-08-04T15:31:44","date_gmt":"2020-08-04T13:31:44","guid":{"rendered":"https:\/\/bruksela.lodzkie.pl\/?page_id=7727"},"modified":"2020-08-04T15:45:38","modified_gmt":"2020-08-04T13:45:38","slug":"spotkanie-regionalne-grupy-task4","status":"publish","type":"page","link":"https:\/\/bruksela.lodzkie.pl\/fr\/nasze-projekty\/i-care-smart-lodzkie\/spotkanie-regionalne-grupy-task4\/","title":{"rendered":"(Polski) Spotkanie regionalne \u2013 grupy TASK4"},"content":{"rendered":"<section ><div class=\"container\"><div class=\"row\"><div class=\"wpb_column vc_column_container col-sm-12  col-xs-mobile-fullwidth\"><div class=\"vc-column-innner-wrapper\"><div class=\"wpd-innner-wrapper\"><p>&nbsp;<\/p>\n<p>23.07.2020 r. odby\u0142o si\u0119 pierwsze spotkanie regionalne grupy TASK4 w ramach projektu \u201eInnowacyjny ekosystem w zakresie inteligentnej opieki nad osobami starszymi\u201d (I-CARE-SMART), w kt\u00f3rym uczestniczyli przedstawiciele Fundacji System Aktywizacji Seniora, Fundacji Misja Medyczna oraz Regionalnego Centrum Polityki Spo\u0142ecznej w \u0141odzi.<\/p>\n<p>W trakcie spotkania:<\/p>\n<p>1. zaprezentowano zasady wsp\u00f3\u0142pracy w ramach grupy doradczej, przedstawiono korzy\u015bci z uczestnictwa w grupie roboczej TASK4,<\/p>\n<p>2. przedstawiono wyniki dotychczasowych analiz przygotowanych w projekcie I-CARE-SMART, dotycz\u0105cych potrzeb os\u00f3b starszych oraz potencja\u0142u sektora biznesuz wojew\u00f3dztwa \u0142\u00f3dzkiego,<\/p>\n<p>3. przedstawiono za\u0142o\u017cenia dokument\u00f3w, kt\u00f3re maj\u0105 zosta\u0107 opracowane w dalszym toku realizacji projektu \u2013 \u201eMapy Drogowej\u201d , \u201eOceny potrzeb senior\u00f3w i potencja\u0142u dla rozwoju biznesu w tematyce srebrnej gospodarki\u201d, Regionalnego Planu Dzia\u0142a\u0144,<\/p>\n<p>4. podzielono si\u0119 wnioskami z uczestnictwa w warsztatach zorganizowanych przez partnera z Niemiec, w formule on-line w dn. 16, 23 i 30 czerwca, kt\u00f3rych tematyka dotyczy\u0142a:<\/p>\n<ul>\n<li>CO-CREATION - metod wsp\u00f3\u0142tworzenia innowacji,<\/li>\n<li>SENIOR ENGAGEMENT - potrzeb senior\u00f3w i mo\u017cliwo\u015bci ich aktywizowania,<\/li>\n<li>BUSINESS ENGAGEMENT- sposob\u00f3w anga\u017cowania biznesu,<\/li>\n<\/ul>\n<p>5. przedstawiono plan kolejnych dzia\u0142a\u0144 i uzgodniono harmonogram kolejnych spotka\u0144 roboczych.<\/p>\n<p>Podczas rozmowy&nbsp; zauwa\u017cono, i\u017c osoby starsze, kt\u00f3re zmagaj\u0105 si\u0119 z r\u00f3\u017cnego rodzaju problemami, nie tylko zdrowotnymi, nale\u017cy zaopatrywa\u0107 w profesjonaln\u0105 pomoc w miejscu ich zamieszkania. Obszar ten wymaga jeszcze wielu dzia\u0142a\u0144 wspieraj\u0105cych. Samotne osoby starsze potrzebuj\u0105 pomocy<br \/>\nw rozwi\u0105zywaniu wielu r\u00f3\u017cnych trudno\u015bci zwi\u0105zanych np. z bie\u017c\u0105cymi rachunkami, zawieraniem i negocjowaniem um\u00f3w (chocia\u017cby na zakup energii elektrycznej, us\u0142ug telekomunikacyjnych). Wa\u017cne jest te\u017c, aby wspom\u00f3c seniora w procesie nawi\u0105zania kontaktu i relacji z otoczeniem. Do\u015bwiadczenie obecnej pandemii pokaza\u0142o jak bardzo trudno jest pozosta\u0107 w domu, pracowa\u0107 i zachowa\u0107 zdrowie psychiczne.&nbsp; Osoby starsze, schorowane, ze wzgl\u0119du na ograniczenia ruchowe i np. brak windy w bloku cz\u0119sto przez wiele lat do\u015bwiadczaj\u0105 takiej sytuacji. Wa\u017cne jest aby wspiera\u0107 senior\u00f3w nie tylko pod wzgl\u0119dem zaopatrzenia (dostarczanie \u017cywno\u015bci, lek\u00f3w) ale tak\u017ce ubogaca\u0107 ich \u017cycie towarzyskie. Kontakt z drug\u0105 osob\u0105 jest bowiem niezb\u0119dnym elementem \u017cycia spo\u0142ecznego. Jedn\u0105 z mo\u017cliwo\u015bci jest kontakt online. W celu zapewnienia takich relacji nale\u017cy jednak pami\u0119ta\u0107 o spe\u0142nieniu trzech warunk\u00f3w: posiadaniu szybkiego \u0142\u0105cza Internetu, sprawnego sprz\u0119tu i umiej\u0119tno\u015bci korzystania z niego. Seniorzy niestety s\u0105 t\u0105 grup\u0105, kt\u00f3ra jest wykluczona cyfrowo i wymaga wsparcia zar\u00f3wno instytucjonalnego, jak te\u017c s\u0105siedzkiego czy te\u017c pomocy najbli\u017cszych w tym obszarze. Nie bez znaczenia jest tak\u017ce pomoc mi\u0119dzypokoleniowa, w kt\u00f3rej uczestnicy spotkania Task4 upatruj\u0105 szans\u0119 na integracj\u0119 i popraw\u0119 sytuacji senior\u00f3w. Podczas dyskusji zaproponowano tak\u017ce w\u0142\u0105czenie do grupy doradczej w projekcie I-CARE-SMART przedstawicieli jednostek samorz\u0105du terytorialnego, kt\u00f3rzy mog\u0105 zapocz\u0105tkowa\u0107 lokalne dzia\u0142ania wspieraj\u0105ce senior\u00f3w.<\/p>\n<p>Kolejne spotkanie grupy TASK4 zaplanowano na prze\u0142omie sierpnia i wrze\u015bnia.&nbsp; Celem spotkania b\u0119dzie wybranie 2-3 propozycji rozwi\u0105za\u0144 biznesowych b\u0119d\u0105cych odpowiedzi\u0105 na zdiagnozowane podczas realizacji projektu potrzeby senior\u00f3w. Zostan\u0105 one zawarte w raporcie \u201eOcena potrzeb senior\u00f3w i potencja\u0142u dla rozwoju biznesu w tematyce srebrnej gospodarki\u201d. Wybrana forma warsztat\u00f3w i dyskusji ma pozwoli\u0107 uczestnikom na praktyczne zastosowanie omawianych podczas warsztat\u00f3w online modeli marketingowych: Business Model Canvas i Value Proposition Canvas.<\/p>\n<p>Przypominamy, \u017ce grupa doradcza Task4 w projekcie I-CARE-SMART jest nadal otwarta dla nowych cz\u0142onk\u00f3w.<\/p>\n<p>Zgodnie z za\u0142o\u017ceniami projektu grup\u0119 doradcz\u0105 TASK4 tworz\u0105 przedstawiciele organizacji pracuj\u0105cych nad rozwi\u0105zaniami dla os\u00f3b starszych, przeprowadzaj\u0105cymi badania, przedstawiciele gmin i powiat\u00f3w, a tak\u017ce organizacji reprezentuj\u0105cych opiekun\u00f3w senior\u00f3w oraz aktywist\u00f3w spo\u0142ecznych.<\/p>\n<p>Zapraszamy do udzia\u0142u w kolejnych spotkaniach grupy TASK4:<\/p>\n<ul>\n<li>przedstawicieli organizacji pracuj\u0105cych nad rozwi\u0105zaniami dla os\u00f3b starszych,<\/li>\n<li>przedstawicieli organizacji skupiaj\u0105cych senior\u00f3w,<\/li>\n<li>osoby pracuj\u0105ce w sektorze pomocy spo\u0142ecznej i opieki zdrowotnej.<\/li>\n<\/ul>\n<p>Prosimy o uzupe\u0142nienie <a href=\"https:\/\/bruksela.lodzkie.pl\/wp-content\/uploads\/2020\/08\/Formularz-do-grupy-TASK4.docx\">zamieszczonego formularza<\/a> i przes\u0142anie na adres e-mail: <a href=\"mailto:projekty.miedzynarodowe@lodzkie.pl\">projekty.miedzynarodowe@lodzkie.pl<\/a><\/p>\n<p>[Best_Wordpress_Gallery id=\"53\" gal_title=\"i-care 07.2020\"]<\/p>\n<\/div><\/div><\/div><\/div><\/div><\/section><section><div class=\"container\"><div class=\"row\"><div class=\"wpb_column vc_column_container col-sm-12  col-xs-mobile-fullwidth\"><div class=\"vc-column-innner-wrapper\"><div class=\"wpd-innner-wrapper\"><\/div><\/div><\/div><\/div><\/div><\/section>\n","protected":false},"excerpt":{"rendered":"<p>&nbsp; 23.07.2020 r. odby\u0142o si\u0119 pierwsze spotkanie regionalne grupy TASK4 w ramach projektu \u201eInnowacyjny ekosystem w zakresie inteligentnej opieki nad osobami starszymi\u201d (I-CARE-SMART), w kt\u00f3rym uczestniczyli przedstawiciele Fundacji System Aktywizacji Seniora, Fundacji Misja Medyczna oraz Regionalnego Centrum Polityki Spo\u0142ecznej w \u0141odzi. W trakcie spotkania: 1. zaprezentowano zasady wsp\u00f3\u0142pracy w ramach grupy doradczej, przedstawiono korzy\u015bci z [&hellip;]<\/p>\n","protected":false},"author":15,"featured_media":0,"parent":6865,"menu_order":0,"comment_status":"closed","ping_status":"closed","template":"","meta":{"_acf_changed":false,"footnotes":""},"class_list":["post-7727","page","type-page","status-publish","hentry"],"acf":[],"_links":{"self":[{"href":"https:\/\/bruksela.lodzkie.pl\/fr\/wp-json\/wp\/v2\/pages\/7727","targetHints":{"allow":["GET"]}}],"collection":[{"href":"https:\/\/bruksela.lodzkie.pl\/fr\/wp-json\/wp\/v2\/pages"}],"about":[{"href":"https:\/\/bruksela.lodzkie.pl\/fr\/wp-json\/wp\/v2\/types\/page"}],"author":[{"embeddable":true,"href":"https:\/\/bruksela.lodzkie.pl\/fr\/wp-json\/wp\/v2\/users\/15"}],"replies":[{"embeddable":true,"href":"https:\/\/bruksela.lodzkie.pl\/fr\/wp-json\/wp\/v2\/comments?post=7727"}],"version-history":[{"count":4,"href":"https:\/\/bruksela.lodzkie.pl\/fr\/wp-json\/wp\/v2\/pages\/7727\/revisions"}],"predecessor-version":[{"id":7735,"href":"https:\/\/bruksela.lodzkie.pl\/fr\/wp-json\/wp\/v2\/pages\/7727\/revisions\/7735"}],"up":[{"embeddable":true,"href":"https:\/\/bruksela.lodzkie.pl\/fr\/wp-json\/wp\/v2\/pages\/6865"}],"wp:attachment":[{"href":"https:\/\/bruksela.lodzkie.pl\/fr\/wp-json\/wp\/v2\/media?parent=7727"}],"curies":[{"name":"wp","href":"https:\/\/api.w.org\/{rel}","templated":true}]}}