{"id":8342,"date":"2022-02-14T08:08:23","date_gmt":"2022-02-14T07:08:23","guid":{"rendered":"https:\/\/bruksela.lodzkie.pl\/?page_id=8342"},"modified":"2023-11-02T12:20:22","modified_gmt":"2023-11-02T11:20:22","slug":"frontsh1p","status":"publish","type":"page","link":"https:\/\/bruksela.lodzkie.pl\/fr\/frontsh1p\/","title":{"rendered":"(Polski) Prekursorskie podej\u015bcie do systemowych, holistycznych i integracyjnych rozwi\u0105za\u0144 dla nowego paradygmatu terytorialnej gospodarki o obiegu zamkni\u0119tym (FRONTSH1P)"},"content":{"rendered":"<section ><div class=\"container\"><div class=\"row\"><div class=\"wpb_column vc_column_container col-sm-12  col-xs-mobile-fullwidth\"><div class=\"vc-column-innner-wrapper\"><div class=\"wpd-innner-wrapper\"><p><img loading=\"lazy\" decoding=\"async\" class=\"size-medium wp-image-8348 aligncenter\" src=\"https:\/\/bruksela.lodzkie.pl\/wp-content\/uploads\/2022\/02\/ciag-znakow-frontsh1p-kolor-72-dpi-600x80.png\" alt=\"\" width=\"600\" height=\"80\" srcset=\"https:\/\/bruksela.lodzkie.pl\/wp-content\/uploads\/2022\/02\/ciag-znakow-frontsh1p-kolor-72-dpi-600x80.png 600w, https:\/\/bruksela.lodzkie.pl\/wp-content\/uploads\/2022\/02\/ciag-znakow-frontsh1p-kolor-72-dpi-1024x136.png 1024w, https:\/\/bruksela.lodzkie.pl\/wp-content\/uploads\/2022\/02\/ciag-znakow-frontsh1p-kolor-72-dpi-150x20.png 150w, https:\/\/bruksela.lodzkie.pl\/wp-content\/uploads\/2022\/02\/ciag-znakow-frontsh1p-kolor-72-dpi-768x102.png 768w, https:\/\/bruksela.lodzkie.pl\/wp-content\/uploads\/2022\/02\/ciag-znakow-frontsh1p-kolor-72-dpi-1536x205.png 1536w, https:\/\/bruksela.lodzkie.pl\/wp-content\/uploads\/2022\/02\/ciag-znakow-frontsh1p-kolor-72-dpi-2048x273.png 2048w, https:\/\/bruksela.lodzkie.pl\/wp-content\/uploads\/2022\/02\/ciag-znakow-frontsh1p-kolor-72-dpi-1200x160.png 1200w\" sizes=\"auto, (max-width: 600px) 100vw, 600px\" \/><\/p>\n<\/div><\/div><\/div><\/div><\/div><\/section><section><div class=\"container\"><div class=\"row\"><div class=\"wpb_column vc_column_container col-sm-12  col-xs-mobile-fullwidth\"><div class=\"vc-column-innner-wrapper\"><div class=\"wpd-innner-wrapper\"><div class=\"margin-ten no-margin-lr clearfix\"><h1 class=\"alt-font heading-style1 brando_heading_1644822573-2-56\">O PROJEKCIE<\/h1><\/div><p style=\"text-align: justify\">Projekt FRONTSH1P uzyska\u0142 dofinansowanie w ramach Programu Horyzont 2020, konkurs: H2020-LC-GD-2020 pn. \u201eBuilding a low-carbon, climate resilient future: Research and Innovation in suport of the European Green Deal\u201d.<br \/>\nCelem projektu jest wspieranie rozwoju gospodarki obiegu zamkni\u0119tego poprzez dostarczanie systemowych rozwi\u0105za\u0144, kt\u00f3re nie tylko odegraj\u0105 istotn\u0105 rol\u0119 w odbudowie po negatywnym spo\u0142eczno-gospodarczym i \u015brodowiskowym wp\u0142ywie kryzysu spowodowanego pandemi\u0105 COVID-19, lecz r\u00f3wnie\u017c wzmocni\u0105 regionaln\u0105 transformacj\u0119, a tym samym zr\u00f3wnowa\u017cenie \u015brodowiskowe, tworzenie nowych miejsc pracy i w\u0142\u0105czenie spo\u0142eczne.<br \/>\nPonadto, zaplanowano powielenie wypracowanych w mi\u0119dzynarodowym partnerstwie propozycji rozwi\u0105za\u0144 dla Wojew\u00f3dztwa \u0141\u00f3dzkiego do czterech innych europejskich region\u00f3w: Campania (W\u0142ochy), Stere\u00e1 Ell\u00e1da (Grecja), Regi\u00e3o do Norte (Portugalia) i Friesland (Holandia).<\/p>\n<p>&nbsp;<\/p>\n<div class=\"margin-ten no-margin-lr clearfix\"><h1 class=\"alt-font heading-style1 brando_heading_1644822668-2-77\">partnerstwo<\/h1><\/div><p>W projekcie bierze udzia\u0142 34. regionalnych, krajowych i zagranicznych partner\u00f3w, reprezentuj\u0105cych sektory: naukowy, spo\u0142eczny, prywatny i publiczny.<\/p>\n<p>&nbsp;<\/p>\n<div class=\"margin-ten no-margin-lr clearfix\"><h1 class=\"alt-font heading-style1 brando_heading_1644822720-2-97\">finansowanie<\/h1><\/div><p>Ca\u0142kowity bud\u017cet projektu: 18 968 452,50 Euro<\/p>\n<p>&nbsp;<\/p>\n<div class=\"margin-ten no-margin-lr clearfix\"><h1 class=\"alt-font heading-style1 brando_heading_1644822748-2-42\">okres realizacji<\/h1><\/div><p>listopad 2021 \u2013 pa\u017adziernik 2025<\/p>\n<\/div><\/div><\/div><\/div><\/div><\/section>\n","protected":false},"excerpt":{"rendered":"<p>O PROJEKCIEProjekt FRONTSH1P uzyska\u0142 dofinansowanie w ramach Programu Horyzont 2020, konkurs: H2020-LC-GD-2020 pn. \u201eBuilding a low-carbon, climate resilient future: Research and Innovation in suport of the European Green Deal\u201d. Celem projektu jest wspieranie rozwoju gospodarki obiegu zamkni\u0119tego poprzez dostarczanie systemowych rozwi\u0105za\u0144, kt\u00f3re nie tylko odegraj\u0105 istotn\u0105 rol\u0119 w odbudowie po negatywnym spo\u0142eczno-gospodarczym i \u015brodowiskowym wp\u0142ywie [&hellip;]<\/p>\n","protected":false},"author":15,"featured_media":0,"parent":0,"menu_order":0,"comment_status":"closed","ping_status":"closed","template":"","meta":{"_acf_changed":false,"footnotes":""},"class_list":["post-8342","page","type-page","status-publish","hentry"],"acf":[],"_links":{"self":[{"href":"https:\/\/bruksela.lodzkie.pl\/fr\/wp-json\/wp\/v2\/pages\/8342","targetHints":{"allow":["GET"]}}],"collection":[{"href":"https:\/\/bruksela.lodzkie.pl\/fr\/wp-json\/wp\/v2\/pages"}],"about":[{"href":"https:\/\/bruksela.lodzkie.pl\/fr\/wp-json\/wp\/v2\/types\/page"}],"author":[{"embeddable":true,"href":"https:\/\/bruksela.lodzkie.pl\/fr\/wp-json\/wp\/v2\/users\/15"}],"replies":[{"embeddable":true,"href":"https:\/\/bruksela.lodzkie.pl\/fr\/wp-json\/wp\/v2\/comments?post=8342"}],"version-history":[{"count":7,"href":"https:\/\/bruksela.lodzkie.pl\/fr\/wp-json\/wp\/v2\/pages\/8342\/revisions"}],"predecessor-version":[{"id":8708,"href":"https:\/\/bruksela.lodzkie.pl\/fr\/wp-json\/wp\/v2\/pages\/8342\/revisions\/8708"}],"wp:attachment":[{"href":"https:\/\/bruksela.lodzkie.pl\/fr\/wp-json\/wp\/v2\/media?parent=8342"}],"curies":[{"name":"wp","href":"https:\/\/api.w.org\/{rel}","templated":true}]}}