{"id":8527,"date":"2022-08-05T12:13:25","date_gmt":"2022-08-05T10:13:25","guid":{"rendered":"https:\/\/bruksela.lodzkie.pl\/?page_id=8527"},"modified":"2023-05-15T10:35:05","modified_gmt":"2023-05-15T08:35:05","slug":"2022-2","status":"publish","type":"page","link":"https:\/\/bruksela.lodzkie.pl\/fr\/2022-2\/","title":{"rendered":"2022"},"content":{"rendered":"<section ><div class=\"container\"><div class=\"row\"><div class=\"wpb_column vc_column_container col-sm-12  col-xs-mobile-fullwidth\"><div class=\"vc-column-innner-wrapper\"><div class=\"wpd-innner-wrapper\"><p>&nbsp;<\/p>\n<p><strong>Jak zapami\u0119tamy jubileuszow\u0105 edycj\u0119 XV Europejskiego Forum Gospodarczego \u2013 \u0141\u00f3dzkie 2022?\u00a0<\/strong><\/p>\n<p>W\u00a0naszej pami\u0119ci zapisz\u0105 si\u0119 przede wszystkim:<\/p>\n<p>-fantastyczna frekwencja \u2013 ponad 5000 uczestnik\u00f3w,<br \/>\n-inspiruj\u0105ce dyskusje o\u00a0biznesie w\u00a0erze innowacji,<br \/>\n-owocne spotkania z\u00a0przedsi\u0119biorcami.<\/p>\n<p>Jeste\u015bmy dumni z\u00a0rosn\u0105cej z\u00a0roku na\u00a0rok frekwencji i\u00a0cieszymy si\u0119, \u017ce\u00a0coraz wi\u0119cej os\u00f3b chce dyskutowa\u0107 na\u00a0temat rozwoju naszego regionu.<\/p>\n<p>Nie uda\u0142o Ci si\u0119 dotrze\u0107 na wszystkie panele dyskusyjne? Nic straconego! Retransmisje z najwa\u017cniejszych wyst\u0105pie\u0144 oraz galeri\u0119 zdj\u0119\u0107 obejrzysz w serwisie <a href=\"https:\/\/forum.lodzkie.pl\/zapraszamy-na-xvi-europejskie-forum-gospodarcze-lodzkie-2023\/\">Europejskiego Forum Gospodarczego<\/a><\/p>\n<\/div><\/div><\/div><\/div><\/div><\/section>\n","protected":false},"excerpt":{"rendered":"<p>&nbsp; Jak zapami\u0119tamy jubileuszow\u0105 edycj\u0119 XV Europejskiego Forum Gospodarczego \u2013 \u0141\u00f3dzkie 2022?\u00a0 W\u00a0naszej pami\u0119ci zapisz\u0105 si\u0119 przede wszystkim: -fantastyczna frekwencja \u2013 ponad 5000 uczestnik\u00f3w, -inspiruj\u0105ce dyskusje o\u00a0biznesie w\u00a0erze innowacji, -owocne spotkania z\u00a0przedsi\u0119biorcami. Jeste\u015bmy dumni z\u00a0rosn\u0105cej z\u00a0roku na\u00a0rok frekwencji i\u00a0cieszymy si\u0119, \u017ce\u00a0coraz wi\u0119cej os\u00f3b chce dyskutowa\u0107 na\u00a0temat rozwoju naszego regionu. Nie uda\u0142o Ci si\u0119 dotrze\u0107 na [&hellip;]<\/p>\n","protected":false},"author":15,"featured_media":0,"parent":0,"menu_order":0,"comment_status":"closed","ping_status":"closed","template":"","meta":{"_acf_changed":false,"footnotes":""},"class_list":["post-8527","page","type-page","status-publish","hentry"],"acf":[],"_links":{"self":[{"href":"https:\/\/bruksela.lodzkie.pl\/fr\/wp-json\/wp\/v2\/pages\/8527","targetHints":{"allow":["GET"]}}],"collection":[{"href":"https:\/\/bruksela.lodzkie.pl\/fr\/wp-json\/wp\/v2\/pages"}],"about":[{"href":"https:\/\/bruksela.lodzkie.pl\/fr\/wp-json\/wp\/v2\/types\/page"}],"author":[{"embeddable":true,"href":"https:\/\/bruksela.lodzkie.pl\/fr\/wp-json\/wp\/v2\/users\/15"}],"replies":[{"embeddable":true,"href":"https:\/\/bruksela.lodzkie.pl\/fr\/wp-json\/wp\/v2\/comments?post=8527"}],"version-history":[{"count":3,"href":"https:\/\/bruksela.lodzkie.pl\/fr\/wp-json\/wp\/v2\/pages\/8527\/revisions"}],"predecessor-version":[{"id":8696,"href":"https:\/\/bruksela.lodzkie.pl\/fr\/wp-json\/wp\/v2\/pages\/8527\/revisions\/8696"}],"wp:attachment":[{"href":"https:\/\/bruksela.lodzkie.pl\/fr\/wp-json\/wp\/v2\/media?parent=8527"}],"curies":[{"name":"wp","href":"https:\/\/api.w.org\/{rel}","templated":true}]}}