{"id":8530,"date":"2022-08-05T12:13:25","date_gmt":"2022-08-05T10:13:25","guid":{"rendered":"https:\/\/bruksela.lodzkie.pl\/?page_id=8530"},"modified":"2025-06-23T15:37:30","modified_gmt":"2025-06-23T13:37:30","slug":"2020-2","status":"publish","type":"page","link":"https:\/\/bruksela.lodzkie.pl\/fr\/2020-2\/","title":{"rendered":"2020"},"content":{"rendered":"<section ><div class=\"container\"><div class=\"row\"><div class=\"wpb_column vc_column_container col-sm-12  col-xs-mobile-fullwidth\"><div class=\"vc-column-innner-wrapper\"><div class=\"wpd-innner-wrapper\"><p style=\"text-align: left;\">\n<p style=\"text-align: left;\"><strong>Europejskie Forum Gospodarcze - \u0141\u00f3dzkie 2020<\/strong><\/p>\n<p style=\"text-align: left;\">2-4 grudnia 2020 r.<\/p>\n<p style=\"text-align: left;\">Trzynasta edycja Europejskiego Forum Gospodarczego, ze wzgl\u0119du na sytuacje epidemiologiczn\u0105 w kraju, odby\u0142a si\u0119 w formule online.<\/p>\n<p style=\"text-align: left;\">Trzydniowy program wydarzenia sk\u0142ada\u0142 si\u0119 z szesnastu sesji panelowych z udzia\u0142em ponad 100 prelegent\u00f3w i go\u015bci specjalnych.<\/p>\n<p style=\"text-align: left;\">Podczas Forum przedsi\u0119biorcy, eksperci, samorz\u0105dowcy i przedstawiciele rz\u0105du rozmawiali o rynku pracy po pandemii, innowacjach w logistyce oraz o roli instytucji po\u015brednicz\u0105cych w walce z Covid-19. W\u015br\u00f3d temat\u00f3w XIII Europejskiego Forum Gospodarczego \u2013 \u0141\u00f3dzkie 2020 by\u0142y r\u00f3wnie\u017c: biznes 4.0, inwestycje infrastrukturalne, franczyza, ekoprojektowanie, organizowanie webinar\u00f3w, innowacje w logistyce, rozw\u00f3j sieci 5G, szkolnictwo zawodowe, ekonomia spo\u0142eczna, praktyki Green HRM czy zarz\u0105dzanie VUCA.<\/p>\n<p style=\"text-align: left;\">Trzeci dzie\u0144 po\u015bwi\u0119cono w ca\u0142o\u015bci innowacjom, organizuj\u0105c Lodzkie Innovation Days. Tego dnia swoimi praktykami dzieli\u0142y si\u0119 zar\u00f3wno do\u015bwiadczone firmy, wykorzystuj\u0105ce innowacje w swojej codziennej dzia\u0142alno\u015bci, jak i pocz\u0105tkuj\u0105ce start-upy, kt\u00f3re dopiero wchodz\u0105 na rynek. Podczas sesji pitchingowej, zaprezentowa\u0142o si\u0119 dziewi\u0119\u0107 m\u0142odych przedsi\u0119biorstw, kt\u00f3re walczy\u0142y o statuetk\u0119 I edycji Ku\u017ani Pomys\u0142\u00f3w.<\/p>\n<p style=\"text-align: left;\">Bardzo wa\u017cnym punktem Forum by\u0142a organizowana corocznie gala Nagrody Gospodarczej Wojew\u00f3dztwa \u0141\u00f3dzkiego \u201eBiznes na PLUS\u201d. Podczas wieczornej uroczysto\u015bci og\u0142oszono laureat\u00f3w sze\u015bciu kategorii konkursowych oraz zwyci\u0119zc\u0119 statuetki \u201eBiznes na PLUS\u201d przyznanej przez Zarz\u0105d Wojew\u00f3dztwa \u0141\u00f3dzkiego za ca\u0142okszta\u0142t dzia\u0142alno\u015bci.<\/p>\n<p style=\"text-align: left;\">Trzynasta edycja Europejskiego Forum Gospodarczego - zgodnie z oczekiwaniami - by\u0142a aren\u0105 wymiany do\u015bwiadcze\u0144, prezentacji innowacji oraz przestrzeni\u0105 nawi\u0105zywania nowych kontakt\u00f3w i zdobywania potencjalnych klient\u00f3w. Organizatorzy zgromadzili wybitnych ekspert\u00f3w i praktyk\u00f3w zarz\u0105dzania, dzi\u0119ki kt\u00f3rym program Forum pozwoli\u0142 spojrze\u0107 na wyzwania wsp\u00f3\u0142czesnej gospodarki z r\u00f3\u017cnych perspektyw wyznaczaj\u0105cych po\u017c\u0105dane kierunki rozwoju regionu i firm, kt\u00f3re tworz\u0105 jego \u015brodowisko gospodarcze.<\/p>\n<\/div><\/div><\/div><\/div><\/div><\/section>\n","protected":false},"excerpt":{"rendered":"<p>Europejskie Forum Gospodarcze &#8211; \u0141\u00f3dzkie 2020 2-4 grudnia 2020 r. Trzynasta edycja Europejskiego Forum Gospodarczego, ze wzgl\u0119du na sytuacje epidemiologiczn\u0105 w kraju, odby\u0142a si\u0119 w formule online. Trzydniowy program wydarzenia sk\u0142ada\u0142 si\u0119 z szesnastu sesji panelowych z udzia\u0142em ponad 100 prelegent\u00f3w i go\u015bci specjalnych. Podczas Forum przedsi\u0119biorcy, eksperci, samorz\u0105dowcy i przedstawiciele rz\u0105du rozmawiali o rynku [&hellip;]<\/p>\n","protected":false},"author":15,"featured_media":0,"parent":0,"menu_order":0,"comment_status":"closed","ping_status":"closed","template":"","meta":{"_acf_changed":false,"footnotes":""},"class_list":["post-8530","page","type-page","status-publish","hentry"],"acf":[],"_links":{"self":[{"href":"https:\/\/bruksela.lodzkie.pl\/fr\/wp-json\/wp\/v2\/pages\/8530","targetHints":{"allow":["GET"]}}],"collection":[{"href":"https:\/\/bruksela.lodzkie.pl\/fr\/wp-json\/wp\/v2\/pages"}],"about":[{"href":"https:\/\/bruksela.lodzkie.pl\/fr\/wp-json\/wp\/v2\/types\/page"}],"author":[{"embeddable":true,"href":"https:\/\/bruksela.lodzkie.pl\/fr\/wp-json\/wp\/v2\/users\/15"}],"replies":[{"embeddable":true,"href":"https:\/\/bruksela.lodzkie.pl\/fr\/wp-json\/wp\/v2\/comments?post=8530"}],"version-history":[{"count":3,"href":"https:\/\/bruksela.lodzkie.pl\/fr\/wp-json\/wp\/v2\/pages\/8530\/revisions"}],"predecessor-version":[{"id":9147,"href":"https:\/\/bruksela.lodzkie.pl\/fr\/wp-json\/wp\/v2\/pages\/8530\/revisions\/9147"}],"wp:attachment":[{"href":"https:\/\/bruksela.lodzkie.pl\/fr\/wp-json\/wp\/v2\/media?parent=8530"}],"curies":[{"name":"wp","href":"https:\/\/api.w.org\/{rel}","templated":true}]}}