{"id":8688,"date":"2023-05-15T10:24:42","date_gmt":"2023-05-15T08:24:42","guid":{"rendered":"https:\/\/bruksela.lodzkie.pl\/?page_id=8688"},"modified":"2023-11-03T11:23:50","modified_gmt":"2023-11-03T10:23:50","slug":"europejskie-forum-gospodarcze-2023","status":"publish","type":"page","link":"https:\/\/bruksela.lodzkie.pl\/fr\/europejskie-forum-gospodarcze-2023\/","title":{"rendered":"Europejskie Forum Gospodarcze 2023"},"content":{"rendered":"<section ><div class=\"container\"><div class=\"row\"><div class=\"wpb_column vc_column_container col-sm-12  col-xs-mobile-fullwidth\"><div class=\"vc-column-innner-wrapper\"><div class=\"wpd-innner-wrapper\"><p><strong>Europejskie Forum Gospodarcze \u2013 \u0141\u00f3dzkie 2023 ju\u017c za\u00a0nami!<\/strong><\/p>\n<p>Trzy dni Forum by\u0142y czasem bardzo intensywnym: poruszyli\u015bmy tematy zwi\u0105zane z\u00a0rozwojem, innowacjami i\u00a0przysz\u0142o\u015bci\u0105. Byli\u015bmy \u015bwiadkami dyskusji na\u00a0temat nowoczesnych technologii, ekologii, biznesu i\u00a0inwestycji, kt\u00f3re wzbogaci\u0142y nasze spojrzenie na\u00a0\u015bwiat i\u00a0otworzy\u0142y lepsze perspektywy.<\/p>\n<p>Dzi\u0119kujemy wszystkim Partnerom merytorycznym oraz\u00a0Partnerom wspieraj\u0105cym za\u00a0aktywny udzia\u0142, a\u00a0tak\u017ce dzielenie si\u0119 swoj\u0105 wiedz\u0105 i\u00a0do\u015bwiadczeniem. Wasz wk\u0142ad w\u00a0przygotowanie poszczeg\u00f3lnych paneli by\u0142 niezast\u0105piony i\u00a0przyczyni\u0142 si\u0119 do\u00a0sukcesu ca\u0142ego Forum. Pa\u0144stwa zaanga\u017cowanie i\u00a0charyzma pozwoli\u0142y zachowa\u0107 mark\u0119 naszej imprezy oraz\u00a0nada\u0107 jej niepowtarzalny klimat. Jeste\u015bmy wdzi\u0119czni za\u00a0Wasz\u0105 obecno\u015b\u0107 zar\u00f3wno na\u00a0miejscu, jak i\u00a0online.<\/p>\n<p>Ju\u017c dzi\u015b zapraszamy do\u00a0wsp\u00f3\u0142tworzenia kolejnej edycji Forum!<\/p>\n<p>Wi\u0119cej informacji w serwisie <a href=\"https:\/\/forum.lodzkie.pl\/dziekujemy-wszystkim-partnerom\/\">Europejskiego Forum Gospodarczego<\/a><\/p>\n<\/div><\/div><\/div><\/div><\/div><\/section>\n","protected":false},"excerpt":{"rendered":"<p>Europejskie Forum Gospodarcze \u2013 \u0141\u00f3dzkie 2023 ju\u017c za\u00a0nami! Trzy dni Forum by\u0142y czasem bardzo intensywnym: poruszyli\u015bmy tematy zwi\u0105zane z\u00a0rozwojem, innowacjami i\u00a0przysz\u0142o\u015bci\u0105. Byli\u015bmy \u015bwiadkami dyskusji na\u00a0temat nowoczesnych technologii, ekologii, biznesu i\u00a0inwestycji, kt\u00f3re wzbogaci\u0142y nasze spojrzenie na\u00a0\u015bwiat i\u00a0otworzy\u0142y lepsze perspektywy. Dzi\u0119kujemy wszystkim Partnerom merytorycznym oraz\u00a0Partnerom wspieraj\u0105cym za\u00a0aktywny udzia\u0142, a\u00a0tak\u017ce dzielenie si\u0119 swoj\u0105 wiedz\u0105 i\u00a0do\u015bwiadczeniem. Wasz wk\u0142ad w\u00a0przygotowanie [&hellip;]<\/p>\n","protected":false},"author":15,"featured_media":0,"parent":0,"menu_order":0,"comment_status":"closed","ping_status":"closed","template":"","meta":{"_acf_changed":false,"footnotes":""},"class_list":["post-8688","page","type-page","status-publish","hentry"],"acf":[],"_links":{"self":[{"href":"https:\/\/bruksela.lodzkie.pl\/fr\/wp-json\/wp\/v2\/pages\/8688","targetHints":{"allow":["GET"]}}],"collection":[{"href":"https:\/\/bruksela.lodzkie.pl\/fr\/wp-json\/wp\/v2\/pages"}],"about":[{"href":"https:\/\/bruksela.lodzkie.pl\/fr\/wp-json\/wp\/v2\/types\/page"}],"author":[{"embeddable":true,"href":"https:\/\/bruksela.lodzkie.pl\/fr\/wp-json\/wp\/v2\/users\/15"}],"replies":[{"embeddable":true,"href":"https:\/\/bruksela.lodzkie.pl\/fr\/wp-json\/wp\/v2\/comments?post=8688"}],"version-history":[{"count":3,"href":"https:\/\/bruksela.lodzkie.pl\/fr\/wp-json\/wp\/v2\/pages\/8688\/revisions"}],"predecessor-version":[{"id":8709,"href":"https:\/\/bruksela.lodzkie.pl\/fr\/wp-json\/wp\/v2\/pages\/8688\/revisions\/8709"}],"wp:attachment":[{"href":"https:\/\/bruksela.lodzkie.pl\/fr\/wp-json\/wp\/v2\/media?parent=8688"}],"curies":[{"name":"wp","href":"https:\/\/api.w.org\/{rel}","templated":true}]}}